{"id":34652,"date":"2021-05-12T18:07:45","date_gmt":"2021-05-12T16:07:45","guid":{"rendered":"http:\/\/www.libraria-occitana.org\/?post_type=product&#038;p=34652\/"},"modified":"2026-04-29T06:56:41","modified_gmt":"2026-04-29T04:56:41","slug":"carnet-de-notes-cahier-de-repertoire-pour-chabrette","status":"publish","type":"product","link":"https:\/\/www.libraria-occitana.org\/oc\/produch\/carnet-de-notes-cahier-de-repertoire-pour-chabrette\/","title":{"rendered":"Carnet de notes : Cahier de r\u00e9pertoire pour chabrette"},"content":{"rendered":"<p><strong>200 airs pour la chabrette limousine et autres cornemuses du Centre recueillis et choisis par \u00c9ric Montbel et transcrits par Laurence Charrier<\/strong><\/p>\n<p>La chabrette est un remarquable instrument, red\u00e9couvert \u00e0 l&#8217;or\u00e9e des ann\u00e9es 1980, parmi d&#8217;autres cornemuses du Centre de la France et du Massif Central.<br \/>\nAu-del\u00e0 des recherches sur son histoire et sur sa lutherie, la \u00ab chabreta \u00bb s&#8217;est \u00e9galement reconstruite \u00e0 travers un r\u00e9pertoire que son principal r\u00e9novateur, \u00c9ric Montbel, s&#8217;est employ\u00e9 \u00e0 adapter \u00e0 cette cornemuse, jusqu&#8217;ici aussi myst\u00e9rieuse que silencieuse&#8230;<\/p>\n<p>Pr\u00e8s de quarante ann\u00e9es plus tard, dans cette nouvelle \u00e9dition revue et compl\u00e9t\u00e9e, il nous livre plus de deux cents m\u00e9lodies collect\u00e9es aupr\u00e8s des derniers chabretaires de tradition, mais \u00e9galement adapt\u00e9es des r\u00e9pertoires de chants, de violon ou d&#8217;accord\u00e9on du Massif Central ; sans oublier les compositions qui ont permis le renouveau de cet instrument magnifique.<\/p>\n<p>En compl\u00e9ment de cet ouvrage, retrouvez les enregistrements de ces deux cents m\u00e9lodies et des collectages in\u00e9dits sur www.crmtl.fr<\/p>\n<p>L&#8217;auteur et les producteurs souhaitent ainsi que s&#8217;\u00e9largisse demain le cercle des musiciens de cette chabrette sauv\u00e9e du silence&#8230;<\/p>\n","protected":false},"excerpt":{"rendered":"<p>200 airs pour la chabrette limousine et autres cornemuses du Centre recueillis et choisis par \u00c9ric Montbel et transcrits par Laurence Charrier La chabrette est un remarquable instrument, red\u00e9couvert \u00e0 l&#8217;or\u00e9e des ann\u00e9es 1980, parmi d&#8217;autres cornemuses du Centre de la France et du Massif Central. Au-del\u00e0 des recherches sur son histoire et sur sa [&hellip;]<\/p>\n","protected":false},"featured_media":54170,"template":"","meta":{"_acf_changed":false,"_genesis_hide_title":false,"_genesis_hide_breadcrumbs":false,"_genesis_hide_singular_image":false,"_genesis_hide_footer_widgets":false,"_genesis_custom_body_class":"","_genesis_custom_post_class":"","_genesis_layout":""},"product_brand":[],"product_cat":[7133,7191,7193],"product_tag":[],"class_list":{"0":"post-34652","1":"product","2":"type-product","3":"status-publish","4":"has-post-thumbnail","6":"product_cat-libres-oc","7":"product_cat-musica-danca-oc","8":"product_cat-particions-paraulas-de-chancons-oc","9":"pa_auteur-montbel-eric-oc","10":"pa_editeur-aepem-oc","11":"pa_editeur-crmtl-fr-oc","12":"pa_langue-francais-oc","13":"pa_langue-occitan-oc","14":"pa_langue-occitan-lemosin-oc","15":"entry","17":"first","18":"instock","19":"shipping-taxable","20":"purchasable","21":"product-type-simple"},"acf":[],"_links":{"self":[{"href":"https:\/\/www.libraria-occitana.org\/oc\/wp-json\/wp\/v2\/product\/34652","targetHints":{"allow":["GET"]}}],"collection":[{"href":"https:\/\/www.libraria-occitana.org\/oc\/wp-json\/wp\/v2\/product"}],"about":[{"href":"https:\/\/www.libraria-occitana.org\/oc\/wp-json\/wp\/v2\/types\/product"}],"wp:featuredmedia":[{"embeddable":true,"href":"https:\/\/www.libraria-occitana.org\/oc\/wp-json\/wp\/v2\/media\/54170"}],"wp:attachment":[{"href":"https:\/\/www.libraria-occitana.org\/oc\/wp-json\/wp\/v2\/media?parent=34652"}],"wp:term":[{"taxonomy":"product_brand","embeddable":true,"href":"https:\/\/www.libraria-occitana.org\/oc\/wp-json\/wp\/v2\/product_brand?post=34652"},{"taxonomy":"product_cat","embeddable":true,"href":"https:\/\/www.libraria-occitana.org\/oc\/wp-json\/wp\/v2\/product_cat?post=34652"},{"taxonomy":"product_tag","embeddable":true,"href":"https:\/\/www.libraria-occitana.org\/oc\/wp-json\/wp\/v2\/product_tag?post=34652"}],"curies":[{"name":"wp","href":"https:\/\/api.w.org\/{rel}","templated":true}]}}