{"id":34657,"date":"2006-12-28T12:44:49","date_gmt":"2006-12-28T11:44:49","guid":{"rendered":"http:\/\/www.libraria-occitana.org\/?post_type=product&#038;p=34657\/"},"modified":"2026-04-10T04:36:56","modified_gmt":"2026-04-10T02:36:56","slug":"cants-e-musicas-del-pais-de-lodeva","status":"publish","type":"product","link":"https:\/\/www.libraria-occitana.org\/oc\/produch\/cants-e-musicas-del-pais-de-lodeva\/","title":{"rendered":"Cants e musicas del pa\u00eds de Lodeva"},"content":{"rendered":"<p>Ce travail de cr\u00e9ation r\u00e9alis\u00e9 \u00e0 partir d\u2019un r\u00e9pertoire traditionnel occitan comprend 16 chansons recueillies en 1840 par Jules Calvet dans le Pays de Lod\u00e8ve. On peut y entendre des instruments traditionnels occitans (violon, fifre, hautbois, fl\u00fbtes, clarinette, accord\u00e9on diatonique, bodega\u2026) et d\u2019autres provenant de r\u00e9gions du monde plus \u00e9loign\u00e9es.<\/p>\n<p><strong>Titres :<\/strong><br \/>\n1. Marion jost un pomi\u00e8r 2&#8217;53<br \/>\n2. Margarida d&#8217;Aubert 2&#8217;26<br \/>\n3. Las filhetas del barri 1&#8217;45<br \/>\n4. Lo cat se penchena 3&#8217;20<br \/>\n5. La dan\u00e7a dels bufets 3&#8217;38<br \/>\n6. Tres filhas a l&#8217;\u00e8rba se&#8217;n van 2&#8217;41<br \/>\n7. Joan de la Riula 2&#8217;07<br \/>\n8. Mon paire m&#8217;a maridada 3&#8217;16<br \/>\n9. Se&#8217;n an\u00e8ron maire e filha 3&#8217;35<br \/>\n10. Belle brunotte d&#8217;o\u00f9 viens-tu ? 3&#8217;08<br \/>\n11. Divertiguem-nos filhetas 2&#8217;13<br \/>\n12. Las filhas de R\u00f2caf\u00f2rt 2&#8217;03<br \/>\n13. L\u00e8va-te vite Bertomieu 2&#8217;40<br \/>\n14. Las filhas del Pu\u00f2g Lauren\u00e7 2&#8217;22<br \/>\n15. Dan\u00e7a de las trelhas 3&#8217;11<br \/>\n16. Maridan l&#8217;Escriv\u00f2ta 5&#8217;48<\/p>\n","protected":false},"excerpt":{"rendered":"<p>Ce travail de cr\u00e9ation r\u00e9alis\u00e9 \u00e0 partir d\u2019un r\u00e9pertoire traditionnel occitan comprend 16 chansons recueillies en 1840 par Jules Calvet dans le Pays de Lod\u00e8ve. On peut y entendre des instruments traditionnels occitans (violon, fifre, hautbois, fl\u00fbtes, clarinette, accord\u00e9on diatonique, bodega\u2026) et d\u2019autres provenant de r\u00e9gions du monde plus \u00e9loign\u00e9es. Titres : 1. Marion jost [&hellip;]<\/p>\n","protected":false},"featured_media":52334,"template":"","meta":{"_acf_changed":false,"_genesis_hide_title":false,"_genesis_hide_breadcrumbs":false,"_genesis_hide_singular_image":false,"_genesis_hide_footer_widgets":false,"_genesis_custom_body_class":"","_genesis_custom_post_class":"","_genesis_layout":""},"product_brand":[],"product_cat":[16683,7229],"product_tag":[],"class_list":{"0":"post-34657","1":"product","2":"type-product","3":"status-publish","4":"has-post-thumbnail","6":"product_cat-musica-oc","7":"product_cat-novela-tradicion-oc","8":"pa_auteur-la-talvera-oc","9":"pa_editeur-cordae-la-talvera-oc","10":"pa_langue-occitan-lengadocian-oc","11":"pa_langue-occitan-francais-oc","12":"entry","14":"first","15":"instock","16":"shipping-taxable","17":"purchasable","18":"product-type-simple"},"acf":[],"_links":{"self":[{"href":"https:\/\/www.libraria-occitana.org\/oc\/wp-json\/wp\/v2\/product\/34657","targetHints":{"allow":["GET"]}}],"collection":[{"href":"https:\/\/www.libraria-occitana.org\/oc\/wp-json\/wp\/v2\/product"}],"about":[{"href":"https:\/\/www.libraria-occitana.org\/oc\/wp-json\/wp\/v2\/types\/product"}],"wp:featuredmedia":[{"embeddable":true,"href":"https:\/\/www.libraria-occitana.org\/oc\/wp-json\/wp\/v2\/media\/52334"}],"wp:attachment":[{"href":"https:\/\/www.libraria-occitana.org\/oc\/wp-json\/wp\/v2\/media?parent=34657"}],"wp:term":[{"taxonomy":"product_brand","embeddable":true,"href":"https:\/\/www.libraria-occitana.org\/oc\/wp-json\/wp\/v2\/product_brand?post=34657"},{"taxonomy":"product_cat","embeddable":true,"href":"https:\/\/www.libraria-occitana.org\/oc\/wp-json\/wp\/v2\/product_cat?post=34657"},{"taxonomy":"product_tag","embeddable":true,"href":"https:\/\/www.libraria-occitana.org\/oc\/wp-json\/wp\/v2\/product_tag?post=34657"}],"curies":[{"name":"wp","href":"https:\/\/api.w.org\/{rel}","templated":true}]}}