{"id":34660,"date":"2010-02-28T12:23:30","date_gmt":"2010-02-28T11:23:30","guid":{"rendered":"http:\/\/www.libraria-occitana.org\/?post_type=product&#038;p=34660\/"},"modified":"2026-04-15T04:31:11","modified_gmt":"2026-04-15T02:31:11","slug":"cants-e-musicas-del-pais-gresinhol","status":"publish","type":"product","link":"https:\/\/www.libraria-occitana.org\/oc\/produch\/cants-e-musicas-del-pais-gresinhol\/","title":{"rendered":"Cants e musicas del pa\u00efs gresinh\u00f2l"},"content":{"rendered":"<p>Ce disque, v\u00e9ritable photographie sonore des traditions musicales du canton de Castelnau-de-Montmiral (Tarn) rassemble \u00e0 la fois des documents de collectage plus ou moins r\u00e9cents et des r\u00e9interpr\u00e9tations par des musiciens du groupe La Talvera.<br \/>\nVous y entendrez outre de nombreux airs \u00e0 danser (branles, quadrille, farandole&#8230;) interpr\u00e9t\u00e9s \u00e0 l&#8217;accord\u00e9on diatonique, au fifre et \u00e0 la clarinette, des chansons et des comptines particuli\u00e8res \u00e0 cette r\u00e9gion entre V\u00e8re et Gr\u00e9signe, aux confins de l&#8217;Albigeois et du Quercy.<\/p>\n<p><strong>Titres :<\/strong><br \/>\n1. Carboni\u00e8r mon amic (C\u00e9line Ricard) 1&#8217;26<br \/>\n2. Relha cauda (F\u00e9licie Mathieu \/ Marie Roux) 0&#8217;23<br \/>\n3. Branle (Daniel Loddo \/ Fabrice Rougier) 1&#8217;29<br \/>\n4. Som som (Agn\u00e8s Serres \/ Marie Roux \/ Marie-Th\u00e9r\u00e8se Lasserre) 0&#8217;58<br \/>\n5. Aval dins la ribi\u00e8ira (Daniel Loddo \/ Fabrice Rougier) 3&#8217;03<br \/>\n6. Los dets (Berthe Aurel \/ Esther Delmas) 0&#8217;13<br \/>\n7. Polc\u00e0 picada (Hubert Fabre) 0&#8217;58<br \/>\n8. Lo p\u00e8 pichon (C\u00e9line Ricard \/ Daniel Loddo) 1&#8217;51<br \/>\n9. Los artelhs (Marie Roux) 0&#8217;06<br \/>\n10. Farand\u00f2la (Daniel Loddo \/ Fabrice Rougier) 1&#8217;35<br \/>\n11. Lo musicien e los lops (F\u00e9licie Mathieu) 1&#8217;00<br \/>\n12. Can\u00e7on de las bralhas (C\u00e9line Ricard \/ Daniel Loddo) 2&#8217;42<br \/>\n13. Polc\u00e0 (Fernand Fontanilles) 0&#8217;55<br \/>\n14. Passa la farina (Agn\u00e8s Serres \/ Marie Roux \/ Marthe Auriac) 0&#8217;27<br \/>\n15. Quand lo molini\u00e8r passa (Hubert Fabre) 0&#8217;55<br \/>\n16. Coss\u00ed fa la molini\u00e8ira ? (Ernest Santoul) 0&#8217;15<br \/>\n17. L&#8217;autre jorn sus la montanha (C\u00e9line Ricard \/ Daniel Loddo \/ Fabrice Rougier) 1&#8217;41<br \/>\n18. Cinc s\u00f2us (Denise Bellet \/ Esther Delmas \/ Marie Louise Gaillard \/ Marie Roux) 0&#8217;23<br \/>\n19. Lo curarem l&#8217;escl\u00f2p (C\u00e9line Ricard \/ Daniel Loddo \/ Fabrice Rougier) 1&#8217;51<br \/>\n20. Lo Nadal de las b\u00e8stias (Armand Marty) 0&#8217;31<br \/>\n21. Un ser un pastre (C\u00e9line Ricard) 1&#8217;53<br \/>\n22. Polc\u00e0 picada (C\u00e9line Ricard \/ Daniel Loddo \/ Fabrice Rougier \/ Yvonne Rodolausse) 2&#8217;01<br \/>\n23. Adissiatz l&#8217;\u00f2me vi\u00e8lh ! (Armand Marty) 0&#8217;35<br \/>\n24. Mon paire m&#8217;a logada (C\u00e9line Ricard \/ Daniel Loddo) 1&#8217;29<br \/>\n25. La bufati\u00e8ira (Hubert Fabre) 0&#8217;23<br \/>\n26. Av\u00e8m maridada V\u00e8rnheta (Marthe Auriac) 1&#8217;16<br \/>\n27. Polc\u00e0 (Daniel Loddo) 2&#8217;34<br \/>\n28. Los aus\u00e8ls (Berthe Aurel \/ Jeanine Dejean \/ Ren\u00e9e Loddo) 2&#8217;34<br \/>\n29. La lauseta ambe lo piusson (C\u00e9line Ricard \/ Daniel Loddo) 2&#8217;15<br \/>\n30. La pola e lo pol (Berthe Aurel \/ Odette Dolle) 0&#8217;23<br \/>\n31. Ap\u00e8l de la polalha (Berthe Aurel) 0&#8217;38<br \/>\n32. V\u00f2la v\u00f2la viraud (Esther Delmas) 0&#8217;05<br \/>\n33. C\u00f2rna c\u00f2rna (F\u00e9licie Mathieu) 0&#8217;12<br \/>\n34. Saba saba (F\u00e9licie Mathieu \/ Raymond Gaillard) 0&#8217;20<br \/>\n35. La giga (Armand Marty \/ Hubert Fabre) 1&#8217;05<br \/>\n36. Vi\u00e8rja de Cabanas (Berthe Aurel) 4&#8217;03<br \/>\n37. La Barbeta de Dius (F\u00e9licie Mathieu) 0&#8217;38<br \/>\n38. Pater Noster del Bon Dieu (Denise Bellet) 0&#8217;36<br \/>\n39. L&#8217;Ant\u00f2nia (Hubert Fabre) 1&#8217;19<br \/>\n40. Preg\u00e0ria del ser (F\u00e9licie Mathieu) 0&#8217;18<br \/>\n41. La maire e la filha (Marthe Auriac) 1&#8217;38<br \/>\n42. Farand\u00f2la (Hubert Fabre) 1&#8217;18<br \/>\n43. La noce de la Castagna (Armand Marty) 1&#8217;43<br \/>\n44. La vielh\u00f2ta (C\u00e9line Ricard \/ Daniel Loddo) 2&#8217;12<br \/>\n45. Vira-lengas (Marie Roux \/ Yves Cathalo) 0&#8217;44<br \/>\n46. Lo virolet (Esther Delmas \/ Marius Dalet) 0&#8217;21<br \/>\n47. La grimaci\u00e8ira (Hubert Fabre) 1&#8217;20<br \/>\n48. Tres cocuts (Yves Cathalo) 0&#8217;31<br \/>\n49. A La Bessi\u00e8ira (Ernest Santoul) 0&#8217;59<br \/>\n50. Pri\u00e8res parodiques (Armand Marty \/ Denise Bellet) 0&#8217;19<br \/>\n51. La Gresinh\u00f2la (Andr\u00e9 Bonnet) 1&#8217;10<br \/>\n52. Quadrilh (Daniel Loddo \/ Fabrice Rougier) 2&#8217;07<\/p>\n","protected":false},"excerpt":{"rendered":"<p>Ce disque, v\u00e9ritable photographie sonore des traditions musicales du canton de Castelnau-de-Montmiral (Tarn) rassemble \u00e0 la fois des documents de collectage plus ou moins r\u00e9cents et des r\u00e9interpr\u00e9tations par des musiciens du groupe La Talvera. Vous y entendrez outre de nombreux airs \u00e0 danser (branles, quadrille, farandole&#8230;) interpr\u00e9t\u00e9s \u00e0 l&#8217;accord\u00e9on diatonique, au fifre et \u00e0 [&hellip;]<\/p>\n","protected":false},"featured_media":52331,"template":"","meta":{"_acf_changed":false,"_genesis_hide_title":false,"_genesis_hide_breadcrumbs":false,"_genesis_hide_singular_image":false,"_genesis_hide_footer_widgets":false,"_genesis_custom_body_class":"","_genesis_custom_post_class":"","_genesis_layout":""},"product_brand":[],"product_cat":[16683,7237],"product_tag":[],"class_list":{"0":"post-34660","1":"product","2":"type-product","3":"status-publish","4":"has-post-thumbnail","6":"product_cat-musica-oc","7":"product_cat-tradicion-oc","8":"pa_auteur-collectiu-oc-2","9":"pa_auteur-cordae-la-talvera-fr-oc","10":"pa_editeur-cordae-la-talvera-oc","11":"pa_langue-occitan-lengadocian-oc","12":"pa_langue-occitan-francais-oc","13":"entry","15":"first","16":"outofstock","17":"shipping-taxable","18":"purchasable","19":"product-type-simple"},"acf":[],"_links":{"self":[{"href":"https:\/\/www.libraria-occitana.org\/oc\/wp-json\/wp\/v2\/product\/34660","targetHints":{"allow":["GET"]}}],"collection":[{"href":"https:\/\/www.libraria-occitana.org\/oc\/wp-json\/wp\/v2\/product"}],"about":[{"href":"https:\/\/www.libraria-occitana.org\/oc\/wp-json\/wp\/v2\/types\/product"}],"wp:featuredmedia":[{"embeddable":true,"href":"https:\/\/www.libraria-occitana.org\/oc\/wp-json\/wp\/v2\/media\/52331"}],"wp:attachment":[{"href":"https:\/\/www.libraria-occitana.org\/oc\/wp-json\/wp\/v2\/media?parent=34660"}],"wp:term":[{"taxonomy":"product_brand","embeddable":true,"href":"https:\/\/www.libraria-occitana.org\/oc\/wp-json\/wp\/v2\/product_brand?post=34660"},{"taxonomy":"product_cat","embeddable":true,"href":"https:\/\/www.libraria-occitana.org\/oc\/wp-json\/wp\/v2\/product_cat?post=34660"},{"taxonomy":"product_tag","embeddable":true,"href":"https:\/\/www.libraria-occitana.org\/oc\/wp-json\/wp\/v2\/product_tag?post=34660"}],"curies":[{"name":"wp","href":"https:\/\/api.w.org\/{rel}","templated":true}]}}