{"id":34777,"date":"2005-05-23T15:02:35","date_gmt":"2005-05-23T13:02:35","guid":{"rendered":"http:\/\/www.libraria-occitana.org\/?post_type=product&#038;p=34777\/"},"modified":"2026-04-02T22:12:03","modified_gmt":"2026-04-02T20:12:03","slug":"vingt-lettres-sur-lhistoire-a-ces-cons-de-francais-et-ces-couillons-doccitans","status":"publish","type":"product","link":"https:\/\/www.libraria-occitana.org\/oc\/produch\/vingt-lettres-sur-lhistoire-a-ces-cons-de-francais-et-ces-couillons-doccitans\/","title":{"rendered":"Vingt lettres sur l&#8217;histoire : \u00c0 ces cons de fran\u00e7ais et ces couillons d&#8217;occitans"},"content":{"rendered":"<p>Il fallait bien que quelqu&#8217;un s&#8217;attaqu\u00e2t un jour \u00e0 ce que le po\u00e8te occitan du XIIIe si\u00e8cle appelait \u00ab l&#8217;orgueil de la France \u00bb et qui prit, \u00e0 certains \u00e9poques, l&#8217;allure d&#8217;une \u00e9norme et sotte vanit\u00e9. L&#8217;\u00e9crivain Robert Lafont le fait en suivant le fil de l&#8217;histoire \u00e0 partir de la d\u00e9b\u00e2cle de 1940. Il d\u00e9gage le visage des trois Sauveurs successifs qui construisirent leur gloire sur trois abandons de la grandeur nationale : Philippe P\u00e9tain, grand de la d\u00e9faite absolue des armes et de l&#8217;assassinat de la R\u00e9publique, Charles de Gaulle, h\u00e9ros du naufrage de l&#8217;Empire, lib\u00e9rateur de l&#8217;Alg\u00e9rie au prix du plus sanglant chaos, Fran\u00e7ois Mitterrand, ultime espoir de la gauche, qui la sacrifie au sordide des affaires. Tous trois ont admirablement jou\u00e9 de la jobardise de ce peuple qu&#8217;ils m\u00e9prisaient.<br \/>\nCet \u00e9croulement par \u00e9tapes, jusqu&#8217;\u00e0 l&#8217;actuel cr\u00e9puscule, plus g\u00e9n\u00e9ral, des \u00c9tats-nations, l&#8217;auteur le voit depuis l&#8217;aventure intellectuelle et civique de sa propre vie : l&#8217;\u00e9mergence de la grande sacrifi\u00e9e, l&#8217;innomm\u00e9e de l&#8217;histoire de France, l&#8217;Occitanie, aventure qui ne manque ni d&#8217;\u00e9clat ni de courage, mais qui a aussi ses m\u00e9diocrit\u00e9s.<br \/>\nLe livre bouscule, il est honn\u00eate, sans concessions, mais on lui conc\u00e9dera le m\u00e9rite de l&#8217;ironie.<\/p>\n","protected":false},"excerpt":{"rendered":"<p>Il fallait bien que quelqu&#8217;un s&#8217;attaqu\u00e2t un jour \u00e0 ce que le po\u00e8te occitan du XIIIe si\u00e8cle appelait \u00ab l&#8217;orgueil de la France \u00bb et qui prit, \u00e0 certains \u00e9poques, l&#8217;allure d&#8217;une \u00e9norme et sotte vanit\u00e9. L&#8217;\u00e9crivain Robert Lafont le fait en suivant le fil de l&#8217;histoire \u00e0 partir de la d\u00e9b\u00e2cle de 1940. Il [&hellip;]<\/p>\n","protected":false},"featured_media":53455,"template":"","meta":{"_acf_changed":false,"_genesis_hide_title":false,"_genesis_hide_breadcrumbs":false,"_genesis_hide_singular_image":false,"_genesis_hide_footer_widgets":false,"_genesis_custom_body_class":"","_genesis_custom_post_class":"","_genesis_layout":""},"product_brand":[],"product_cat":[7133,7203],"product_tag":[],"class_list":{"0":"post-34777","1":"product","2":"type-product","3":"status-publish","4":"has-post-thumbnail","6":"product_cat-libres-oc","7":"product_cat-politica-sociologia-actualitat-oc","8":"pa_auteur-lafont-robert-oc","9":"pa_editeur-vent-terral-oc","10":"pa_langue-francais-oc","11":"entry","13":"first","14":"instock","15":"shipping-taxable","16":"purchasable","17":"product-type-simple"},"acf":[],"_links":{"self":[{"href":"https:\/\/www.libraria-occitana.org\/oc\/wp-json\/wp\/v2\/product\/34777","targetHints":{"allow":["GET"]}}],"collection":[{"href":"https:\/\/www.libraria-occitana.org\/oc\/wp-json\/wp\/v2\/product"}],"about":[{"href":"https:\/\/www.libraria-occitana.org\/oc\/wp-json\/wp\/v2\/types\/product"}],"wp:featuredmedia":[{"embeddable":true,"href":"https:\/\/www.libraria-occitana.org\/oc\/wp-json\/wp\/v2\/media\/53455"}],"wp:attachment":[{"href":"https:\/\/www.libraria-occitana.org\/oc\/wp-json\/wp\/v2\/media?parent=34777"}],"wp:term":[{"taxonomy":"product_brand","embeddable":true,"href":"https:\/\/www.libraria-occitana.org\/oc\/wp-json\/wp\/v2\/product_brand?post=34777"},{"taxonomy":"product_cat","embeddable":true,"href":"https:\/\/www.libraria-occitana.org\/oc\/wp-json\/wp\/v2\/product_cat?post=34777"},{"taxonomy":"product_tag","embeddable":true,"href":"https:\/\/www.libraria-occitana.org\/oc\/wp-json\/wp\/v2\/product_tag?post=34777"}],"curies":[{"name":"wp","href":"https:\/\/api.w.org\/{rel}","templated":true}]}}