{"id":34805,"date":"1993-07-08T16:33:49","date_gmt":"1993-07-08T14:33:49","guid":{"rendered":"http:\/\/www.libraria-occitana.org\/?post_type=product&#038;p=34805\/"},"modified":"2026-04-16T22:06:39","modified_gmt":"2026-04-16T20:06:39","slug":"tres-balado-trois-ballades","status":"publish","type":"product","link":"https:\/\/www.libraria-occitana.org\/oc\/produch\/tres-balado-trois-ballades\/","title":{"rendered":"Tres balado &#8211; Trois ballades"},"content":{"rendered":"<p>En occitan proven\u00e7al, graphie mistralienne et graphie normalis\u00e9e m\u00e9lang\u00e9es.<\/p>\n<p><strong>Balado de l&#8217;ome qu&#8217;a travessa lou mounde<\/strong><br \/>\nBallade de l&#8217;homme qui a travers\u00e9 le monde<\/p>\n<p><strong>Balada de la desirada de la terra<\/strong><br \/>\nBallade de la D\u00e9sir\u00e9e de la Terre<\/p>\n<p><strong>Balado de lou que fai mouri lou mounde a la primo<\/strong><br \/>\nBallade de celui qui fait mourir le monde au printemps<\/p>\n","protected":false},"excerpt":{"rendered":"<p>En occitan proven\u00e7al, graphie mistralienne et graphie normalis\u00e9e m\u00e9lang\u00e9es. Balado de l&#8217;ome qu&#8217;a travessa lou mounde Ballade de l&#8217;homme qui a travers\u00e9 le monde Balada de la desirada de la terra Ballade de la D\u00e9sir\u00e9e de la Terre Balado de lou que fai mouri lou mounde a la primo Ballade de celui qui fait mourir [&hellip;]<\/p>\n","protected":false},"featured_media":54559,"template":"","meta":{"_acf_changed":false,"_genesis_hide_title":false,"_genesis_hide_breadcrumbs":false,"_genesis_hide_singular_image":false,"_genesis_hide_footer_widgets":false,"_genesis_custom_body_class":"","_genesis_custom_post_class":"","_genesis_layout":""},"product_brand":[],"product_cat":[7133,7175,7181],"product_tag":[],"class_list":{"0":"post-34805","1":"product","2":"type-product","3":"status-publish","4":"has-post-thumbnail","6":"product_cat-libres-oc","7":"product_cat-literatura-oc","8":"product_cat-poesia-oc","9":"pa_auteur-bec-sergi-oc","10":"pa_editeur-edisud-oc","11":"pa_illustrateur-metayer-rene-oc","12":"pa_langue-occitan-provencau-oc","13":"pa_langue-occitan-francais-oc","14":"entry","16":"first","17":"instock","18":"shipping-taxable","19":"purchasable","20":"product-type-simple"},"acf":[],"_links":{"self":[{"href":"https:\/\/www.libraria-occitana.org\/oc\/wp-json\/wp\/v2\/product\/34805","targetHints":{"allow":["GET"]}}],"collection":[{"href":"https:\/\/www.libraria-occitana.org\/oc\/wp-json\/wp\/v2\/product"}],"about":[{"href":"https:\/\/www.libraria-occitana.org\/oc\/wp-json\/wp\/v2\/types\/product"}],"wp:featuredmedia":[{"embeddable":true,"href":"https:\/\/www.libraria-occitana.org\/oc\/wp-json\/wp\/v2\/media\/54559"}],"wp:attachment":[{"href":"https:\/\/www.libraria-occitana.org\/oc\/wp-json\/wp\/v2\/media?parent=34805"}],"wp:term":[{"taxonomy":"product_brand","embeddable":true,"href":"https:\/\/www.libraria-occitana.org\/oc\/wp-json\/wp\/v2\/product_brand?post=34805"},{"taxonomy":"product_cat","embeddable":true,"href":"https:\/\/www.libraria-occitana.org\/oc\/wp-json\/wp\/v2\/product_cat?post=34805"},{"taxonomy":"product_tag","embeddable":true,"href":"https:\/\/www.libraria-occitana.org\/oc\/wp-json\/wp\/v2\/product_tag?post=34805"}],"curies":[{"name":"wp","href":"https:\/\/api.w.org\/{rel}","templated":true}]}}