{"id":35082,"date":"1999-05-09T16:46:12","date_gmt":"1999-05-09T14:46:12","guid":{"rendered":"http:\/\/www.libraria-occitana.org\/?post_type=product&#038;p=35082\/"},"modified":"2026-04-29T06:41:23","modified_gmt":"2026-04-29T04:41:23","slug":"souffler-cest-jouer-chabretaires-et-cornemuses-a-miroirs-en-limousin","status":"publish","type":"product","link":"https:\/\/www.libraria-occitana.org\/oc\/produch\/souffler-cest-jouer-chabretaires-et-cornemuses-a-miroirs-en-limousin\/","title":{"rendered":"Souffler, c&#8217;est jouer. : Chabretaires et cornemuses \u00e0 miroirs en Limousin"},"content":{"rendered":"<p>Un magnifique ouvrage enti\u00e8rement en couleurs, coordonn\u00e9 par Eric Montbel et mis en page par Thierry Boisvert, comportant une dizaine d\u2019\u00e9tudes, le catalogue des instruments pr\u00e9sent\u00e9s lors de l\u2019exposition organis\u00e9e par le Mus\u00e9e National des Arts et Traditions Populaires et le CRMT Limousin, et la liste exhaustive du corpus reconstitu\u00e9.<\/p>\n","protected":false},"excerpt":{"rendered":"<p>Un magnifique ouvrage enti\u00e8rement en couleurs, coordonn\u00e9 par Eric Montbel et mis en page par Thierry Boisvert, comportant une dizaine d\u2019\u00e9tudes, le catalogue des instruments pr\u00e9sent\u00e9s lors de l\u2019exposition organis\u00e9e par le Mus\u00e9e National des Arts et Traditions Populaires et le CRMT Limousin, et la liste exhaustive du corpus reconstitu\u00e9.<\/p>\n","protected":false},"featured_media":51731,"template":"","meta":{"_acf_changed":false,"_genesis_hide_title":false,"_genesis_hide_breadcrumbs":false,"_genesis_hide_singular_image":false,"_genesis_hide_footer_widgets":false,"_genesis_custom_body_class":"","_genesis_custom_post_class":"","_genesis_layout":""},"product_brand":[],"product_cat":[7195,7133,7191],"product_tag":[],"class_list":{"0":"post-35082","1":"product","2":"type-product","3":"status-publish","4":"has-post-thumbnail","6":"product_cat-estudis-oc","7":"product_cat-libres-oc","8":"product_cat-musica-danca-oc","9":"pa_auteur-collectiu-oc-2","10":"pa_auteur-getreau-florence-oc","11":"pa_auteur-montbel-eric-oc","12":"pa_editeur-famdt-oc","13":"pa_langue-francais-oc","14":"entry","16":"first","17":"instock","18":"shipping-taxable","19":"purchasable","20":"product-type-simple"},"acf":[],"_links":{"self":[{"href":"https:\/\/www.libraria-occitana.org\/oc\/wp-json\/wp\/v2\/product\/35082","targetHints":{"allow":["GET"]}}],"collection":[{"href":"https:\/\/www.libraria-occitana.org\/oc\/wp-json\/wp\/v2\/product"}],"about":[{"href":"https:\/\/www.libraria-occitana.org\/oc\/wp-json\/wp\/v2\/types\/product"}],"wp:featuredmedia":[{"embeddable":true,"href":"https:\/\/www.libraria-occitana.org\/oc\/wp-json\/wp\/v2\/media\/51731"}],"wp:attachment":[{"href":"https:\/\/www.libraria-occitana.org\/oc\/wp-json\/wp\/v2\/media?parent=35082"}],"wp:term":[{"taxonomy":"product_brand","embeddable":true,"href":"https:\/\/www.libraria-occitana.org\/oc\/wp-json\/wp\/v2\/product_brand?post=35082"},{"taxonomy":"product_cat","embeddable":true,"href":"https:\/\/www.libraria-occitana.org\/oc\/wp-json\/wp\/v2\/product_cat?post=35082"},{"taxonomy":"product_tag","embeddable":true,"href":"https:\/\/www.libraria-occitana.org\/oc\/wp-json\/wp\/v2\/product_tag?post=35082"}],"curies":[{"name":"wp","href":"https:\/\/api.w.org\/{rel}","templated":true}]}}