{"id":35227,"date":"2009-12-17T13:06:31","date_gmt":"2009-12-17T12:06:31","guid":{"rendered":"http:\/\/www.libraria-occitana.org\/?post_type=product&#038;p=35227\/"},"modified":"2026-04-17T00:01:10","modified_gmt":"2026-04-16T22:01:10","slug":"morta-e-viva","status":"publish","type":"product","link":"https:\/\/www.libraria-occitana.org\/oc\/produch\/morta-e-viva\/","title":{"rendered":"Morta e Viva"},"content":{"rendered":"<p><em>Morta e Viva<\/em>, jam\u00e9s reeditada despuish 1951, qu\u2019ei publicada adara en grafia classica per Joan Salles-Loustau.<\/p>\n<p>Ac\u00ed qu\u2019avetz la Can\u00e7on de la Gasconha, \u00f2bra hita de la literatura occitana mod\u00e8rna, on Miqu\u00e8u de Camelat h\u00e8 devisar los po\u00e8tas qui cantan las h\u00e8itas e los malastres de l\u2019ist\u00f2ria, en som deu pic d\u2019Aussau.<\/p>\n<p>Saunei visionari e epic, <em>Morta e Viva<\/em> qu\u2019ei l\u2019\u00f2bra la mei personau e pregona d\u2019un po\u00e8ta m\u00e0ger, \u00f2bra qui cau l\u00e9ger t\u00e0 con\u00e9isher de vertat la pensada e l\u2019eng\u00e8ni de Camelat.<\/p>\n","protected":false},"excerpt":{"rendered":"<p>Morta e Viva, jam\u00e9s reeditada despuish 1951, qu\u2019ei publicada adara en grafia classica per Joan Salles-Loustau. Ac\u00ed qu\u2019avetz la Can\u00e7on de la Gasconha, \u00f2bra hita de la literatura occitana mod\u00e8rna, on Miqu\u00e8u de Camelat h\u00e8 devisar los po\u00e8tas qui cantan las h\u00e8itas e los malastres de l\u2019ist\u00f2ria, en som deu pic d\u2019Aussau. Saunei visionari e [&hellip;]<\/p>\n","protected":false},"featured_media":53738,"template":"","meta":{"_acf_changed":false,"_genesis_hide_title":false,"_genesis_hide_breadcrumbs":false,"_genesis_hide_singular_image":false,"_genesis_hide_footer_widgets":false,"_genesis_custom_body_class":"","_genesis_custom_post_class":"","_genesis_layout":""},"product_brand":[],"product_cat":[7133,7175,7181],"product_tag":[],"class_list":{"0":"post-35227","1":"product","2":"type-product","3":"status-publish","4":"has-post-thumbnail","6":"product_cat-libres-oc","7":"product_cat-literatura-oc","8":"product_cat-poesia-oc","9":"pa_auteur-camelat-miqueu-de-oc","10":"pa_editeur-letras-doc-oc","11":"pa_illustrateur-salles-loustau-joan-salles-loustau-jean-oc","12":"pa_langue-occitan-oc","13":"pa_langue-occitan-gascon-oc","14":"entry","16":"first","17":"instock","18":"shipping-taxable","19":"purchasable","20":"product-type-simple"},"acf":[],"_links":{"self":[{"href":"https:\/\/www.libraria-occitana.org\/oc\/wp-json\/wp\/v2\/product\/35227","targetHints":{"allow":["GET"]}}],"collection":[{"href":"https:\/\/www.libraria-occitana.org\/oc\/wp-json\/wp\/v2\/product"}],"about":[{"href":"https:\/\/www.libraria-occitana.org\/oc\/wp-json\/wp\/v2\/types\/product"}],"wp:featuredmedia":[{"embeddable":true,"href":"https:\/\/www.libraria-occitana.org\/oc\/wp-json\/wp\/v2\/media\/53738"}],"wp:attachment":[{"href":"https:\/\/www.libraria-occitana.org\/oc\/wp-json\/wp\/v2\/media?parent=35227"}],"wp:term":[{"taxonomy":"product_brand","embeddable":true,"href":"https:\/\/www.libraria-occitana.org\/oc\/wp-json\/wp\/v2\/product_brand?post=35227"},{"taxonomy":"product_cat","embeddable":true,"href":"https:\/\/www.libraria-occitana.org\/oc\/wp-json\/wp\/v2\/product_cat?post=35227"},{"taxonomy":"product_tag","embeddable":true,"href":"https:\/\/www.libraria-occitana.org\/oc\/wp-json\/wp\/v2\/product_tag?post=35227"}],"curies":[{"name":"wp","href":"https:\/\/api.w.org\/{rel}","templated":true}]}}