{"id":35241,"date":"2014-10-14T14:35:43","date_gmt":"2014-10-14T12:35:43","guid":{"rendered":"http:\/\/www.libraria-occitana.org\/?post_type=product&#038;p=35241\/"},"modified":"2026-04-27T05:01:36","modified_gmt":"2026-04-27T03:01:36","slug":"massilia","status":"publish","type":"product","link":"https:\/\/www.libraria-occitana.org\/oc\/produch\/massilia\/","title":{"rendered":"Massilia"},"content":{"rendered":"<p>Ce n\u2019est pas sans raisons qu\u2019ils le clament haut et fort\u2026<br \/>\nL&#8217;album des 30 ans pour le Massilia Sound System, qui chante sa ville, Marseille, la f\u00eate, l\u2019amour, mais aussi ses col\u00e8res et ses luttes. En fran\u00e7ais et en occitan, le sound system marseillais revient pour faire boul\u00e9guer la plan\u00e8te !<\/p>\n<p><strong>Titres :<\/strong><br \/>\n1. Li siam 1&#8217;24<br \/>\n2. Si l\u00e8va mai can\u00e7on 3&#8217;36<br \/>\n3. Trois MCs sur la version 3&#8217;25<br \/>\n4. Es tot pagat 3&#8217;24<br \/>\n5. Je marche avec 3&#8217;37<br \/>\n6. Ma ville reveille-toi ! 2&#8217;58<br \/>\n7. La resp\u00f2nsa es dins lo vent 4&#8217;34<br \/>\n8. Massilia n\u00b01 4&#8217;08<br \/>\n9. Pourquoi je morfle ? 3&#8217;22<br \/>\n10. L\u2019eligit 3&#8217;58<br \/>\n11. Quand on vit connect\u00e9 2&#8217;59<br \/>\n12. Parlar f\u00f2rt 3&#8217;57<br \/>\n13. Tous ces mots 3&#8217;26<br \/>\n14. \u00c0 Marseille 4&#8217;23<\/p>\n","protected":false},"excerpt":{"rendered":"<p>Ce n\u2019est pas sans raisons qu\u2019ils le clament haut et fort\u2026 L&#8217;album des 30 ans pour le Massilia Sound System, qui chante sa ville, Marseille, la f\u00eate, l\u2019amour, mais aussi ses col\u00e8res et ses luttes. En fran\u00e7ais et en occitan, le sound system marseillais revient pour faire boul\u00e9guer la plan\u00e8te ! Titres : 1. Li [&hellip;]<\/p>\n","protected":false},"featured_media":54550,"template":"","meta":{"_acf_changed":false,"_genesis_hide_title":false,"_genesis_hide_breadcrumbs":false,"_genesis_hide_singular_image":false,"_genesis_hide_footer_widgets":false,"_genesis_custom_body_class":"","_genesis_custom_post_class":"","_genesis_layout":""},"product_brand":[],"product_cat":[7235,16683],"product_tag":[],"class_list":{"0":"post-35241","1":"product","2":"type-product","3":"status-publish","4":"has-post-thumbnail","6":"product_cat-eska-reggae-dub-oc","7":"product_cat-musica-oc","8":"pa_auteur-massilia-sound-system-oc","9":"pa_editeur-manivette-records-oc","10":"pa_langue-francais-oc","11":"pa_langue-occitan-oc","12":"pa_langue-occitan-provencau-oc","13":"entry","15":"first","16":"instock","17":"shipping-taxable","18":"purchasable","19":"product-type-simple"},"acf":[],"_links":{"self":[{"href":"https:\/\/www.libraria-occitana.org\/oc\/wp-json\/wp\/v2\/product\/35241","targetHints":{"allow":["GET"]}}],"collection":[{"href":"https:\/\/www.libraria-occitana.org\/oc\/wp-json\/wp\/v2\/product"}],"about":[{"href":"https:\/\/www.libraria-occitana.org\/oc\/wp-json\/wp\/v2\/types\/product"}],"wp:featuredmedia":[{"embeddable":true,"href":"https:\/\/www.libraria-occitana.org\/oc\/wp-json\/wp\/v2\/media\/54550"}],"wp:attachment":[{"href":"https:\/\/www.libraria-occitana.org\/oc\/wp-json\/wp\/v2\/media?parent=35241"}],"wp:term":[{"taxonomy":"product_brand","embeddable":true,"href":"https:\/\/www.libraria-occitana.org\/oc\/wp-json\/wp\/v2\/product_brand?post=35241"},{"taxonomy":"product_cat","embeddable":true,"href":"https:\/\/www.libraria-occitana.org\/oc\/wp-json\/wp\/v2\/product_cat?post=35241"},{"taxonomy":"product_tag","embeddable":true,"href":"https:\/\/www.libraria-occitana.org\/oc\/wp-json\/wp\/v2\/product_tag?post=35241"}],"curies":[{"name":"wp","href":"https:\/\/api.w.org\/{rel}","templated":true}]}}