{"id":35242,"date":"2012-02-27T20:09:54","date_gmt":"2012-02-27T19:09:54","guid":{"rendered":"http:\/\/www.libraria-occitana.org\/?post_type=product&#038;p=35242\/"},"modified":"2026-04-02T20:07:01","modified_gmt":"2026-04-02T18:07:01","slug":"matfre-ermengaud-1246-1322-et-le-breviari-damor","status":"publish","type":"product","link":"https:\/\/www.libraria-occitana.org\/oc\/produch\/matfre-ermengaud-1246-1322-et-le-breviari-damor\/","title":{"rendered":"Matfre Ermengaud (1246-1322) et le Breviari d&#8217;amor"},"content":{"rendered":"<p>Le <em>Breviari d\u2019amor<\/em> de Matfre Ermengaud de B\u00e9ziers est un monument de la litt\u00e9rature m\u00e9di\u00e9vale occitane. Compos\u00e9e vers la fin du 13e si\u00e8cle, cette \u0153uvre de quelque 35 000 vers, r\u00e9\u00e9dit\u00e9e pour la premi\u00e8re fois depuis 1881, suit les grandes lignes des encyclop\u00e9dies m\u00e9di\u00e9vales, mais y ajoute un trait\u00e9 d\u00e9di\u00e9 \u00e0 la <em>fin\u2019amor<\/em> des troubadours.<\/p>\n<p>Cette nouvelle monographie, due \u00e0 Peter Ricketts, reprend trois articles qui cernent l\u2019auteur, Matfre, et les aspects les plus importants de son \u0153uvre, suivis d\u2019une conf\u00e9rence publique prononc\u00e9e \u00e0 B\u00e9ziers en juin 2011 au CIRDOC. Pour compl\u00e9ter le tour d\u2019horizon, un extrait de la partie courtoise est pr\u00e9sent\u00e9 pour donner une saveur du texte, accompagn\u00e9 d\u2019une traduction fran\u00e7aise, qui est fid\u00e8le \u00e0 la structure versifi\u00e9e.<\/p>\n<p>Ce livre est certain d\u2019int\u00e9resser tous ceux qui sont passionn\u00e9s par le Moyen \u00c2ge et cherchent \u00e0 approfondir leurs connaissances de la litt\u00e9rature occitane et le grand ph\u00e9nom\u00e8ne litt\u00e9raire de la po\u00e9sie des troubadours.<\/p>\n","protected":false},"excerpt":{"rendered":"<p>Le Breviari d\u2019amor de Matfre Ermengaud de B\u00e9ziers est un monument de la litt\u00e9rature m\u00e9di\u00e9vale occitane. Compos\u00e9e vers la fin du 13e si\u00e8cle, cette \u0153uvre de quelque 35 000 vers, r\u00e9\u00e9dit\u00e9e pour la premi\u00e8re fois depuis 1881, suit les grandes lignes des encyclop\u00e9dies m\u00e9di\u00e9vales, mais y ajoute un trait\u00e9 d\u00e9di\u00e9 \u00e0 la fin\u2019amor des troubadours. [&hellip;]<\/p>\n","protected":false},"featured_media":37352,"template":"","meta":{"_acf_changed":false,"_genesis_hide_title":false,"_genesis_hide_breadcrumbs":false,"_genesis_hide_singular_image":false,"_genesis_hide_footer_widgets":false,"_genesis_custom_body_class":"","_genesis_custom_post_class":"","_genesis_layout":""},"product_brand":[],"product_cat":[7133,7175,7189],"product_tag":[],"class_list":{"0":"post-35242","1":"product","2":"type-product","3":"status-publish","4":"has-post-thumbnail","6":"product_cat-libres-oc","7":"product_cat-literatura-oc","8":"product_cat-estudis-literaris-oc","9":"pa_auteur-ricketts-peter-t-oc","10":"pa_editeur-pu-perpignan-oc","11":"pa_langue-francais-oc","12":"entry","14":"first","15":"outofstock","16":"shipping-taxable","17":"purchasable","18":"product-type-simple"},"acf":[],"_links":{"self":[{"href":"https:\/\/www.libraria-occitana.org\/oc\/wp-json\/wp\/v2\/product\/35242","targetHints":{"allow":["GET"]}}],"collection":[{"href":"https:\/\/www.libraria-occitana.org\/oc\/wp-json\/wp\/v2\/product"}],"about":[{"href":"https:\/\/www.libraria-occitana.org\/oc\/wp-json\/wp\/v2\/types\/product"}],"wp:featuredmedia":[{"embeddable":true,"href":"https:\/\/www.libraria-occitana.org\/oc\/wp-json\/wp\/v2\/media\/37352"}],"wp:attachment":[{"href":"https:\/\/www.libraria-occitana.org\/oc\/wp-json\/wp\/v2\/media?parent=35242"}],"wp:term":[{"taxonomy":"product_brand","embeddable":true,"href":"https:\/\/www.libraria-occitana.org\/oc\/wp-json\/wp\/v2\/product_brand?post=35242"},{"taxonomy":"product_cat","embeddable":true,"href":"https:\/\/www.libraria-occitana.org\/oc\/wp-json\/wp\/v2\/product_cat?post=35242"},{"taxonomy":"product_tag","embeddable":true,"href":"https:\/\/www.libraria-occitana.org\/oc\/wp-json\/wp\/v2\/product_tag?post=35242"}],"curies":[{"name":"wp","href":"https:\/\/api.w.org\/{rel}","templated":true}]}}