{"id":35287,"date":"1971-09-17T18:03:35","date_gmt":"1971-09-17T17:03:35","guid":{"rendered":"http:\/\/www.libraria-occitana.org\/?post_type=product&#038;p=35287\/"},"modified":"2026-04-29T10:02:12","modified_gmt":"2026-04-29T08:02:12","slug":"les-troubadours-2","status":"publish","type":"product","link":"https:\/\/www.libraria-occitana.org\/oc\/produch\/les-troubadours-2\/","title":{"rendered":"Les troubadours"},"content":{"rendered":"<p>Il serait temps de nous d\u00e9faire enfin de ce poncif du troubadour errant, la guitare au c\u00f4t\u00e9, \u00e9gayant de ses ballades les longs loisirs des tristes ch\u00e2teaux gothiques. C&#8217;est \u00e0 cette image conventionnelle et fade que Henri-Ir\u00e9n\u00e9e Marrou entend substituer la v\u00e9ritable identit\u00e9 et histoire des troubadours, en analysant plus g\u00e9n\u00e9ralement la \u00ab renaissance \u00bb du XIIe si\u00e8cle.<br \/>\nC&#8217;est \u00e0 cette \u00e9poque, en pays d&#8217;Oc, que les troubadours ont invent\u00e9 l&#8217;amour, le mot comme la chose. C&#8217;est l&#8217;id\u00e9al quasi mystique de l&#8217;amour courtois qu&#8217;ils c\u00e9l\u00e8brent dans leurs chansons, amour humain bien r\u00e9el qui se trouve cependant presque \u00e9lev\u00e9 \u00e0 la dignit\u00e9 d&#8217;un culte.<br \/>\nLa premi\u00e8re \u00e9dition de cet ouvrage date de 1961.<\/p>\n","protected":false},"excerpt":{"rendered":"<p>Il serait temps de nous d\u00e9faire enfin de ce poncif du troubadour errant, la guitare au c\u00f4t\u00e9, \u00e9gayant de ses ballades les longs loisirs des tristes ch\u00e2teaux gothiques. C&#8217;est \u00e0 cette image conventionnelle et fade que Henri-Ir\u00e9n\u00e9e Marrou entend substituer la v\u00e9ritable identit\u00e9 et histoire des troubadours, en analysant plus g\u00e9n\u00e9ralement la \u00ab renaissance \u00bb [&hellip;]<\/p>\n","protected":false},"featured_media":45352,"template":"","meta":{"_acf_changed":false,"_genesis_hide_title":false,"_genesis_hide_breadcrumbs":false,"_genesis_hide_singular_image":false,"_genesis_hide_footer_widgets":false,"_genesis_custom_body_class":"","_genesis_custom_post_class":"","_genesis_layout":""},"product_brand":[],"product_cat":[7189,7133,7175],"product_tag":[],"class_list":{"0":"post-35287","1":"product","2":"type-product","3":"status-publish","4":"has-post-thumbnail","6":"product_cat-estudis-literaris-oc","7":"product_cat-libres-oc","8":"product_cat-literatura-oc","9":"pa_auteur-marrou-henri-irenee-oc","10":"pa_editeur-points-oc","11":"pa_langue-francais-oc","12":"entry","14":"first","15":"instock","16":"shipping-taxable","17":"purchasable","18":"product-type-simple"},"acf":[],"_links":{"self":[{"href":"https:\/\/www.libraria-occitana.org\/oc\/wp-json\/wp\/v2\/product\/35287","targetHints":{"allow":["GET"]}}],"collection":[{"href":"https:\/\/www.libraria-occitana.org\/oc\/wp-json\/wp\/v2\/product"}],"about":[{"href":"https:\/\/www.libraria-occitana.org\/oc\/wp-json\/wp\/v2\/types\/product"}],"wp:featuredmedia":[{"embeddable":true,"href":"https:\/\/www.libraria-occitana.org\/oc\/wp-json\/wp\/v2\/media\/45352"}],"wp:attachment":[{"href":"https:\/\/www.libraria-occitana.org\/oc\/wp-json\/wp\/v2\/media?parent=35287"}],"wp:term":[{"taxonomy":"product_brand","embeddable":true,"href":"https:\/\/www.libraria-occitana.org\/oc\/wp-json\/wp\/v2\/product_brand?post=35287"},{"taxonomy":"product_cat","embeddable":true,"href":"https:\/\/www.libraria-occitana.org\/oc\/wp-json\/wp\/v2\/product_cat?post=35287"},{"taxonomy":"product_tag","embeddable":true,"href":"https:\/\/www.libraria-occitana.org\/oc\/wp-json\/wp\/v2\/product_tag?post=35287"}],"curies":[{"name":"wp","href":"https:\/\/api.w.org\/{rel}","templated":true}]}}