{"id":35324,"date":"2010-11-26T18:00:05","date_gmt":"2010-11-26T17:00:05","guid":{"rendered":"http:\/\/www.libraria-occitana.org\/?post_type=product&#038;p=35324\/"},"modified":"2026-04-29T11:12:33","modified_gmt":"2026-04-29T09:12:33","slug":"le-chemin-de-ventadour-une-philosophie-des-ruines","status":"publish","type":"product","link":"https:\/\/www.libraria-occitana.org\/oc\/produch\/le-chemin-de-ventadour-une-philosophie-des-ruines\/","title":{"rendered":"Le chemin de Ventadour : Une philosophie des ruines"},"content":{"rendered":"<p>&#8230; Couronnant leur \u00e9peron barr\u00e9 entre les rivi\u00e8res, les courtines et les tours dressent depuis des si\u00e8cles leur embl\u00e8me seigneurial. Elles s&#8217;\u00e9rigent en ma\u00eetresses du paysage comme leur seigneur devait prot\u00e9ger le pays alentour. \u00c0 demi \u00e9croul\u00e9es, ces silhouettes spectrales r\u00e8gnent encore sans qu&#8217;il soit n\u00e9cessaire de se r\u00e9f\u00e9rer \u00e0 leur histoire&#8230;<\/p>\n<p>&#8230; Le charme de Ventadour est po\u00e9tique ; il vient non seulement en r\u00e9ponse aux questions sur la beaut\u00e9 du verbe et de la m\u00e9lodie au service de l&#8217;amour : il est ces questions m\u00eame, il les traduit en paysage. L&#8217;amour est-il un art ? Y a-t-il un art d&#8217;aimer ? Les tour-op\u00e9rateurs friands de coups d&#8217;estoc et de taille n&#8217;ont &#8211; Dieu merci ! &#8211; que faire d&#8217;arguments de vente aussi t\u00e9nus, immat\u00e9riels, d&#8217;une esth\u00e9tique aussi indiscr\u00e8te et qui parle aux tr\u00e9fonds de la sensibilit\u00e9&#8230;<\/p>\n<p>Excellente antidote aux niaiseries des f\u00eates m\u00e9di\u00e9vales, Ventadour &#8211; po\u00e9sie, musique, langue d&#8217;oc &#8211; et sa vicomt\u00e9 \u00e0 travers l&#8217;histoire, mettent au d\u00e9fi de vivre, aimer et cr\u00e9er aujourd&#8217;hui.<\/p>\n<p>Sur un choix de photographies argentiques glan\u00e9es au fil des saisons par Jean-Christophe Mathias, se greffe une \u00ab philosophie des ruines \u00bb inspir\u00e9e par le haut lieu \u00e0 Luc de Goustine.<\/p>\n","protected":false},"excerpt":{"rendered":"<p>&#8230; Couronnant leur \u00e9peron barr\u00e9 entre les rivi\u00e8res, les courtines et les tours dressent depuis des si\u00e8cles leur embl\u00e8me seigneurial. Elles s&#8217;\u00e9rigent en ma\u00eetresses du paysage comme leur seigneur devait prot\u00e9ger le pays alentour. \u00c0 demi \u00e9croul\u00e9es, ces silhouettes spectrales r\u00e8gnent encore sans qu&#8217;il soit n\u00e9cessaire de se r\u00e9f\u00e9rer \u00e0 leur histoire&#8230; &#8230; Le charme [&hellip;]<\/p>\n","protected":false},"featured_media":37316,"template":"","meta":{"_acf_changed":false,"_genesis_hide_title":false,"_genesis_hide_breadcrumbs":false,"_genesis_hide_singular_image":false,"_genesis_hide_footer_widgets":false,"_genesis_custom_body_class":"","_genesis_custom_post_class":"","_genesis_layout":""},"product_brand":[],"product_cat":[7199,7133,7197],"product_tag":[],"class_list":{"0":"post-35324","1":"product","2":"type-product","3":"status-publish","4":"has-post-thumbnail","6":"product_cat-guides-torisme-viatge-oc","7":"product_cat-libres-oc","8":"product_cat-natura-torisme-oc","9":"pa_auteur-goustine-luc-de-fr-oc","10":"pa_editeur-carrefour-ventadour-fr-oc","11":"pa_illustrateur-grabowski-jan-oc","12":"pa_illustrateur-mathias-jean-christophe-oc","13":"pa_langue-francais-oc","14":"entry","16":"first","17":"instock","18":"shipping-taxable","19":"purchasable","20":"product-type-simple"},"acf":[],"_links":{"self":[{"href":"https:\/\/www.libraria-occitana.org\/oc\/wp-json\/wp\/v2\/product\/35324","targetHints":{"allow":["GET"]}}],"collection":[{"href":"https:\/\/www.libraria-occitana.org\/oc\/wp-json\/wp\/v2\/product"}],"about":[{"href":"https:\/\/www.libraria-occitana.org\/oc\/wp-json\/wp\/v2\/types\/product"}],"wp:featuredmedia":[{"embeddable":true,"href":"https:\/\/www.libraria-occitana.org\/oc\/wp-json\/wp\/v2\/media\/37316"}],"wp:attachment":[{"href":"https:\/\/www.libraria-occitana.org\/oc\/wp-json\/wp\/v2\/media?parent=35324"}],"wp:term":[{"taxonomy":"product_brand","embeddable":true,"href":"https:\/\/www.libraria-occitana.org\/oc\/wp-json\/wp\/v2\/product_brand?post=35324"},{"taxonomy":"product_cat","embeddable":true,"href":"https:\/\/www.libraria-occitana.org\/oc\/wp-json\/wp\/v2\/product_cat?post=35324"},{"taxonomy":"product_tag","embeddable":true,"href":"https:\/\/www.libraria-occitana.org\/oc\/wp-json\/wp\/v2\/product_tag?post=35324"}],"curies":[{"name":"wp","href":"https:\/\/api.w.org\/{rel}","templated":true}]}}