{"id":35412,"date":"2007-10-07T16:54:51","date_gmt":"2007-10-07T14:54:51","guid":{"rendered":"http:\/\/www.libraria-occitana.org\/?post_type=product&#038;p=35412\/"},"modified":"2026-04-13T22:21:08","modified_gmt":"2026-04-13T20:21:08","slug":"histoire-de-france-limposture","status":"publish","type":"product","link":"https:\/\/www.libraria-occitana.org\/oc\/produch\/histoire-de-france-limposture\/","title":{"rendered":"Histoire de France : L&#8217;Imposture"},"content":{"rendered":"<p>Les manuels scolaires d&#8217;Histoire, qui suivent scrupuleusement les instructions officielles \u00e9labor\u00e9es par Paris, reproduisent depuis 130 ans, de g\u00e9n\u00e9ration en g\u00e9n\u00e9ration, une histoire mythique imagin\u00e9e au XIX\u00e8me si\u00e8cle pour servir l&#8217;id\u00e9ologie de la bourgeoisie r\u00e9publicaine dans son entreprise de conqu\u00eates coloniales.<\/p>\n<p>Une\u00a0\u00ab Histoire de France \u00bb qui inventera des anc\u00eatres communs, Gaulois blonds aux yeux bleus, pour tous les \u00e9l\u00e8ves de Dunkerque \u00e0 Tamanrasset&#8230; Une Histoire qui exaltera les \u00ab vertus\u00a0\u00bb de la force des armes au d\u00e9triment du \u00ab droit des peuples \u00e0 disposer d&#8217;eux-m\u00eame\u00a0\u00bb&#8230; Une Histoire qui ignorera superbement ou d\u00e9nigrera les hommes et les femmes des territoires conquis : occitans et catalans, basques et bretons, corses et canaques, berb\u00e8res et martiniquais&#8230;<\/p>\n<p><strong>Une Histoire falsifi\u00e9e qui forgera et entretiendra jusqu&#8217;\u00e0 nos jours un nationalisme fran\u00e7ais dangereux, \u00e0 travers le culte de h\u00e9ros intouchables et d&#8217;une France \u00ab une et indivisible \u00bb.<\/strong><\/p>\n","protected":false},"excerpt":{"rendered":"<p>Les manuels scolaires d&#8217;Histoire, qui suivent scrupuleusement les instructions officielles \u00e9labor\u00e9es par Paris, reproduisent depuis 130 ans, de g\u00e9n\u00e9ration en g\u00e9n\u00e9ration, une histoire mythique imagin\u00e9e au XIX\u00e8me si\u00e8cle pour servir l&#8217;id\u00e9ologie de la bourgeoisie r\u00e9publicaine dans son entreprise de conqu\u00eates coloniales. Une\u00a0\u00ab Histoire de France \u00bb qui inventera des anc\u00eatres communs, Gaulois blonds aux yeux [&hellip;]<\/p>\n","protected":false},"featured_media":37552,"template":"","meta":{"_acf_changed":false,"_genesis_hide_title":false,"_genesis_hide_breadcrumbs":false,"_genesis_hide_singular_image":false,"_genesis_hide_footer_widgets":false,"_genesis_custom_body_class":"","_genesis_custom_post_class":"","_genesis_layout":""},"product_brand":[],"product_cat":[7157,7149,7133],"product_tag":[],"class_list":{"0":"post-35412","1":"product","2":"type-product","3":"status-publish","4":"has-post-thumbnail","6":"product_cat-istoria-generala-oc","7":"product_cat-istoria-geografia-oc","8":"product_cat-libres-oc","9":"pa_auteur-labouysse-georges-oc","10":"pa_editeur-ieo-fr-oc","11":"pa_langue-francais-oc","12":"entry","14":"first","15":"instock","16":"shipping-taxable","17":"purchasable","18":"product-type-simple"},"acf":[],"_links":{"self":[{"href":"https:\/\/www.libraria-occitana.org\/oc\/wp-json\/wp\/v2\/product\/35412","targetHints":{"allow":["GET"]}}],"collection":[{"href":"https:\/\/www.libraria-occitana.org\/oc\/wp-json\/wp\/v2\/product"}],"about":[{"href":"https:\/\/www.libraria-occitana.org\/oc\/wp-json\/wp\/v2\/types\/product"}],"wp:featuredmedia":[{"embeddable":true,"href":"https:\/\/www.libraria-occitana.org\/oc\/wp-json\/wp\/v2\/media\/37552"}],"wp:attachment":[{"href":"https:\/\/www.libraria-occitana.org\/oc\/wp-json\/wp\/v2\/media?parent=35412"}],"wp:term":[{"taxonomy":"product_brand","embeddable":true,"href":"https:\/\/www.libraria-occitana.org\/oc\/wp-json\/wp\/v2\/product_brand?post=35412"},{"taxonomy":"product_cat","embeddable":true,"href":"https:\/\/www.libraria-occitana.org\/oc\/wp-json\/wp\/v2\/product_cat?post=35412"},{"taxonomy":"product_tag","embeddable":true,"href":"https:\/\/www.libraria-occitana.org\/oc\/wp-json\/wp\/v2\/product_tag?post=35412"}],"curies":[{"name":"wp","href":"https:\/\/api.w.org\/{rel}","templated":true}]}}