{"id":35421,"date":"1996-10-04T17:45:25","date_gmt":"1996-10-04T15:45:25","guid":{"rendered":"http:\/\/www.libraria-occitana.org\/?post_type=product&#038;p=35421\/"},"modified":"2026-04-29T02:56:53","modified_gmt":"2026-04-29T00:56:53","slug":"grammaire-du-parler-occitan-nord-limousin-marchois-de-gartempe","status":"publish","type":"product","link":"https:\/\/www.libraria-occitana.org\/oc\/produch\/grammaire-du-parler-occitan-nord-limousin-marchois-de-gartempe\/","title":{"rendered":"Grammaire du parler occitan nord-limousin marchois de Gartempe et de Saint-Sylvain-Montaigut (Creuse)"},"content":{"rendered":"<p>Dans cette \u00e9tude, l&#8217;auteur pr\u00e9sente de mani\u00e8re d\u00e9taill\u00e9e les principales caract\u00e9ristiques, phon\u00e9tiques, morphologiques et lexicales du parler\u00a0\u00ab gartempaud\u00a0\u00bb et essaye de les expliquer dans la mesure du possible. Ce parler de fronti\u00e8re fait partie de la zone marchoise du Croissant, vaste bande, large de 10 \u00e0 30 km et longue de 300 km, dont les parlers pr\u00e9sentent simultan\u00e9ment des traits fran\u00e7ais et occitans.<\/p>\n","protected":false},"excerpt":{"rendered":"<p>Dans cette \u00e9tude, l&#8217;auteur pr\u00e9sente de mani\u00e8re d\u00e9taill\u00e9e les principales caract\u00e9ristiques, phon\u00e9tiques, morphologiques et lexicales du parler\u00a0\u00ab gartempaud\u00a0\u00bb et essaye de les expliquer dans la mesure du possible. Ce parler de fronti\u00e8re fait partie de la zone marchoise du Croissant, vaste bande, large de 10 \u00e0 30 km et longue de 300 km, dont les [&hellip;]<\/p>\n","protected":false},"featured_media":43231,"template":"","meta":{"_acf_changed":false,"_genesis_hide_title":false,"_genesis_hide_breadcrumbs":false,"_genesis_hide_singular_image":false,"_genesis_hide_footer_widgets":false,"_genesis_custom_body_class":"","_genesis_custom_post_class":"","_genesis_layout":""},"product_brand":[],"product_cat":[7139,7137,7133],"product_tag":[],"class_list":{"0":"post-35421","1":"product","2":"type-product","3":"status-publish","4":"has-post-thumbnail","6":"product_cat-diccionaris-gramaticas-oc","7":"product_cat-diccionaris-lenga-escolar-oc","8":"product_cat-libres-oc","9":"pa_auteur-quint-nicolas-oc","10":"pa_editeur-cleo-oc","11":"pa_langue-francais-oc","12":"pa_langue-occitan-oc","13":"pa_langue-occitan-lemosin-oc","14":"entry","16":"first","17":"outofstock","18":"shipping-taxable","19":"purchasable","20":"product-type-simple"},"acf":[],"_links":{"self":[{"href":"https:\/\/www.libraria-occitana.org\/oc\/wp-json\/wp\/v2\/product\/35421","targetHints":{"allow":["GET"]}}],"collection":[{"href":"https:\/\/www.libraria-occitana.org\/oc\/wp-json\/wp\/v2\/product"}],"about":[{"href":"https:\/\/www.libraria-occitana.org\/oc\/wp-json\/wp\/v2\/types\/product"}],"wp:featuredmedia":[{"embeddable":true,"href":"https:\/\/www.libraria-occitana.org\/oc\/wp-json\/wp\/v2\/media\/43231"}],"wp:attachment":[{"href":"https:\/\/www.libraria-occitana.org\/oc\/wp-json\/wp\/v2\/media?parent=35421"}],"wp:term":[{"taxonomy":"product_brand","embeddable":true,"href":"https:\/\/www.libraria-occitana.org\/oc\/wp-json\/wp\/v2\/product_brand?post=35421"},{"taxonomy":"product_cat","embeddable":true,"href":"https:\/\/www.libraria-occitana.org\/oc\/wp-json\/wp\/v2\/product_cat?post=35421"},{"taxonomy":"product_tag","embeddable":true,"href":"https:\/\/www.libraria-occitana.org\/oc\/wp-json\/wp\/v2\/product_tag?post=35421"}],"curies":[{"name":"wp","href":"https:\/\/api.w.org\/{rel}","templated":true}]}}