{"id":35441,"date":"2011-07-19T10:36:04","date_gmt":"2011-07-19T08:36:04","guid":{"rendered":"http:\/\/www.libraria-occitana.org\/?post_type=product&#038;p=35441\/"},"modified":"2026-04-29T06:36:19","modified_gmt":"2026-04-29T04:36:19","slug":"erbari-herbier","status":"publish","type":"product","link":"https:\/\/www.libraria-occitana.org\/oc\/produch\/erbari-herbier\/","title":{"rendered":"Erbari &#8211; Herbier"},"content":{"rendered":"<p>Joan-Maria Petit nos porg\u00eds aic\u00ed un erbari de 52 po\u00e8mas-plantas plan lunats, un per setmana de l&#8217;annada. Son tant de fichas botanicas e poeticas, la m\u00e0ger part f\u00f2r\u00e7a br\u00e8vas, esbossant un retrach d&#8217;arbre, d&#8217;\u00e8rba, de flor, o evocant un remembre, una cresen\u00e7a, un imatge ligat a una planta. Ves\u00e8m aital se dessenhar una fl\u00f2ra doblada d&#8217;una saviesa que deu f\u00f2r\u00e7a a la tradicion populara, una vegetacion familhara e fantasiosa coma los po\u00e8mas de l&#8217;autor. Trobam demest elas las plantas de l&#8217;\u00f2rt, del verdi\u00e8r e dels camps : miugrani\u00e8r, figui\u00e8ra, ametli\u00e8r, ceri\u00e8r, vinha e trelha, p\u00f2rre. Mas i trobam tanben las marridas \u00e8rbas e las plantas salvatjas, que son simpletament d&#8217;\u00e8ssers liures : gin\u00e8st, lachichon, arronze, verdboisset, correj\u00f2la, agram. L&#8217;etnobotanica \u00e7ai rescontra la pantaissada : apren\u00e8m per exemple la patarufa (formula incantat\u00f2ria) que f\u00f2r\u00e7a l&#8217;\u00e8usse, frair\u00f2t del sambuc, a sonhar lo v\u00e8rm del fetge o l&#8217;efi\u00e8ch, conf\u00f2rme a l&#8217;etimologia, de l&#8217;onop\u00f2rde (acantin) sus n\u00f2stres amics borric\u00f2ts. Cada po\u00e8ma es una suspresa, la que ressent\u00e8m a retrobar lo sorrire d&#8217;una flor qu&#8217;esper\u00e0vem pas o una sc\u00e8na d&#8217;enfan\u00e7a fins aqu\u00ed doblidada. L&#8217;erbari de Joan Maria Petit : una sasida fitopoetica del mond, prigondament umana, que res non es mai uman qu&#8217;aquelas creaturas vivas privadas de paraula e mai de consci\u00e9ncia, que lor dis\u00e8m plantas.<\/p>\n","protected":false},"excerpt":{"rendered":"<p>Joan-Maria Petit nos porg\u00eds aic\u00ed un erbari de 52 po\u00e8mas-plantas plan lunats, un per setmana de l&#8217;annada. Son tant de fichas botanicas e poeticas, la m\u00e0ger part f\u00f2r\u00e7a br\u00e8vas, esbossant un retrach d&#8217;arbre, d&#8217;\u00e8rba, de flor, o evocant un remembre, una cresen\u00e7a, un imatge ligat a una planta. Ves\u00e8m aital se dessenhar una fl\u00f2ra doblada [&hellip;]<\/p>\n","protected":false},"featured_media":43652,"template":"","meta":{"_acf_changed":false,"_genesis_hide_title":false,"_genesis_hide_breadcrumbs":false,"_genesis_hide_singular_image":false,"_genesis_hide_footer_widgets":false,"_genesis_custom_body_class":"","_genesis_custom_post_class":"","_genesis_layout":""},"product_brand":[],"product_cat":[7133,7175,7181],"product_tag":[],"class_list":{"0":"post-35441","1":"product","2":"type-product","3":"status-publish","4":"has-post-thumbnail","6":"product_cat-libres-oc","7":"product_cat-literatura-oc","8":"product_cat-poesia-oc","9":"pa_auteur-petit-joan-maria-oc","10":"pa_editeur-jorn-oc","11":"pa_langue-occitan-lengadocian-oc","12":"pa_langue-occitan-francais-oc","13":"entry","15":"first","16":"instock","17":"shipping-taxable","18":"purchasable","19":"product-type-simple"},"acf":[],"_links":{"self":[{"href":"https:\/\/www.libraria-occitana.org\/oc\/wp-json\/wp\/v2\/product\/35441","targetHints":{"allow":["GET"]}}],"collection":[{"href":"https:\/\/www.libraria-occitana.org\/oc\/wp-json\/wp\/v2\/product"}],"about":[{"href":"https:\/\/www.libraria-occitana.org\/oc\/wp-json\/wp\/v2\/types\/product"}],"wp:featuredmedia":[{"embeddable":true,"href":"https:\/\/www.libraria-occitana.org\/oc\/wp-json\/wp\/v2\/media\/43652"}],"wp:attachment":[{"href":"https:\/\/www.libraria-occitana.org\/oc\/wp-json\/wp\/v2\/media?parent=35441"}],"wp:term":[{"taxonomy":"product_brand","embeddable":true,"href":"https:\/\/www.libraria-occitana.org\/oc\/wp-json\/wp\/v2\/product_brand?post=35441"},{"taxonomy":"product_cat","embeddable":true,"href":"https:\/\/www.libraria-occitana.org\/oc\/wp-json\/wp\/v2\/product_cat?post=35441"},{"taxonomy":"product_tag","embeddable":true,"href":"https:\/\/www.libraria-occitana.org\/oc\/wp-json\/wp\/v2\/product_tag?post=35441"}],"curies":[{"name":"wp","href":"https:\/\/api.w.org\/{rel}","templated":true}]}}