{"id":35507,"date":"2015-02-01T10:45:08","date_gmt":"2015-02-01T09:45:08","guid":{"rendered":"http:\/\/www.libraria-occitana.org\/?post_type=product&#038;p=35507\/"},"modified":"2026-04-18T02:51:28","modified_gmt":"2026-04-18T00:51:28","slug":"dansons-avec-lou-gerbassou","status":"publish","type":"product","link":"https:\/\/www.libraria-occitana.org\/oc\/produch\/dansons-avec-lou-gerbassou\/","title":{"rendered":"Dansons avec Lou Gerbassou"},"content":{"rendered":"<p>Ambassadeur d\u2019Ambazac depuis 1962, Lou Gerbassou valorise la langue limousine et perp\u00e9tue les traditions par les chants, la musique et les danses au cours de ses spectacles \u00e0 travers la France et l\u2019Europe.<\/p>\n<p><strong>Titres :<br \/>\n<\/strong>1. Marches limousines 3&#8217;38<br \/>\n2. Sauti\u00e8res corr\u00e9ziennes 1&#8217;38<br \/>\n3. Mazurka Fran\u00e7oise 1&#8217;32<br \/>\n4. Scottish 1&#8217;36<br \/>\n5. Si mo ma\u00ef voulio 1&#8217;18<br \/>\n6. Lou rossignolet 1&#8217;32<br \/>\n7. Quadrille d&#8217;Ambazac 3&#8217;06<br \/>\n8. Las quatre sasouns (chants 7&#8217;03<br \/>\n9. Lo montagnardo 1&#8217;10<br \/>\n10. La polka de Madrangeas 1&#8217;16<br \/>\n11. Lou p\u00e9l\u00e9l\u00e9 1&#8217;16<br \/>\n12. La bourr\u00e9e \u00e0 deux 1&#8217;31<br \/>\n13. Sur notre lande 1&#8217;46<br \/>\n14. Lo Francinoun 1&#8217;56<br \/>\n15. L&#8217;aigo de rocho 2&#8217;28<br \/>\n16. La bourr\u00e9e guerri\u00e8re 1&#8217;38<br \/>\n17. Manha lo li 2&#8217;48<br \/>\n18. Regret 2&#8217;46<br \/>\n19. Lou tem dau suveni (chant) 4&#8217;34<br \/>\n20. La chaumeilloise 1&#8217;26<br \/>\n21. Lo tournijairo 1&#8217;43<br \/>\n22. La valse des bl\u00e9s noirs 2&#8217;41<br \/>\n23. Chez la m\u00e8re Jeannette 1&#8217;04<br \/>\n24. Le panliran 1&#8217;39<br \/>\n25. La bourr\u00e9e droite 1&#8217;48<br \/>\n26. La marche du Gerbassou 1&#8217;25<\/p>\n<p>&nbsp;<\/p>\n","protected":false},"excerpt":{"rendered":"<p>Ambassadeur d\u2019Ambazac depuis 1962, Lou Gerbassou valorise la langue limousine et perp\u00e9tue les traditions par les chants, la musique et les danses au cours de ses spectacles \u00e0 travers la France et l\u2019Europe. Titres : 1. Marches limousines 3&#8217;38 2. Sauti\u00e8res corr\u00e9ziennes 1&#8217;38 3. Mazurka Fran\u00e7oise 1&#8217;32 4. Scottish 1&#8217;36 5. Si mo ma\u00ef voulio [&hellip;]<\/p>\n","protected":false},"featured_media":59161,"template":"","meta":{"_acf_changed":false,"_genesis_hide_title":false,"_genesis_hide_breadcrumbs":false,"_genesis_hide_singular_image":false,"_genesis_hide_footer_widgets":false,"_genesis_custom_body_class":"","_genesis_custom_post_class":"","_genesis_layout":""},"product_brand":[],"product_cat":[16683,7237],"product_tag":[],"class_list":{"0":"post-35507","1":"product","2":"type-product","3":"status-publish","4":"has-post-thumbnail","6":"product_cat-musica-oc","7":"product_cat-tradicion-oc","8":"pa_auteur-lou-gerbassou-oc","9":"pa_editeur-lou-gerbassou-fr-oc","10":"pa_langue-francais-oc","11":"pa_langue-occitan-oc","12":"pa_langue-occitan-lemosin-oc","13":"entry","15":"first","16":"instock","17":"shipping-taxable","18":"purchasable","19":"product-type-simple"},"acf":[],"_links":{"self":[{"href":"https:\/\/www.libraria-occitana.org\/oc\/wp-json\/wp\/v2\/product\/35507","targetHints":{"allow":["GET"]}}],"collection":[{"href":"https:\/\/www.libraria-occitana.org\/oc\/wp-json\/wp\/v2\/product"}],"about":[{"href":"https:\/\/www.libraria-occitana.org\/oc\/wp-json\/wp\/v2\/types\/product"}],"wp:featuredmedia":[{"embeddable":true,"href":"https:\/\/www.libraria-occitana.org\/oc\/wp-json\/wp\/v2\/media\/59161"}],"wp:attachment":[{"href":"https:\/\/www.libraria-occitana.org\/oc\/wp-json\/wp\/v2\/media?parent=35507"}],"wp:term":[{"taxonomy":"product_brand","embeddable":true,"href":"https:\/\/www.libraria-occitana.org\/oc\/wp-json\/wp\/v2\/product_brand?post=35507"},{"taxonomy":"product_cat","embeddable":true,"href":"https:\/\/www.libraria-occitana.org\/oc\/wp-json\/wp\/v2\/product_cat?post=35507"},{"taxonomy":"product_tag","embeddable":true,"href":"https:\/\/www.libraria-occitana.org\/oc\/wp-json\/wp\/v2\/product_tag?post=35507"}],"curies":[{"name":"wp","href":"https:\/\/api.w.org\/{rel}","templated":true}]}}