{"id":35529,"date":"2017-01-23T20:34:32","date_gmt":"2017-01-23T19:34:32","guid":{"rendered":"http:\/\/www.libraria-occitana.org\/?post_type=product&#038;p=35529\/"},"modified":"2026-04-16T22:26:14","modified_gmt":"2026-04-16T20:26:14","slug":"contes","status":"publish","type":"product","link":"https:\/\/www.libraria-occitana.org\/oc\/produch\/contes\/","title":{"rendered":"Contes"},"content":{"rendered":"<p>Impregnat de l\u2019univ\u00e8rs fantastic dels contes tradicionals, Joan Bodon a retocat aqueste imaginari a son escritura.<br \/>\nSon recampats aqu\u00ed los <em>Contes del Drac<\/em>, <em>Contes del meu Ostal<\/em>, <em>Contes de Viaur<\/em>, <em>Lo pan de Froment<\/em> (nov\u00e8la).<\/p>\n<p><strong>Joan Bodon<\/strong>\u00a0(Jean Boudou en franc\u00e9s) (Crespin, 11\/12\/1920 &#8211; Argeria, 24\/02\/1975), es un dels grands escrivans del mond mod\u00e8rne. Marcat per l\u2019imaginari del conte, tracta dins son \u00f2bra de t\u00e8mas universals o biblics per parlar de son intimitat amb la lenga occitana que vei demesir.<\/p>\n","protected":false},"excerpt":{"rendered":"<p>Impregnat de l\u2019univ\u00e8rs fantastic dels contes tradicionals, Joan Bodon a retocat aqueste imaginari a son escritura. Son recampats aqu\u00ed los Contes del Drac, Contes del meu Ostal, Contes de Viaur, Lo pan de Froment (nov\u00e8la). Joan Bodon\u00a0(Jean Boudou en franc\u00e9s) (Crespin, 11\/12\/1920 &#8211; Argeria, 24\/02\/1975), es un dels grands escrivans del mond mod\u00e8rne. Marcat per [&hellip;]<\/p>\n","protected":false},"featured_media":42851,"template":"","meta":{"_acf_changed":false,"_genesis_hide_title":false,"_genesis_hide_breadcrumbs":false,"_genesis_hide_singular_image":false,"_genesis_hide_footer_widgets":false,"_genesis_custom_body_class":"","_genesis_custom_post_class":"","_genesis_layout":""},"product_brand":[],"product_cat":[7177,7133,7175],"product_tag":[],"class_list":{"0":"post-35529","1":"product","2":"type-product","3":"status-publish","4":"has-post-thumbnail","6":"product_cat-contes-fablas-oc","7":"product_cat-libres-oc","8":"product_cat-literatura-oc","9":"pa_auteur-bodon-joan-oc","10":"pa_editeur-ieo-fr-oc","11":"pa_langue-occitan-oc","12":"pa_langue-occitan-lengadocian-oc","13":"entry","15":"first","16":"instock","17":"shipping-taxable","18":"purchasable","19":"product-type-simple"},"acf":[],"_links":{"self":[{"href":"https:\/\/www.libraria-occitana.org\/oc\/wp-json\/wp\/v2\/product\/35529","targetHints":{"allow":["GET"]}}],"collection":[{"href":"https:\/\/www.libraria-occitana.org\/oc\/wp-json\/wp\/v2\/product"}],"about":[{"href":"https:\/\/www.libraria-occitana.org\/oc\/wp-json\/wp\/v2\/types\/product"}],"wp:featuredmedia":[{"embeddable":true,"href":"https:\/\/www.libraria-occitana.org\/oc\/wp-json\/wp\/v2\/media\/42851"}],"wp:attachment":[{"href":"https:\/\/www.libraria-occitana.org\/oc\/wp-json\/wp\/v2\/media?parent=35529"}],"wp:term":[{"taxonomy":"product_brand","embeddable":true,"href":"https:\/\/www.libraria-occitana.org\/oc\/wp-json\/wp\/v2\/product_brand?post=35529"},{"taxonomy":"product_cat","embeddable":true,"href":"https:\/\/www.libraria-occitana.org\/oc\/wp-json\/wp\/v2\/product_cat?post=35529"},{"taxonomy":"product_tag","embeddable":true,"href":"https:\/\/www.libraria-occitana.org\/oc\/wp-json\/wp\/v2\/product_tag?post=35529"}],"curies":[{"name":"wp","href":"https:\/\/api.w.org\/{rel}","templated":true}]}}