{"id":35612,"date":"2021-02-20T12:38:21","date_gmt":"2021-02-20T11:38:21","guid":{"rendered":"http:\/\/www.libraria-occitana.org\/?post_type=product&#038;p=35612\/"},"modified":"2026-04-15T23:36:20","modified_gmt":"2026-04-15T21:36:20","slug":"calades-les-sols-de-pierre","status":"publish","type":"product","link":"https:\/\/www.libraria-occitana.org\/oc\/produch\/calades-les-sols-de-pierre\/","title":{"rendered":"Calades : Les sols de pierre"},"content":{"rendered":"<p>La pierre est pr\u00e9sente dans tous les paysages du monde m\u00e9diterran\u00e9en. Utilis\u00e9e pour b\u00e2tir de solides murailles et des cabanes de berger, elle est aussi le mat\u00e9riau de pr\u00e9dilection pour le rev\u00eatement des chemins et des places.<br \/>\nEn Provence, on nomme \u00ab calade \u00bb la technique traditionnelle o\u00f9 la pierre brute locale est pos\u00e9e debout, sur chant. Certains villages conservent encore leurs aires de battage et leurs ruelles calad\u00e9es, tandis que dans les villes, les h\u00f4tels particuliers et les cours priv\u00e9es d\u00e9ploient leur richesse en de pr\u00e9cieux tapis de pierres. En Italie, les <em>ciottolati<\/em>, m\u00e9lange de galets noirs et blancs, recouvrent le parvis des \u00e9glises, tout comme en Gr\u00e8ce, o\u00f9 ils prennent le nom de <em>chochlakia<\/em>.<\/p>\n<p>Depuis quelques ann\u00e9es, de nombreuses cr\u00e9ations publiques ou priv\u00e9es remettent \u00e0 l\u2019honneur un savoir-faire que cet ouvrage a choisi d\u2019aborder sous deux angles compl\u00e9mentaires. La premi\u00e8re partie du livre entra\u00eene le lecteur dans une d\u00e9couverte typologique et historique des plus belles calades, de la M\u00e9diterran\u00e9e \u00e0 la Chine ; la seconde d\u00e9livre les r\u00e8gles de base qui permettront de r\u00e9aliser soi-m\u00eame un sol de pierre. Des dessins techniques et des photos illustrent avec pr\u00e9cision chacun des gestes du caladeur.<\/p>\n<p>\u00ab Apprendre a\u0300 observer les sols, comprendre qu\u2019ils participent a\u0300 l\u2019atmosphe\u0300re de nos cite\u0301s, e\u0301duquer le regard, aiguiser les sens, tels sont quelques-uns des objectifs de cet ouvrage. Face aux louables envies des villes et des villages, mais aussi des particuliers, de se re\u0301approprier ce savoir-faire \u2013 qui pour ame\u0301nager l\u2019espace urbain, qui pour de\u0301corer son jardin \u2013, il nous a semble\u0301 utile que le pre\u0301sent livre puisse e\u0302tre lu de deux manie\u0300res. Nous vous encourageons ne\u0301anmoins a\u0300 les aborder conjointement. \u00bb<\/p>\n","protected":false},"excerpt":{"rendered":"<p>La pierre est pr\u00e9sente dans tous les paysages du monde m\u00e9diterran\u00e9en. Utilis\u00e9e pour b\u00e2tir de solides murailles et des cabanes de berger, elle est aussi le mat\u00e9riau de pr\u00e9dilection pour le rev\u00eatement des chemins et des places. En Provence, on nomme \u00ab calade \u00bb la technique traditionnelle o\u00f9 la pierre brute locale est pos\u00e9e debout, [&hellip;]<\/p>\n","protected":false},"featured_media":54142,"template":"","meta":{"_acf_changed":false,"_genesis_hide_title":false,"_genesis_hide_breadcrumbs":false,"_genesis_hide_singular_image":false,"_genesis_hide_footer_widgets":false,"_genesis_custom_body_class":"","_genesis_custom_post_class":"","_genesis_layout":""},"product_brand":[],"product_cat":[7133,7213,7207],"product_tag":[],"class_list":{"0":"post-35612","1":"product","2":"type-product","3":"status-publish","4":"has-post-thumbnail","6":"product_cat-libres-oc","7":"product_cat-metiers-saubre-far-oc","8":"product_cat-tradicions-patrimoni-oc","9":"pa_auteur-pavia-fabienne-oc","10":"pa_auteur-sette-renat-oc","11":"pa_editeur-le-bec-en-lair-oc","12":"pa_illustrateur-emery-francois-xavier-oc","13":"pa_illustrateur-marando-joseph-oc","14":"pa_langue-francais-oc","15":"entry","17":"first","18":"outofstock","19":"shipping-taxable","20":"purchasable","21":"product-type-simple"},"acf":[],"_links":{"self":[{"href":"https:\/\/www.libraria-occitana.org\/oc\/wp-json\/wp\/v2\/product\/35612","targetHints":{"allow":["GET"]}}],"collection":[{"href":"https:\/\/www.libraria-occitana.org\/oc\/wp-json\/wp\/v2\/product"}],"about":[{"href":"https:\/\/www.libraria-occitana.org\/oc\/wp-json\/wp\/v2\/types\/product"}],"wp:featuredmedia":[{"embeddable":true,"href":"https:\/\/www.libraria-occitana.org\/oc\/wp-json\/wp\/v2\/media\/54142"}],"wp:attachment":[{"href":"https:\/\/www.libraria-occitana.org\/oc\/wp-json\/wp\/v2\/media?parent=35612"}],"wp:term":[{"taxonomy":"product_brand","embeddable":true,"href":"https:\/\/www.libraria-occitana.org\/oc\/wp-json\/wp\/v2\/product_brand?post=35612"},{"taxonomy":"product_cat","embeddable":true,"href":"https:\/\/www.libraria-occitana.org\/oc\/wp-json\/wp\/v2\/product_cat?post=35612"},{"taxonomy":"product_tag","embeddable":true,"href":"https:\/\/www.libraria-occitana.org\/oc\/wp-json\/wp\/v2\/product_tag?post=35612"}],"curies":[{"name":"wp","href":"https:\/\/api.w.org\/{rel}","templated":true}]}}