{"id":35671,"date":"2008-04-11T11:58:08","date_gmt":"2008-04-11T09:58:08","guid":{"rendered":"http:\/\/www.libraria-occitana.org\/?post_type=product&#038;p=35671\/"},"modified":"2026-04-29T10:40:18","modified_gmt":"2026-04-29T08:40:18","slug":"als-baugs","status":"publish","type":"product","link":"https:\/\/www.libraria-occitana.org\/oc\/produch\/als-baugs\/","title":{"rendered":"Als baugs"},"content":{"rendered":"<p>En Bo\u00e8ma, los contes son vertadi\u00e8rs&#8230;<br \/>\nLo m\u00e8stre relotgi\u00e8r fogu\u00e8t convocat per las autoritats. Caminava regde, \u00e8ra content d\u2019el. Avi\u00e1 complit son pr\u00e8tzfach, e los clients podi\u00e1n nadar dins l\u2019\u00f2li: un rel\u00f2tge coma aquel, n\u2019i avi\u00e1 pas dos au mond. Cabissi\u00e1 lo temps tot: las oras, los jorns, los meses, los moviments de la luna e dau solelh, qu\u2019aqu\u00f2 se passava abans Galil\u00e8u.<\/p>\n","protected":false},"excerpt":{"rendered":"<p>En Bo\u00e8ma, los contes son vertadi\u00e8rs&#8230; Lo m\u00e8stre relotgi\u00e8r fogu\u00e8t convocat per las autoritats. Caminava regde, \u00e8ra content d\u2019el. Avi\u00e1 complit son pr\u00e8tzfach, e los clients podi\u00e1n nadar dins l\u2019\u00f2li: un rel\u00f2tge coma aquel, n\u2019i avi\u00e1 pas dos au mond. Cabissi\u00e1 lo temps tot: las oras, los jorns, los meses, los moviments de la luna [&hellip;]<\/p>\n","protected":false},"featured_media":45943,"template":"","meta":{"_acf_changed":false,"_genesis_hide_title":false,"_genesis_hide_breadcrumbs":false,"_genesis_hide_singular_image":false,"_genesis_hide_footer_widgets":false,"_genesis_custom_body_class":"","_genesis_custom_post_class":"","_genesis_layout":""},"product_brand":[],"product_cat":[7133,7175,7183],"product_tag":[],"class_list":{"0":"post-35671","1":"product","2":"type-product","3":"status-publish","4":"has-post-thumbnail","6":"product_cat-libres-oc","7":"product_cat-literatura-oc","8":"product_cat-romans-novelas-oc","9":"pa_auteur-landier-jaume-oc","10":"pa_editeur-ieo-fr-oc","11":"pa_langue-occitan-oc","12":"pa_langue-occitan-lengadocian-oc","13":"entry","15":"first","16":"outofstock","17":"shipping-taxable","18":"purchasable","19":"product-type-simple"},"acf":[],"_links":{"self":[{"href":"https:\/\/www.libraria-occitana.org\/oc\/wp-json\/wp\/v2\/product\/35671","targetHints":{"allow":["GET"]}}],"collection":[{"href":"https:\/\/www.libraria-occitana.org\/oc\/wp-json\/wp\/v2\/product"}],"about":[{"href":"https:\/\/www.libraria-occitana.org\/oc\/wp-json\/wp\/v2\/types\/product"}],"wp:featuredmedia":[{"embeddable":true,"href":"https:\/\/www.libraria-occitana.org\/oc\/wp-json\/wp\/v2\/media\/45943"}],"wp:attachment":[{"href":"https:\/\/www.libraria-occitana.org\/oc\/wp-json\/wp\/v2\/media?parent=35671"}],"wp:term":[{"taxonomy":"product_brand","embeddable":true,"href":"https:\/\/www.libraria-occitana.org\/oc\/wp-json\/wp\/v2\/product_brand?post=35671"},{"taxonomy":"product_cat","embeddable":true,"href":"https:\/\/www.libraria-occitana.org\/oc\/wp-json\/wp\/v2\/product_cat?post=35671"},{"taxonomy":"product_tag","embeddable":true,"href":"https:\/\/www.libraria-occitana.org\/oc\/wp-json\/wp\/v2\/product_tag?post=35671"}],"curies":[{"name":"wp","href":"https:\/\/api.w.org\/{rel}","templated":true}]}}