{"id":35675,"date":"1988-04-19T11:16:22","date_gmt":"1988-04-19T09:16:22","guid":{"rendered":"http:\/\/www.libraria-occitana.org\/?post_type=product&#038;p=35675\/"},"modified":"2026-04-29T03:41:55","modified_gmt":"2026-04-29T01:41:55","slug":"le-paysan-larbre-et-la-vigne-lemouzi-n106-2","status":"publish","type":"product","link":"https:\/\/www.libraria-occitana.org\/oc\/produch\/le-paysan-larbre-et-la-vigne-lemouzi-n106-2\/","title":{"rendered":"Le paysan, l&#8217;arbre et la vigne \/ Lemouzi N\u00b0106"},"content":{"rendered":"<p>En occitan avec traduction fran\u00e7aise, ou en fran\u00e7ais.<\/p>\n<p>Po\u00e8mes en prose.<\/p>\n<p><strong>Somari :<\/strong><br \/>\n&#8211; La lenga (La langue)<br \/>\n&#8211; Sega de segre per un pa\u00edsan (Suite \u00e0 suivre pour un paysan)<br \/>\n&#8211; L&#8217;autre ciau (L&#8217;autre ciel)<br \/>\n&#8211; L&#8217;arbre : Les fleurs, Les b\u00fbcherons, Dit Dieu, La cr\u00e9ature, La croix<br \/>\n&#8211; Questa terra (Cette terre)<br \/>\n&#8211; Le chant secret de la vigne<br \/>\n&#8211; De quatre eternitats<\/p>\n","protected":false},"excerpt":{"rendered":"<p>En occitan avec traduction fran\u00e7aise, ou en fran\u00e7ais. Po\u00e8mes en prose. Somari : &#8211; La lenga (La langue) &#8211; Sega de segre per un pa\u00edsan (Suite \u00e0 suivre pour un paysan) &#8211; L&#8217;autre ciau (L&#8217;autre ciel) &#8211; L&#8217;arbre : Les fleurs, Les b\u00fbcherons, Dit Dieu, La cr\u00e9ature, La croix &#8211; Questa terra (Cette terre) &#8211; [&hellip;]<\/p>\n","protected":false},"featured_media":24107,"template":"","meta":{"_acf_changed":false,"_genesis_hide_title":false,"_genesis_hide_breadcrumbs":false,"_genesis_hide_singular_image":false,"_genesis_hide_footer_widgets":false,"_genesis_custom_body_class":"","_genesis_custom_post_class":"","_genesis_layout":""},"product_brand":[],"product_cat":[7133,7175,7181],"product_tag":[],"class_list":{"0":"post-35675","1":"product","2":"type-product","3":"status-publish","4":"has-post-thumbnail","6":"product_cat-libres-oc","7":"product_cat-literatura-oc","8":"product_cat-poesia-oc","9":"pa_auteur-delpastre-marcela-oc","10":"pa_editeur-lemouzi-oc","11":"pa_illustrateur-simeonin-jan-marc-oc","12":"pa_langue-francais-oc","13":"pa_langue-occitan-lemosin-oc","14":"pa_langue-occitan-francais-oc","15":"entry","17":"first","18":"outofstock","19":"shipping-taxable","20":"purchasable","21":"product-type-simple"},"acf":[],"_links":{"self":[{"href":"https:\/\/www.libraria-occitana.org\/oc\/wp-json\/wp\/v2\/product\/35675","targetHints":{"allow":["GET"]}}],"collection":[{"href":"https:\/\/www.libraria-occitana.org\/oc\/wp-json\/wp\/v2\/product"}],"about":[{"href":"https:\/\/www.libraria-occitana.org\/oc\/wp-json\/wp\/v2\/types\/product"}],"wp:featuredmedia":[{"embeddable":true,"href":"https:\/\/www.libraria-occitana.org\/oc\/wp-json\/wp\/v2\/media\/24107"}],"wp:attachment":[{"href":"https:\/\/www.libraria-occitana.org\/oc\/wp-json\/wp\/v2\/media?parent=35675"}],"wp:term":[{"taxonomy":"product_brand","embeddable":true,"href":"https:\/\/www.libraria-occitana.org\/oc\/wp-json\/wp\/v2\/product_brand?post=35675"},{"taxonomy":"product_cat","embeddable":true,"href":"https:\/\/www.libraria-occitana.org\/oc\/wp-json\/wp\/v2\/product_cat?post=35675"},{"taxonomy":"product_tag","embeddable":true,"href":"https:\/\/www.libraria-occitana.org\/oc\/wp-json\/wp\/v2\/product_tag?post=35675"}],"curies":[{"name":"wp","href":"https:\/\/api.w.org\/{rel}","templated":true}]}}