{"id":35697,"date":"2013-01-26T17:25:37","date_gmt":"2013-01-26T16:25:37","guid":{"rendered":"http:\/\/www.libraria-occitana.org\/?post_type=product&#038;p=35697\/"},"modified":"2026-04-16T04:16:40","modified_gmt":"2026-04-16T02:16:40","slug":"le-troubadour-arnaut-daniel","status":"publish","type":"product","link":"https:\/\/www.libraria-occitana.org\/oc\/produch\/le-troubadour-arnaut-daniel\/","title":{"rendered":"Le troubadour Arnaut Daniel"},"content":{"rendered":"<p><strong>Olivier Payrat :<\/strong> chant (01-03-04-06-08-10-11), vielle \u00e0 roue, oud, cornemuse<br \/>\n<strong>Yannick Gu\u00e9dec :<\/strong> chant (02-05-07-09), piano, fifre, m\u00e9lodica<br \/>\n<strong>Michel Haze :<\/strong> d\u00e9clamation (08), percussions<\/p>\n<p>Compositions : Y. Gu\u00e9dec (05-07) et O. Payrat (10).<br \/>\nTextes de G\u00e9rard Zuchetto d&#8217;apr\u00e8s le manuscrit m\u00e9di\u00e9val.<br \/>\nTraductions de Pierre Bec (01-04-05-07-10), Luc de Goustine (02-08-11), G\u00e9rard Zuchetto (03-06) et Ren\u00e9 Lavaud (09).<\/p>\n<p><strong>Titres :<\/strong><br \/>\n1. En cest sonet 5&#8217;58<br \/>\n2. Si \u22c5m fos amors 7&#8217;07<br \/>\n3. Chanson do \u22c5lh mot 4&#8217;50<br \/>\n4. Amors e jois 5&#8217;12<br \/>\n5. Ans que \u22c5l cim reston 4&#8217;03<br \/>\n6. Lo ferm voler 4&#8217;10<br \/>\n7. Doutz brais e critz 4&#8217;54<br \/>\n8. L&#8217;aur&#8217;amara 3&#8217;25<br \/>\n9. Sols sui qui sai 5&#8217;46<br \/>\n10. Pueis en Raimons e&#8217;N Turcs Malecs 4&#8217;19<br \/>\n11. Quand chai la fuelha 4&#8217;19<\/p>\n","protected":false},"excerpt":{"rendered":"<p>Olivier Payrat : chant (01-03-04-06-08-10-11), vielle \u00e0 roue, oud, cornemuse Yannick Gu\u00e9dec : chant (02-05-07-09), piano, fifre, m\u00e9lodica Michel Haze : d\u00e9clamation (08), percussions Compositions : Y. Gu\u00e9dec (05-07) et O. Payrat (10). Textes de G\u00e9rard Zuchetto d&#8217;apr\u00e8s le manuscrit m\u00e9di\u00e9val. Traductions de Pierre Bec (01-04-05-07-10), Luc de Goustine (02-08-11), G\u00e9rard Zuchetto (03-06) et Ren\u00e9 [&hellip;]<\/p>\n","protected":false},"featured_media":37313,"template":"","meta":{"_acf_changed":false,"_genesis_hide_title":false,"_genesis_hide_breadcrumbs":false,"_genesis_hide_singular_image":false,"_genesis_hide_footer_widgets":false,"_genesis_custom_body_class":"","_genesis_custom_post_class":"","_genesis_layout":""},"product_brand":[],"product_cat":[16683,7227],"product_tag":[],"class_list":{"0":"post-35697","1":"product","2":"type-product","3":"status-publish","4":"has-post-thumbnail","6":"product_cat-musica-oc","7":"product_cat-musica-classica-trobadors-oc","8":"pa_auteur-guedec-yannick-oc","9":"pa_auteur-haze-michel-oc","10":"pa_auteur-peirat-olivier-oc","11":"pa_editeur-troba-vox-oc","12":"pa_langue-occitan-oc","13":"pa_langue-occitan-medievau-oc","14":"entry","16":"first","17":"outofstock","18":"shipping-taxable","19":"purchasable","20":"product-type-simple"},"acf":[],"_links":{"self":[{"href":"https:\/\/www.libraria-occitana.org\/oc\/wp-json\/wp\/v2\/product\/35697","targetHints":{"allow":["GET"]}}],"collection":[{"href":"https:\/\/www.libraria-occitana.org\/oc\/wp-json\/wp\/v2\/product"}],"about":[{"href":"https:\/\/www.libraria-occitana.org\/oc\/wp-json\/wp\/v2\/types\/product"}],"wp:featuredmedia":[{"embeddable":true,"href":"https:\/\/www.libraria-occitana.org\/oc\/wp-json\/wp\/v2\/media\/37313"}],"wp:attachment":[{"href":"https:\/\/www.libraria-occitana.org\/oc\/wp-json\/wp\/v2\/media?parent=35697"}],"wp:term":[{"taxonomy":"product_brand","embeddable":true,"href":"https:\/\/www.libraria-occitana.org\/oc\/wp-json\/wp\/v2\/product_brand?post=35697"},{"taxonomy":"product_cat","embeddable":true,"href":"https:\/\/www.libraria-occitana.org\/oc\/wp-json\/wp\/v2\/product_cat?post=35697"},{"taxonomy":"product_tag","embeddable":true,"href":"https:\/\/www.libraria-occitana.org\/oc\/wp-json\/wp\/v2\/product_tag?post=35697"}],"curies":[{"name":"wp","href":"https:\/\/api.w.org\/{rel}","templated":true}]}}