{"id":35707,"date":"2014-11-29T11:33:12","date_gmt":"2014-11-29T10:33:12","guid":{"rendered":"http:\/\/www.libraria-occitana.org\/?post_type=product&#038;p=35707\/"},"modified":"2026-04-29T00:51:16","modified_gmt":"2026-04-28T22:51:16","slug":"lo-rei-de-las-agraulas-libre-cd","status":"publish","type":"product","link":"https:\/\/www.libraria-occitana.org\/oc\/produch\/lo-rei-de-las-agraulas-libre-cd\/","title":{"rendered":"Lo Rei de las Agraulas (libre + CD)"},"content":{"rendered":"<p>Un gran conte meravilh\u00f3s de Joan Franc\u00e9s Blad\u00e9, gessit de la soa \u00f2bra maja, los <em>Contes de Gasconha<\/em>.<\/p>\n<p>Un libe qui agradar\u00e0 aus mainats qui descobrir\u00e0n quin lo Rei de las Agraulas e la hilha de l\u2019\u00d2mi verd e\u2019s maridar\u00e0n e las espr\u00f2vas qui s\u2019enseguir\u00e0n t\u00e0 poder, fin finala, v\u00e9ncer los sortil\u00e8gis\u2026<\/p>\n","protected":false},"excerpt":{"rendered":"<p>Un gran conte meravilh\u00f3s de Joan Franc\u00e9s Blad\u00e9, gessit de la soa \u00f2bra maja, los Contes de Gasconha. Un libe qui agradar\u00e0 aus mainats qui descobrir\u00e0n quin lo Rei de las Agraulas e la hilha de l\u2019\u00d2mi verd e\u2019s maridar\u00e0n e las espr\u00f2vas qui s\u2019enseguir\u00e0n t\u00e0 poder, fin finala, v\u00e9ncer los sortil\u00e8gis\u2026<\/p>\n","protected":false},"featured_media":52765,"template":"","meta":{"_acf_changed":false,"_genesis_hide_title":false,"_genesis_hide_breadcrumbs":false,"_genesis_hide_singular_image":false,"_genesis_hide_footer_widgets":false,"_genesis_custom_body_class":"","_genesis_custom_post_class":"","_genesis_layout":""},"product_brand":[],"product_cat":[7171,7165,7133],"product_tag":[],"class_list":{"0":"post-35707","1":"product","2":"type-product","3":"status-publish","4":"has-post-thumbnail","6":"product_cat-drolles-oc","7":"product_cat-jounessa-bd-umor","8":"product_cat-libres-oc","9":"pa_auteur-blader-joan-frances-oc","10":"pa_editeur-letras-doc-oc","11":"pa_illustrateur-vissiere-sofia-oc","12":"pa_langue-occitan-oc","13":"pa_langue-occitan-gascon-oc","14":"entry","16":"first","17":"instock","18":"shipping-taxable","19":"purchasable","20":"product-type-simple"},"acf":[],"_links":{"self":[{"href":"https:\/\/www.libraria-occitana.org\/oc\/wp-json\/wp\/v2\/product\/35707","targetHints":{"allow":["GET"]}}],"collection":[{"href":"https:\/\/www.libraria-occitana.org\/oc\/wp-json\/wp\/v2\/product"}],"about":[{"href":"https:\/\/www.libraria-occitana.org\/oc\/wp-json\/wp\/v2\/types\/product"}],"wp:featuredmedia":[{"embeddable":true,"href":"https:\/\/www.libraria-occitana.org\/oc\/wp-json\/wp\/v2\/media\/52765"}],"wp:attachment":[{"href":"https:\/\/www.libraria-occitana.org\/oc\/wp-json\/wp\/v2\/media?parent=35707"}],"wp:term":[{"taxonomy":"product_brand","embeddable":true,"href":"https:\/\/www.libraria-occitana.org\/oc\/wp-json\/wp\/v2\/product_brand?post=35707"},{"taxonomy":"product_cat","embeddable":true,"href":"https:\/\/www.libraria-occitana.org\/oc\/wp-json\/wp\/v2\/product_cat?post=35707"},{"taxonomy":"product_tag","embeddable":true,"href":"https:\/\/www.libraria-occitana.org\/oc\/wp-json\/wp\/v2\/product_tag?post=35707"}],"curies":[{"name":"wp","href":"https:\/\/api.w.org\/{rel}","templated":true}]}}