{"id":35759,"date":"2019-12-23T07:07:57","date_gmt":"2019-12-23T06:07:57","guid":{"rendered":"http:\/\/www.libraria-occitana.org\/?post_type=product&#038;p=35759\/"},"modified":"2026-04-29T06:01:25","modified_gmt":"2026-04-29T04:01:25","slug":"petit-dictionnaire-de-la-litterature-occitane-du-moyen-age","status":"publish","type":"product","link":"https:\/\/www.libraria-occitana.org\/oc\/produch\/petit-dictionnaire-de-la-litterature-occitane-du-moyen-age\/","title":{"rendered":"Petit dictionnaire de la litt\u00e9rature occitane du Moyen-\u00c2ge : Auteurs, \u0153uvres, lexique"},"content":{"rendered":"<p>Dans son introduction, Paul Fabre explique la gen\u00e8se de cet ouvrage : \u00ab Ces retrouvailles avec les \u0153uvres brillantes d\u2019antan ne me suffirent bient\u00f4t plus. J\u2019eus envie de faire partager mon plaisir. Le coup de c\u0153ur continuait donc, mais il s\u2019accompagna bient\u00f4t du brin de raison que demande toute entreprise. Et cette raison r\u00e9clama bien vite une forme, mais une forme commode, disponible, facilement communicable. L\u2019id\u00e9e d\u2019un dictionnaire \u00e9tait n\u00e9e. \u00bb<\/p>\n<p>Je crois que s\u2019expriment dans ce paragraphe plusieurs des qualit\u00e9s de Paul Fabre : son extr\u00eame sensibilit\u00e9 qui lui donne pour ainsi dire un acc\u00e8s direct aux anciens troubadours, son esprit pratique qui lui donne l\u2019id\u00e9e du \u00ab petit \u00bb dictionnaire et surtout, surtout, cette immense g\u00e9n\u00e9rosit\u00e9 qui fait qu\u2019il n\u2019est pas pour lui de vrai plaisir si les autres n\u2019en ont pas leur part. Une g\u00e9n\u00e9rosit\u00e9 qui va plus loin que ses contemporains, d\u2019ailleurs, car je ne saurais dire combien il \u00e9tait difficile \u00e0 Paul de refuser \u00e0 quiconque l\u2019entr\u00e9e du \u00ab Petit dictionnaire \u00bb. Comme je m\u2019\u00e9tonnais de le voir consacrer un article \u00e0 un auteur dont on ne savait rien et dont on ne poss\u00e9dait pas grand chose, il m\u2019a r\u00e9pondu qu\u2019il serait triste de laisser tomber dans l\u2019oubli le nom de ce po\u00e8te. Paul Fabre aurait fait un bien mauvais ange pour interdire la porte du paradis, f\u00fbt-ce seulement celui des auteurs m\u00e9di\u00e9vaux occitans.<\/p>\n","protected":false},"excerpt":{"rendered":"<p>Dans son introduction, Paul Fabre explique la gen\u00e8se de cet ouvrage : \u00ab Ces retrouvailles avec les \u0153uvres brillantes d\u2019antan ne me suffirent bient\u00f4t plus. J\u2019eus envie de faire partager mon plaisir. Le coup de c\u0153ur continuait donc, mais il s\u2019accompagna bient\u00f4t du brin de raison que demande toute entreprise. Et cette raison r\u00e9clama bien [&hellip;]<\/p>\n","protected":false},"featured_media":52508,"template":"","meta":{"_acf_changed":false,"_genesis_hide_title":false,"_genesis_hide_breadcrumbs":false,"_genesis_hide_singular_image":false,"_genesis_hide_footer_widgets":false,"_genesis_custom_body_class":"","_genesis_custom_post_class":"","_genesis_layout":""},"product_brand":[],"product_cat":[7189,7133,7175],"product_tag":[],"class_list":{"0":"post-35759","1":"product","2":"type-product","3":"status-publish","4":"has-post-thumbnail","6":"product_cat-estudis-literaris-oc","7":"product_cat-libres-oc","8":"product_cat-literatura-oc","9":"pa_auteur-fabre-pau-oc","10":"pa_editeur-pu-mediterranee-oc","11":"pa_langue-francais-oc","12":"pa_langue-occitan-oc","13":"pa_langue-occitan-medievau-oc","14":"entry","16":"first","17":"instock","18":"shipping-taxable","19":"purchasable","20":"product-type-simple"},"acf":[],"_links":{"self":[{"href":"https:\/\/www.libraria-occitana.org\/oc\/wp-json\/wp\/v2\/product\/35759","targetHints":{"allow":["GET"]}}],"collection":[{"href":"https:\/\/www.libraria-occitana.org\/oc\/wp-json\/wp\/v2\/product"}],"about":[{"href":"https:\/\/www.libraria-occitana.org\/oc\/wp-json\/wp\/v2\/types\/product"}],"wp:featuredmedia":[{"embeddable":true,"href":"https:\/\/www.libraria-occitana.org\/oc\/wp-json\/wp\/v2\/media\/52508"}],"wp:attachment":[{"href":"https:\/\/www.libraria-occitana.org\/oc\/wp-json\/wp\/v2\/media?parent=35759"}],"wp:term":[{"taxonomy":"product_brand","embeddable":true,"href":"https:\/\/www.libraria-occitana.org\/oc\/wp-json\/wp\/v2\/product_brand?post=35759"},{"taxonomy":"product_cat","embeddable":true,"href":"https:\/\/www.libraria-occitana.org\/oc\/wp-json\/wp\/v2\/product_cat?post=35759"},{"taxonomy":"product_tag","embeddable":true,"href":"https:\/\/www.libraria-occitana.org\/oc\/wp-json\/wp\/v2\/product_tag?post=35759"}],"curies":[{"name":"wp","href":"https:\/\/api.w.org\/{rel}","templated":true}]}}