{"id":35772,"date":"2009-02-23T07:07:26","date_gmt":"2009-02-23T06:07:26","guid":{"rendered":"http:\/\/www.libraria-occitana.org\/?post_type=product&#038;p=35772\/"},"modified":"2026-04-19T05:11:47","modified_gmt":"2026-04-19T03:11:47","slug":"per-plan-las-dancar-vol-1-danses-doccitanie-albigeois-quercy-rouergue","status":"publish","type":"product","link":"https:\/\/www.libraria-occitana.org\/oc\/produch\/per-plan-las-dancar-vol-1-danses-doccitanie-albigeois-quercy-rouergue\/","title":{"rendered":"Per plan las dan\u00e7ar vol. 1 : Danses d&#8217;Occitanie (Albigeois, Quercy, Rouergue)"},"content":{"rendered":"<p>Ce premier DVD bilingue fran\u00e7ais-occitan pr\u00e9sente une quinzaine de danses collect\u00e9es par l&#8217;association CORDAE \/ La Talvera dans l&#8217;Albigeois, le Rouergue et le Quercy.<br \/>\nApr\u00e8s un rapide commentaire sur leur origine, les danses sont expliqu\u00e9es et montr\u00e9es de fa\u00e7on d\u00e9taill\u00e9e par un couple, puis dans\u00e9es de fa\u00e7on collective.<\/p>\n<p><strong>Titres :<\/strong><br \/>\n1. Lo branle<br \/>\n2. Lo branlon<br \/>\n3. Lo chiborin<br \/>\n4. Lo virolet p\u00f2lc\u00e0<br \/>\n5. Lo virolet d&#8217;Angles<br \/>\n6. Lo filoset<br \/>\n7. La farand\u00f2la dels Mart\u00eds<br \/>\n8. Lo brisa-p\u00e8<br \/>\n9. Lo tindelon<br \/>\n10. La salopada<br \/>\n11. Lo pas de borr\u00e8ia<br \/>\n12. La calha<br \/>\n13. La Sauvaterrata<br \/>\n14. Lo sauta l&#8217;ase<br \/>\n15. La bistanfl\u00fa<br \/>\n16. Lo monde rondina<\/p>\n","protected":false},"excerpt":{"rendered":"<p>Ce premier DVD bilingue fran\u00e7ais-occitan pr\u00e9sente une quinzaine de danses collect\u00e9es par l&#8217;association CORDAE \/ La Talvera dans l&#8217;Albigeois, le Rouergue et le Quercy. Apr\u00e8s un rapide commentaire sur leur origine, les danses sont expliqu\u00e9es et montr\u00e9es de fa\u00e7on d\u00e9taill\u00e9e par un couple, puis dans\u00e9es de fa\u00e7on collective. Titres : 1. Lo branle 2. Lo [&hellip;]<\/p>\n","protected":false},"featured_media":58096,"template":"","meta":{"_acf_changed":false,"_genesis_hide_title":false,"_genesis_hide_breadcrumbs":false,"_genesis_hide_singular_image":false,"_genesis_hide_footer_widgets":false,"_genesis_custom_body_class":"","_genesis_custom_post_class":"","_genesis_layout":""},"product_brand":[],"product_cat":[7246,7248,7240],"product_tag":[],"class_list":{"0":"post-35772","1":"product","2":"type-product","3":"status-publish","4":"has-post-thumbnail","6":"product_cat-jounessa-videos-2-oc","7":"product_cat-musica-literatura-oc","8":"product_cat-video-oc","9":"pa_auteur-la-talvera-oc","10":"pa_editeur-cordae-la-talvera-oc","11":"pa_langue-occitan-lengadocian-oc","12":"pa_langue-occitan-francais-oc","13":"entry","15":"first","16":"outofstock","17":"shipping-taxable","18":"purchasable","19":"product-type-simple"},"acf":[],"_links":{"self":[{"href":"https:\/\/www.libraria-occitana.org\/oc\/wp-json\/wp\/v2\/product\/35772","targetHints":{"allow":["GET"]}}],"collection":[{"href":"https:\/\/www.libraria-occitana.org\/oc\/wp-json\/wp\/v2\/product"}],"about":[{"href":"https:\/\/www.libraria-occitana.org\/oc\/wp-json\/wp\/v2\/types\/product"}],"wp:featuredmedia":[{"embeddable":true,"href":"https:\/\/www.libraria-occitana.org\/oc\/wp-json\/wp\/v2\/media\/58096"}],"wp:attachment":[{"href":"https:\/\/www.libraria-occitana.org\/oc\/wp-json\/wp\/v2\/media?parent=35772"}],"wp:term":[{"taxonomy":"product_brand","embeddable":true,"href":"https:\/\/www.libraria-occitana.org\/oc\/wp-json\/wp\/v2\/product_brand?post=35772"},{"taxonomy":"product_cat","embeddable":true,"href":"https:\/\/www.libraria-occitana.org\/oc\/wp-json\/wp\/v2\/product_cat?post=35772"},{"taxonomy":"product_tag","embeddable":true,"href":"https:\/\/www.libraria-occitana.org\/oc\/wp-json\/wp\/v2\/product_tag?post=35772"}],"curies":[{"name":"wp","href":"https:\/\/api.w.org\/{rel}","templated":true}]}}