{"id":35811,"date":"2007-01-26T18:40:17","date_gmt":"2007-01-26T17:40:17","guid":{"rendered":"http:\/\/www.libraria-occitana.org\/?post_type=product&#038;p=35811\/"},"modified":"2026-04-26T01:51:07","modified_gmt":"2026-04-25T23:51:07","slug":"lo-topin-de-la-marieta-ou-la-bonne-cuisine-du-limousin","status":"publish","type":"product","link":"https:\/\/www.libraria-occitana.org\/oc\/produch\/lo-topin-de-la-marieta-ou-la-bonne-cuisine-du-limousin\/","title":{"rendered":"Lo topin de la Marieta ou la bonne cuisine du Limousin"},"content":{"rendered":"<p>150 recettes traditionnelles recueillies, comment\u00e9es et illustr\u00e9es.<\/p>\n<p>\u00ab Fran\u00e7oise et Luc furent un jour inspir\u00e9s par le <em>topin<\/em> de leur lointaine a\u00efeule. \u00c0 fouiller dans le souvenir et le savoir, ils y d\u00e9couvrirent toutes les subtilit\u00e9s de la bonne cuisine limousine et ils en firent un livre&#8230; Puisse <em>Lo Topin de la Marieta<\/em> trouver sa place dans chaque foyer. \u00bb<\/p>\n<p style=\"text-align: right\">La Montagne \u2013 Simon Louradour<\/p>\n","protected":false},"excerpt":{"rendered":"<p>150 recettes traditionnelles recueillies, comment\u00e9es et illustr\u00e9es. \u00ab Fran\u00e7oise et Luc furent un jour inspir\u00e9s par le topin de leur lointaine a\u00efeule. \u00c0 fouiller dans le souvenir et le savoir, ils y d\u00e9couvrirent toutes les subtilit\u00e9s de la bonne cuisine limousine et ils en firent un livre&#8230; Puisse Lo Topin de la Marieta trouver sa [&hellip;]<\/p>\n","protected":false},"featured_media":37325,"template":"","meta":{"_acf_changed":false,"_genesis_hide_title":false,"_genesis_hide_breadcrumbs":false,"_genesis_hide_singular_image":false,"_genesis_hide_footer_widgets":false,"_genesis_custom_body_class":"","_genesis_custom_post_class":"","_genesis_layout":""},"product_brand":[],"product_cat":[7211,7133,7207],"product_tag":[],"class_list":{"0":"post-35811","1":"product","2":"type-product","3":"status-publish","4":"has-post-thumbnail","6":"product_cat-cosina-gastronomia-oc","7":"product_cat-libres-oc","8":"product_cat-tradicions-patrimoni-oc","9":"pa_auteur-goustine-francoise-de-oc","10":"pa_auteur-goustine-luc-de-fr-oc","11":"pa_editeur-francoise-luc-de-goustine-oc","12":"pa_langue-francais-oc","13":"entry","15":"first","16":"instock","17":"shipping-taxable","18":"purchasable","19":"product-type-simple"},"acf":[],"_links":{"self":[{"href":"https:\/\/www.libraria-occitana.org\/oc\/wp-json\/wp\/v2\/product\/35811","targetHints":{"allow":["GET"]}}],"collection":[{"href":"https:\/\/www.libraria-occitana.org\/oc\/wp-json\/wp\/v2\/product"}],"about":[{"href":"https:\/\/www.libraria-occitana.org\/oc\/wp-json\/wp\/v2\/types\/product"}],"wp:featuredmedia":[{"embeddable":true,"href":"https:\/\/www.libraria-occitana.org\/oc\/wp-json\/wp\/v2\/media\/37325"}],"wp:attachment":[{"href":"https:\/\/www.libraria-occitana.org\/oc\/wp-json\/wp\/v2\/media?parent=35811"}],"wp:term":[{"taxonomy":"product_brand","embeddable":true,"href":"https:\/\/www.libraria-occitana.org\/oc\/wp-json\/wp\/v2\/product_brand?post=35811"},{"taxonomy":"product_cat","embeddable":true,"href":"https:\/\/www.libraria-occitana.org\/oc\/wp-json\/wp\/v2\/product_cat?post=35811"},{"taxonomy":"product_tag","embeddable":true,"href":"https:\/\/www.libraria-occitana.org\/oc\/wp-json\/wp\/v2\/product_tag?post=35811"}],"curies":[{"name":"wp","href":"https:\/\/api.w.org\/{rel}","templated":true}]}}