{"id":35834,"date":"2003-10-26T17:53:19","date_gmt":"2003-10-26T16:53:19","guid":{"rendered":"http:\/\/www.libraria-occitana.org\/?post_type=product&#038;p=35834\/"},"modified":"2026-04-26T23:46:20","modified_gmt":"2026-04-26T21:46:20","slug":"lo-gojat-de-noveme-le-jeune-homme-de-novembre","status":"publish","type":"product","link":"https:\/\/www.libraria-occitana.org\/oc\/produch\/lo-gojat-de-noveme-le-jeune-homme-de-novembre\/","title":{"rendered":"Lo gojat de noveme &#8211; Le jeune homme de novembre"},"content":{"rendered":"<p>Ce roman de Bernard Manciet, paru pour la premi\u00e8re fois en 1964 et ressorti \u00e0 la fin des ann\u00e9es 90, est une des \u0153uvres majeures de la litt\u00e9rature occitane du XXe si\u00e8cle.<\/p>\n<p><em>Lo gojat de noveme<\/em> est le nom que donne Bernard, le narrateur \u00e0 cet \u00e9tranger qui vient chaque ann\u00e9e au Barrail pour quelques jours puis reprend son chemin vers on ne sait quel destin.<br \/>\nUne ann\u00e9e, il ne r\u00e9appara\u00eet pas. Commence alors une longue attente d&#8217;une famille \u00e9cras\u00e9e par la mis\u00e8re et l&#8217;isolement. Il reviendra pourtant, le jeune homme de novembre, mais rien ne sera plus comme avant. Bernard devra continuer \u00e0 vivre dans ce monde \u00e0 l&#8217;agonie malgr\u00e9 la tuberculose qui l&#8217;\u00e9touffe ; vivre jusqu&#8217;au bout du souffle, pour dire le secret qui d\u00e9chire son \u00e2me d&#8217;homme.<\/p>\n","protected":false},"excerpt":{"rendered":"<p>Ce roman de Bernard Manciet, paru pour la premi\u00e8re fois en 1964 et ressorti \u00e0 la fin des ann\u00e9es 90, est une des \u0153uvres majeures de la litt\u00e9rature occitane du XXe si\u00e8cle. Lo gojat de noveme est le nom que donne Bernard, le narrateur \u00e0 cet \u00e9tranger qui vient chaque ann\u00e9e au Barrail pour quelques [&hellip;]<\/p>\n","protected":false},"featured_media":47138,"template":"","meta":{"_acf_changed":false,"_genesis_hide_title":false,"_genesis_hide_breadcrumbs":false,"_genesis_hide_singular_image":false,"_genesis_hide_footer_widgets":false,"_genesis_custom_body_class":"","_genesis_custom_post_class":"","_genesis_layout":""},"product_brand":[],"product_cat":[7133,7175,7239,7183],"product_tag":[],"class_list":{"0":"post-35834","1":"product","2":"type-product","3":"status-publish","4":"has-post-thumbnail","6":"product_cat-libres-oc","7":"product_cat-literatura-oc","8":"product_cat-promos-oc","9":"product_cat-romans-novelas-oc","10":"pa_auteur-manciet-bernat-oc","11":"pa_editeur-reclams-oc","12":"pa_langue-occitan-gascon-oc","13":"pa_langue-occitan-francais-oc","14":"entry","16":"first","17":"outofstock","18":"shipping-taxable","19":"purchasable","20":"product-type-simple"},"acf":[],"_links":{"self":[{"href":"https:\/\/www.libraria-occitana.org\/oc\/wp-json\/wp\/v2\/product\/35834","targetHints":{"allow":["GET"]}}],"collection":[{"href":"https:\/\/www.libraria-occitana.org\/oc\/wp-json\/wp\/v2\/product"}],"about":[{"href":"https:\/\/www.libraria-occitana.org\/oc\/wp-json\/wp\/v2\/types\/product"}],"wp:featuredmedia":[{"embeddable":true,"href":"https:\/\/www.libraria-occitana.org\/oc\/wp-json\/wp\/v2\/media\/47138"}],"wp:attachment":[{"href":"https:\/\/www.libraria-occitana.org\/oc\/wp-json\/wp\/v2\/media?parent=35834"}],"wp:term":[{"taxonomy":"product_brand","embeddable":true,"href":"https:\/\/www.libraria-occitana.org\/oc\/wp-json\/wp\/v2\/product_brand?post=35834"},{"taxonomy":"product_cat","embeddable":true,"href":"https:\/\/www.libraria-occitana.org\/oc\/wp-json\/wp\/v2\/product_cat?post=35834"},{"taxonomy":"product_tag","embeddable":true,"href":"https:\/\/www.libraria-occitana.org\/oc\/wp-json\/wp\/v2\/product_tag?post=35834"}],"curies":[{"name":"wp","href":"https:\/\/api.w.org\/{rel}","templated":true}]}}