{"id":35867,"date":"1986-10-02T16:20:08","date_gmt":"1986-10-02T15:20:08","guid":{"rendered":"http:\/\/www.libraria-occitana.org\/?post_type=product&#038;p=35867\/"},"modified":"2026-04-29T10:02:38","modified_gmt":"2026-04-29T08:02:38","slug":"le-tresor-des-contes-le-bestiaire","status":"publish","type":"product","link":"https:\/\/www.libraria-occitana.org\/oc\/produch\/le-tresor-des-contes-le-bestiaire\/","title":{"rendered":"Le Tr\u00e9sor des Contes : Le Bestiaire"},"content":{"rendered":"<p>Il y avait une fois, l\u00e0-haut, sur ces montagnes, un agnel blanc. Alors, petit, veux-tu entendre son histoire ?<\/p>\n<p>Avec celle de la rate et de son cher ratou, du pauvre petit pou et aussi du grillon, qu&#8217;on appelle encore le grelet, le cri-cri. Peut-\u00eatre que les b\u00eates sont comme les fleurs des champs, que chacune a trois noms ? L&#8217;orvet, par exemple, on le nomme chez nous, l&#8217;anivet ; dans le Languedoc, le nadel ; et dans le Berry, le langou. Ceux qui savent les choses assurent qu&#8217;il est terrible.<\/p>\n<p>Voici surtout les oiseaux : Margot la pie, l&#8217;ajasse ; la tourterelle et l&#8217;auriol &#8211; c&#8217;est le loriot ; le roitelet qu&#8217;on nomme encore le roi-petit, le roi-Berthaud, le roi-bellot&#8230; Les oiseaux ont un don : ils saisissent les choses avant que les humains les d\u00e9m\u00ealent.<\/p>\n<p>Vous savez aussi ce qu&#8217;on dit : l&#8217;\u00e2ne et le b\u0153uf, une fois l&#8217;an, \u00e0 la No\u00ebl, peuvent parler comme les gens. En revanche, c&#8217;est dans la nuit de la Saint-Jean que les animaux sauvages d\u00e9voilent leurs secrets. Le coq hardi devient parfois coq du clocher ou Moiti\u00e9-de-Coq, voire Quartier-de-Poulet. Rien de terrible comme les b\u00eates un peu sorci\u00e8res. Si ce n&#8217;est plus terribles encore, les moiti\u00e9s de b\u00eates.<\/p>\n<p>Mais que ce soit le bouc dans la cong\u00e8re ou le pauvre \u00e2nichon, la biquette et ses biquets ou les poules et les oisonnes, tous redoutent le loup qui, lui, se d\u00e9fie du renard l&#8217;entra\u00eenant \u00e0 la mare et par les champs.<\/p>\n<p>O\u00f9 trouver refuge sinon au ch\u00e2teau m\u00eame des loups ? Les animaux domestiques si d\u00e9daign\u00e9s y sont all\u00e9s et les ont d\u00e9log\u00e9s : d&#8217;amont, d&#8217;aval, de droite, de gauche, loups, louves, louveteaux, se sont mis \u00e0 fuir, de plus en plus vite, de plus en plus vite. Et \u00e0 cette heure :<br \/>\n\u00ab S&#8217;ils ne sont morts<br \/>\nPar la campagne ils courent encore ! \u00bb<\/p>\n<p>Ce <em>Bestiaire<\/em> regroupe 99 r\u00e9cits, accompagn\u00e9s de la derni\u00e8re note \u00e9crite par Henri Pourrat pour le <em>Tr\u00e9sor<\/em> et d&#8217;un Index alphab\u00e9tique g\u00e9n\u00e9ral du millier de contes pr\u00e9sent\u00e9s dans cette \u00e9dition th\u00e9matique illustr\u00e9e.<\/p>\n","protected":false},"excerpt":{"rendered":"<p>Il y avait une fois, l\u00e0-haut, sur ces montagnes, un agnel blanc. Alors, petit, veux-tu entendre son histoire ? Avec celle de la rate et de son cher ratou, du pauvre petit pou et aussi du grillon, qu&#8217;on appelle encore le grelet, le cri-cri. Peut-\u00eatre que les b\u00eates sont comme les fleurs des champs, que [&hellip;]<\/p>\n","protected":false},"featured_media":45243,"template":"","meta":{"_acf_changed":false,"_genesis_hide_title":false,"_genesis_hide_breadcrumbs":false,"_genesis_hide_singular_image":false,"_genesis_hide_footer_widgets":false,"_genesis_custom_body_class":"","_genesis_custom_post_class":"","_genesis_layout":""},"product_brand":[],"product_cat":[7177,7133,7175],"product_tag":[],"class_list":{"0":"post-35867","1":"product","2":"type-product","3":"status-publish","4":"has-post-thumbnail","6":"product_cat-contes-fablas-oc","7":"product_cat-libres-oc","8":"product_cat-literatura-oc","9":"pa_auteur-pourrat-henri-oc","10":"pa_editeur-gallimard-oc","11":"pa_langue-francais-oc","12":"entry","14":"first","15":"outofstock","16":"shipping-taxable","17":"purchasable","18":"product-type-simple"},"acf":[],"_links":{"self":[{"href":"https:\/\/www.libraria-occitana.org\/oc\/wp-json\/wp\/v2\/product\/35867","targetHints":{"allow":["GET"]}}],"collection":[{"href":"https:\/\/www.libraria-occitana.org\/oc\/wp-json\/wp\/v2\/product"}],"about":[{"href":"https:\/\/www.libraria-occitana.org\/oc\/wp-json\/wp\/v2\/types\/product"}],"wp:featuredmedia":[{"embeddable":true,"href":"https:\/\/www.libraria-occitana.org\/oc\/wp-json\/wp\/v2\/media\/45243"}],"wp:attachment":[{"href":"https:\/\/www.libraria-occitana.org\/oc\/wp-json\/wp\/v2\/media?parent=35867"}],"wp:term":[{"taxonomy":"product_brand","embeddable":true,"href":"https:\/\/www.libraria-occitana.org\/oc\/wp-json\/wp\/v2\/product_brand?post=35867"},{"taxonomy":"product_cat","embeddable":true,"href":"https:\/\/www.libraria-occitana.org\/oc\/wp-json\/wp\/v2\/product_cat?post=35867"},{"taxonomy":"product_tag","embeddable":true,"href":"https:\/\/www.libraria-occitana.org\/oc\/wp-json\/wp\/v2\/product_tag?post=35867"}],"curies":[{"name":"wp","href":"https:\/\/api.w.org\/{rel}","templated":true}]}}