{"id":35884,"date":"2015-10-06T18:38:55","date_gmt":"2015-10-06T16:38:55","guid":{"rendered":"http:\/\/www.libraria-occitana.org\/?post_type=product&#038;p=35884\/"},"modified":"2026-04-29T10:37:42","modified_gmt":"2026-04-29T08:37:42","slug":"le-petit-dico-du-pays-doc-glossaire-du-francais-parle-en-pays-doc","status":"publish","type":"product","link":"https:\/\/www.libraria-occitana.org\/oc\/produch\/le-petit-dico-du-pays-doc-glossaire-du-francais-parle-en-pays-doc\/","title":{"rendered":"Le petit dico du Pays d&#8217;Oc : Glossaire du fran\u00e7ais parl\u00e9 en Pays d&#8217;Oc"},"content":{"rendered":"<p><em>Le Petit dico du Pays d&#8217;Oc<\/em> rassemble une s\u00e9rie de chroniques radiophoniques diffus\u00e9es sur France Bleu et publi\u00e9es dans l&#8217;hebdomadaire <em>La Gazette<\/em>.<br \/>\nJoanda, la voix et la plume de ces chroniques, nous donne ici la signification de plusieurs dizaines de termes occitans employ\u00e9s dans la parole de tous les jours.<br \/>\nSans \u00eatre exhaustif, il s&#8217;agit d&#8217;un glossaire comment\u00e9 et accompagn\u00e9 d&#8217;exemples qui s&#8217;adresse \u00e0 ceux qui connaissent et parlent d\u00e9j\u00e0 la langue occitane comme \u00e0 ceux qui souhaitent mieux cerner les p\u00e9pites de la parole quotidienne en Occitanie.<br \/>\nComme une bonne musique \u00e0 mettre entre toutes les oreilles.<\/p>\n","protected":false},"excerpt":{"rendered":"<p>Le Petit dico du Pays d&#8217;Oc rassemble une s\u00e9rie de chroniques radiophoniques diffus\u00e9es sur France Bleu et publi\u00e9es dans l&#8217;hebdomadaire La Gazette. Joanda, la voix et la plume de ces chroniques, nous donne ici la signification de plusieurs dizaines de termes occitans employ\u00e9s dans la parole de tous les jours. Sans \u00eatre exhaustif, il s&#8217;agit [&hellip;]<\/p>\n","protected":false},"featured_media":43060,"template":"","meta":{"_acf_changed":false,"_genesis_hide_title":false,"_genesis_hide_breadcrumbs":false,"_genesis_hide_singular_image":false,"_genesis_hide_footer_widgets":false,"_genesis_custom_body_class":"","_genesis_custom_post_class":"","_genesis_layout":""},"product_brand":[],"product_cat":[7137,7133,7147],"product_tag":[],"class_list":{"0":"post-35884","1":"product","2":"type-product","3":"status-publish","4":"has-post-thumbnail","6":"product_cat-diccionaris-lenga-escolar-oc","7":"product_cat-libres-oc","8":"product_cat-vocabulari-biais-de-dire-oc","9":"pa_auteur-joanda-oc","10":"pa_editeur-trabucaire-oc","11":"pa_langue-francais-oc","12":"pa_langue-occitan-oc","13":"pa_langue-occitan-lengadocian-oc","14":"entry","16":"first","17":"outofstock","18":"shipping-taxable","19":"purchasable","20":"product-type-simple"},"acf":[],"_links":{"self":[{"href":"https:\/\/www.libraria-occitana.org\/oc\/wp-json\/wp\/v2\/product\/35884","targetHints":{"allow":["GET"]}}],"collection":[{"href":"https:\/\/www.libraria-occitana.org\/oc\/wp-json\/wp\/v2\/product"}],"about":[{"href":"https:\/\/www.libraria-occitana.org\/oc\/wp-json\/wp\/v2\/types\/product"}],"wp:featuredmedia":[{"embeddable":true,"href":"https:\/\/www.libraria-occitana.org\/oc\/wp-json\/wp\/v2\/media\/43060"}],"wp:attachment":[{"href":"https:\/\/www.libraria-occitana.org\/oc\/wp-json\/wp\/v2\/media?parent=35884"}],"wp:term":[{"taxonomy":"product_brand","embeddable":true,"href":"https:\/\/www.libraria-occitana.org\/oc\/wp-json\/wp\/v2\/product_brand?post=35884"},{"taxonomy":"product_cat","embeddable":true,"href":"https:\/\/www.libraria-occitana.org\/oc\/wp-json\/wp\/v2\/product_cat?post=35884"},{"taxonomy":"product_tag","embeddable":true,"href":"https:\/\/www.libraria-occitana.org\/oc\/wp-json\/wp\/v2\/product_tag?post=35884"}],"curies":[{"name":"wp","href":"https:\/\/api.w.org\/{rel}","templated":true}]}}