{"id":35899,"date":"2006-03-04T18:15:48","date_gmt":"2006-03-04T17:15:48","guid":{"rendered":"http:\/\/www.libraria-occitana.org\/?post_type=product&#038;p=35899\/"},"modified":"2026-04-29T10:34:29","modified_gmt":"2026-04-29T08:34:29","slug":"le-metier-demailleur-a-limoges-xvie-xviie-siecle","status":"publish","type":"product","link":"https:\/\/www.libraria-occitana.org\/oc\/produch\/le-metier-demailleur-a-limoges-xvie-xviie-siecle\/","title":{"rendered":"Le m\u00e9tier d&#8217;\u00e9mailleur \u00e0 Limoges XVIe-XVIIe si\u00e8cle"},"content":{"rendered":"<p>L&#8217;art de l&#8217;\u00e9mail constitue une production originale qui a contribu\u00e9 d\u00e8s le Moyen \u00c2ge \u00e0 la r\u00e9putation de la ville de Limoges. Avec la Renaissance et la mode des \u00e9maux peints, la renomm\u00e9e artistique de la cit\u00e9 se perp\u00e9tue gr\u00e2ce en particulier \u00e0 la figure de L\u00e9onard Limosin. Cependant, sa stature et son prestige ont longtemps occult\u00e9 les autres \u00e9mailleurs de Limoges. L\u2019ouvrage part \u00e0 la rencontre de ces quasi inconnus.<\/p>\n<p>Gr\u00e2ce au d\u00e9pouillement de fonds d&#8217;archives largement in\u00e9dites, puis\u00e9es notamment dans le minutier de la ville, un portrait collectif de ces artisans d&#8217;art au XVIe si\u00e8cle et au XVIIe si\u00e8cle est bross\u00e9. Leurs conditions de vie, leurs positions sociales et leurs alliances sont expos\u00e9es. Les sources permettent aussi d&#8217;explorer le fonctionnement du m\u00e9tier, ses techniques et son apprentissage. Elles donnent des indications sur les mod\u00e8les utilis\u00e9s par les \u00e9mailleurs et leur circulation. L&#8217;approche du march\u00e9 et des client\u00e8les apporte un \u00e9clairage sur la diffusion des \u00e9maux peints et renseigne sur les succ\u00e8s variables de leurs auteurs.<\/p>\n<p><strong>Somari<\/strong><\/p>\n<p>Introduction<\/p>\n<p><strong>Premi\u00e8re partie : Les \u00e9mailleurs<\/strong><br \/>\nChapitre premier : Un effectif r\u00e9duit et fluctuant (XVIe-XVIIe si\u00e8cles)<br \/>\nLes ann\u00e9es 1580-1600<br \/>\n1590-1600, une d\u00e9cennie de rupture<br \/>\nLes belles ann\u00e9es 1620-1630<br \/>\nLes ann\u00e9es 1650-1670<br \/>\nChapitre II : Les revenus des \u00e9mailleurs<br \/>\nLa coutume de Limoges et les \u00e9mailleurs<br \/>\nLa m\u00e9diocre aisance des \u00e9mailleurs<br \/>\nLa maison des \u00e9mailleurs<br \/>\nLes autres biens<br \/>\nDes exemples de fortunes<br \/>\nChapitre III : Le milieu social des \u00e9mailleurs<br \/>\nLes alliances matrimoniales<br \/>\n\u00c9mailleurs et mobilit\u00e9 sociale<br \/>\nDes liens professionnels et de voisinage<br \/>\nChapitre IV : Les \u00e9mailleurs dans la cit\u00e9<br \/>\nProximit\u00e9 et diss\u00e9mination de leurs r\u00e9sidences<br \/>\nLes \u00e9mailleurs et la ville<br \/>\n\u00c9mailleurs et choix religieux<br \/>\n\u00c9mailleurs et culture<\/p>\n<p><strong>Deuxi\u00e8me partie : Le m\u00e9tier<\/strong><br \/>\nChapitre premier : Le cadre du m\u00e9tier et son apprentissage<br \/>\nLa d\u00e9finition du m\u00e9tier<br \/>\nL\u2019\u00e9maillerie entre l\u2019orf\u00e8vrerie et la peinture<br \/>\nL\u2019apprentissage et la transmission du m\u00e9tier<br \/>\nSignatures, monogrammes et marques<br \/>\nChapitre II : La technique du m\u00e9tier<br \/>\nLe cadre du travail : l\u2019atelier<br \/>\nLa technique de l\u2019\u00e9mail peint<br \/>\nDes recettes d\u2019\u00e9mailleurs<br \/>\nL\u2019approvisionnement en mati\u00e8res premi\u00e8res<br \/>\nChapitre III : Les \u00e9mailleurs et leurs mod\u00e8les<br \/>\nLes mod\u00e8les non grav\u00e9s<br \/>\n\u00c9mail et gravures<\/p>\n<p><strong>Troisi\u00e8me partie : March\u00e9s et client\u00e8les<\/strong><br \/>\nChapitre premier : Le commerce de l\u2019\u00e9mail<br \/>\nLes objets aux XVIe et XVIIe si\u00e8cles<br \/>\nLe prix des \u00e9maux aux XVIe et XVIIe si\u00e8cles<br \/>\nLes conditions de vente<br \/>\nChapitre II : Les amateurs d\u2019\u00e9maux peints<br \/>\nLes souverains<br \/>\nPrinces du sang et nobles de Cour<br \/>\nNobles de province, nobles limousins<br \/>\nNoblesse de robe et \u00e9lites urbaines<br \/>\nChapitre III : Les client\u00e8les au XVIIe si\u00e8cle<br \/>\nLes \u00e9maux du XVIIe si\u00e8cle : une production pour l\u2019\u00c9glise ?<br \/>\nClient\u00e8les et commandes la\u00efques \u00e0 Limoges<br \/>\nLes collectionneurs d\u2019\u00e9maux peints au XVIIe si\u00e8cle<\/p>\n<p>Conclusion g\u00e9n\u00e9rale<\/p>\n<p>Annexes<br \/>\nLes \u00e9mailleurs de Limoges. Indications biographiques<br \/>\nPi\u00e8ces justificatives<br \/>\nSources et bibliographie<\/p>\n","protected":false},"excerpt":{"rendered":"<p>L&#8217;art de l&#8217;\u00e9mail constitue une production originale qui a contribu\u00e9 d\u00e8s le Moyen \u00c2ge \u00e0 la r\u00e9putation de la ville de Limoges. Avec la Renaissance et la mode des \u00e9maux peints, la renomm\u00e9e artistique de la cit\u00e9 se perp\u00e9tue gr\u00e2ce en particulier \u00e0 la figure de L\u00e9onard Limosin. Cependant, sa stature et son prestige ont [&hellip;]<\/p>\n","protected":false},"featured_media":55930,"template":"","meta":{"_acf_changed":false,"_genesis_hide_title":false,"_genesis_hide_breadcrumbs":false,"_genesis_hide_singular_image":false,"_genesis_hide_footer_widgets":false,"_genesis_custom_body_class":"","_genesis_custom_post_class":"","_genesis_layout":""},"product_brand":[],"product_cat":[7159,7149,7133],"product_tag":[],"class_list":{"0":"post-35899","1":"product","2":"type-product","3":"status-publish","4":"has-post-thumbnail","6":"product_cat-istoria-moderna-e-contemporala-oc","7":"product_cat-istoria-geografia-oc","8":"product_cat-libres-oc","9":"pa_auteur-beyssi-cassan-maryvonne-oc","10":"pa_editeur-pu-limoges-oc","11":"pa_langue-francais-oc","12":"entry","14":"first","15":"instock","16":"shipping-taxable","17":"purchasable","18":"product-type-simple"},"acf":[],"_links":{"self":[{"href":"https:\/\/www.libraria-occitana.org\/oc\/wp-json\/wp\/v2\/product\/35899","targetHints":{"allow":["GET"]}}],"collection":[{"href":"https:\/\/www.libraria-occitana.org\/oc\/wp-json\/wp\/v2\/product"}],"about":[{"href":"https:\/\/www.libraria-occitana.org\/oc\/wp-json\/wp\/v2\/types\/product"}],"wp:featuredmedia":[{"embeddable":true,"href":"https:\/\/www.libraria-occitana.org\/oc\/wp-json\/wp\/v2\/media\/55930"}],"wp:attachment":[{"href":"https:\/\/www.libraria-occitana.org\/oc\/wp-json\/wp\/v2\/media?parent=35899"}],"wp:term":[{"taxonomy":"product_brand","embeddable":true,"href":"https:\/\/www.libraria-occitana.org\/oc\/wp-json\/wp\/v2\/product_brand?post=35899"},{"taxonomy":"product_cat","embeddable":true,"href":"https:\/\/www.libraria-occitana.org\/oc\/wp-json\/wp\/v2\/product_cat?post=35899"},{"taxonomy":"product_tag","embeddable":true,"href":"https:\/\/www.libraria-occitana.org\/oc\/wp-json\/wp\/v2\/product_tag?post=35899"}],"curies":[{"name":"wp","href":"https:\/\/api.w.org\/{rel}","templated":true}]}}