{"id":35927,"date":"2001-01-16T17:33:04","date_gmt":"2001-01-16T16:33:04","guid":{"rendered":"http:\/\/www.libraria-occitana.org\/?post_type=product&#038;p=35927\/"},"modified":"2026-04-20T22:56:21","modified_gmt":"2026-04-20T20:56:21","slug":"le-dit-de-loiseau-gris-interpretation-des-contes-del-meu-ostal-de-jean-boudou","status":"publish","type":"product","link":"https:\/\/www.libraria-occitana.org\/oc\/produch\/le-dit-de-loiseau-gris-interpretation-des-contes-del-meu-ostal-de-jean-boudou\/","title":{"rendered":"Le dit de l&#8217;Oiseau gris : Interpr\u00e9tation des Contes del meu ostal de Jean Boudou"},"content":{"rendered":"<p>Pourquoi un oiseau ? Et pourquoi gris, ou bleu ? Pourquoi la mar\u00e2tre s&#8217;appelle-t-elle la Ca\u00efnata ? Pourquoi Pieton\u00e8l dut-il s&#8217;y reprendre \u00e0 deux fois avant d&#8217;\u00e9pouser la belle Floreta ? Pourquoi&#8230;<br \/>\nEntrer dans le monde des contes, comme dans ces <em>Contes del meu ostal<\/em> de l&#8217;\u00e9crivain rouergat Jean Boudou, c&#8217;est entrer dans un univers o\u00f9 tout fait sens : sous des apparences f\u00e9\u00e9riques, les personnages expriment ce que tout un chacun porte au-dedans de lui-m\u00eame dans les replis de son psychisme. En outre, le recours aux symboles, oiseau, arbre, pierre, source, ch\u00e2teau, vigne&#8230; invite l&#8217;auditeur \u00e0 lever les yeux vers les choses d&#8217;en-haut.<\/p>\n<p>Interpr\u00e9ter un conte, c&#8217;est aller \u00e0 la rencontre de soi et au-del\u00e0, c&#8217;est une aventure d&#8217;o\u00f9 l&#8217;on sort transform\u00e9.<\/p>\n","protected":false},"excerpt":{"rendered":"<p>Pourquoi un oiseau ? Et pourquoi gris, ou bleu ? Pourquoi la mar\u00e2tre s&#8217;appelle-t-elle la Ca\u00efnata ? Pourquoi Pieton\u00e8l dut-il s&#8217;y reprendre \u00e0 deux fois avant d&#8217;\u00e9pouser la belle Floreta ? Pourquoi&#8230; Entrer dans le monde des contes, comme dans ces Contes del meu ostal de l&#8217;\u00e9crivain rouergat Jean Boudou, c&#8217;est entrer dans un univers [&hellip;]<\/p>\n","protected":false},"featured_media":50287,"template":"","meta":{"_acf_changed":false,"_genesis_hide_title":false,"_genesis_hide_breadcrumbs":false,"_genesis_hide_singular_image":false,"_genesis_hide_footer_widgets":false,"_genesis_custom_body_class":"","_genesis_custom_post_class":"","_genesis_layout":""},"product_brand":[],"product_cat":[7189,7133,7175],"product_tag":[],"class_list":{"0":"post-35927","1":"product","2":"type-product","3":"status-publish","4":"has-post-thumbnail","6":"product_cat-estudis-literaris-oc","7":"product_cat-libres-oc","8":"product_cat-literatura-oc","9":"pa_auteur-vernhieras-bernad-fr-oc","10":"pa_editeur-ieo-fr-oc","11":"pa_langue-francais-oc","12":"entry","14":"first","15":"instock","16":"shipping-taxable","17":"purchasable","18":"product-type-simple"},"acf":[],"_links":{"self":[{"href":"https:\/\/www.libraria-occitana.org\/oc\/wp-json\/wp\/v2\/product\/35927","targetHints":{"allow":["GET"]}}],"collection":[{"href":"https:\/\/www.libraria-occitana.org\/oc\/wp-json\/wp\/v2\/product"}],"about":[{"href":"https:\/\/www.libraria-occitana.org\/oc\/wp-json\/wp\/v2\/types\/product"}],"wp:featuredmedia":[{"embeddable":true,"href":"https:\/\/www.libraria-occitana.org\/oc\/wp-json\/wp\/v2\/media\/50287"}],"wp:attachment":[{"href":"https:\/\/www.libraria-occitana.org\/oc\/wp-json\/wp\/v2\/media?parent=35927"}],"wp:term":[{"taxonomy":"product_brand","embeddable":true,"href":"https:\/\/www.libraria-occitana.org\/oc\/wp-json\/wp\/v2\/product_brand?post=35927"},{"taxonomy":"product_cat","embeddable":true,"href":"https:\/\/www.libraria-occitana.org\/oc\/wp-json\/wp\/v2\/product_cat?post=35927"},{"taxonomy":"product_tag","embeddable":true,"href":"https:\/\/www.libraria-occitana.org\/oc\/wp-json\/wp\/v2\/product_tag?post=35927"}],"curies":[{"name":"wp","href":"https:\/\/api.w.org\/{rel}","templated":true}]}}