{"id":35941,"date":"2009-11-30T12:10:50","date_gmt":"2009-11-30T11:10:50","guid":{"rendered":"http:\/\/www.libraria-occitana.org\/?post_type=product&#038;p=35941\/"},"modified":"2026-04-29T11:04:45","modified_gmt":"2026-04-29T09:04:45","slug":"las-vaissas-avian-folhat","status":"publish","type":"product","link":"https:\/\/www.libraria-occitana.org\/oc\/produch\/las-vaissas-avian-folhat\/","title":{"rendered":"Las vaissas avi\u00e1n folhat"},"content":{"rendered":"<p>La seguida del primi\u00e8r roman de l\u2019autor, <a href=\"http:\/\/www.libraria-occitana.org\/produit\/les-fraisses-eran-tombats\/\"><em>Les Fraisses \u00e8ran tombats<\/em><\/a>.<br \/>\nDani\u00e8la torna al vilatge amb son nenon. D\u2019unes la mespresan, sa familha v\u00f2l pas pus d\u2019ela, mas quauques amics la sostenon. Rai, li cal se ganhar la vida : trabalha tornar al caf\u00e8-espi\u00e7ari\u00e1-\u00f2tel-restaurant. Mas quanhe ser\u00e0 son avenir, dins aquela societat rurala en plena mutacion ?<\/p>\n<p>Aquela cronica d\u2019un vilatge de la montanha cantalesa reverta la vida de cada jorn amb justesa e clarvesen\u00e7a.<\/p>\n<p>Un raconte polifonic, ont los dial\u00f2gues son nombroses, dins una lenga a l\u2019enc\u00f2p s\u00f2bra e rica de colors, d\u2019expressions e de biais de dire priondament occitans (n\u00f2rd-lengadocian). Amb lexic occitan-franc\u00e9s.<\/p>\n","protected":false},"excerpt":{"rendered":"<p>La seguida del primi\u00e8r roman de l\u2019autor, Les Fraisses \u00e8ran tombats. Dani\u00e8la torna al vilatge amb son nenon. D\u2019unes la mespresan, sa familha v\u00f2l pas pus d\u2019ela, mas quauques amics la sostenon. Rai, li cal se ganhar la vida : trabalha tornar al caf\u00e8-espi\u00e7ari\u00e1-\u00f2tel-restaurant. Mas quanhe ser\u00e0 son avenir, dins aquela societat rurala en plena [&hellip;]<\/p>\n","protected":false},"featured_media":50665,"template":"","meta":{"_acf_changed":false,"_genesis_hide_title":false,"_genesis_hide_breadcrumbs":false,"_genesis_hide_singular_image":false,"_genesis_hide_footer_widgets":false,"_genesis_custom_body_class":"","_genesis_custom_post_class":"","_genesis_layout":""},"product_brand":[],"product_cat":[7133,7175,7183],"product_tag":[],"class_list":{"0":"post-35941","1":"product","2":"type-product","3":"status-publish","4":"has-post-thumbnail","6":"product_cat-libres-oc","7":"product_cat-literatura-oc","8":"product_cat-romans-novelas-oc","9":"pa_auteur-daval-felic-oc","10":"pa_editeur-lostal-del-libre-oc","11":"pa_langue-occitan-oc","12":"pa_langue-occitan-lengadocian-oc","13":"entry","15":"first","16":"instock","17":"shipping-taxable","18":"purchasable","19":"product-type-simple"},"acf":[],"_links":{"self":[{"href":"https:\/\/www.libraria-occitana.org\/oc\/wp-json\/wp\/v2\/product\/35941","targetHints":{"allow":["GET"]}}],"collection":[{"href":"https:\/\/www.libraria-occitana.org\/oc\/wp-json\/wp\/v2\/product"}],"about":[{"href":"https:\/\/www.libraria-occitana.org\/oc\/wp-json\/wp\/v2\/types\/product"}],"wp:featuredmedia":[{"embeddable":true,"href":"https:\/\/www.libraria-occitana.org\/oc\/wp-json\/wp\/v2\/media\/50665"}],"wp:attachment":[{"href":"https:\/\/www.libraria-occitana.org\/oc\/wp-json\/wp\/v2\/media?parent=35941"}],"wp:term":[{"taxonomy":"product_brand","embeddable":true,"href":"https:\/\/www.libraria-occitana.org\/oc\/wp-json\/wp\/v2\/product_brand?post=35941"},{"taxonomy":"product_cat","embeddable":true,"href":"https:\/\/www.libraria-occitana.org\/oc\/wp-json\/wp\/v2\/product_cat?post=35941"},{"taxonomy":"product_tag","embeddable":true,"href":"https:\/\/www.libraria-occitana.org\/oc\/wp-json\/wp\/v2\/product_tag?post=35941"}],"curies":[{"name":"wp","href":"https:\/\/api.w.org\/{rel}","templated":true}]}}