{"id":35954,"date":"2021-10-07T17:54:00","date_gmt":"2021-10-07T15:54:00","guid":{"rendered":"http:\/\/www.libraria-occitana.org\/?post_type=product&#038;p=35954\/"},"modified":"2026-04-20T20:36:10","modified_gmt":"2026-04-20T18:36:10","slug":"labyrinthe","status":"publish","type":"product","link":"https:\/\/www.libraria-occitana.org\/oc\/produch\/labyrinthe\/","title":{"rendered":"Labyrinthe"},"content":{"rendered":"<p>Juillet 1209 : dans la cit\u00e9 de Carcassonne, Ala\u00efs, dix-sept ans, re\u00e7oit de son p\u00e8re un manuscrit cens\u00e9 renfermer le secret du Graal. Bien qu&#8217;elle n&#8217;en comprenne ni les symboles ni les mots, elle sait que son destin est d&#8217;en assurer la protection et de pr\u00e9server le secret du labyrinthe, n\u00e9 dans les sables de l&#8217;ancienne \u00c9gypte.<br \/>\nJuillet 2005 : lors de fouilles dans des grottes, aux environs de Carcassonne, Alice Tanner tr\u00e9buche sur deux squelettes et d\u00e9couvre, grav\u00e9 dans la roche, un langage ancien, qu&#8217;elle croit pouvoir d\u00e9chiffrer.<br \/>\nElle finit par comprendre, mais trop tard, qu&#8217;elle vient de d\u00e9clencher une succession d&#8217;\u00e9v\u00e9nements terrifiants : d\u00e9sormais, son destin est li\u00e9 \u00e0 celui que connurent les Cathares, huit si\u00e8cles auparavant&#8230;<\/p>\n<p>Traduit dans trente-huit pays, <em>Labyrinthe<\/em> a \u00e9t\u00e9 r\u00e9compens\u00e9 aux British Book Awards.<\/p>\n<p>En bonus, d\u00e9couvrez le Carcassonne d&#8217;Ala\u00efs !<br \/>\nSuppl\u00e9ment illustr\u00e9.<\/p>\n","protected":false},"excerpt":{"rendered":"<p>Juillet 1209 : dans la cit\u00e9 de Carcassonne, Ala\u00efs, dix-sept ans, re\u00e7oit de son p\u00e8re un manuscrit cens\u00e9 renfermer le secret du Graal. Bien qu&#8217;elle n&#8217;en comprenne ni les symboles ni les mots, elle sait que son destin est d&#8217;en assurer la protection et de pr\u00e9server le secret du labyrinthe, n\u00e9 dans les sables de [&hellip;]<\/p>\n","protected":false},"featured_media":37555,"template":"","meta":{"_acf_changed":false,"_genesis_hide_title":false,"_genesis_hide_breadcrumbs":false,"_genesis_hide_singular_image":false,"_genesis_hide_footer_widgets":false,"_genesis_custom_body_class":"","_genesis_custom_post_class":"","_genesis_layout":""},"product_brand":[],"product_cat":[7133,7175,7183],"product_tag":[],"class_list":{"0":"post-35954","1":"product","2":"type-product","3":"status-publish","4":"has-post-thumbnail","6":"product_cat-libres-oc","7":"product_cat-literatura-oc","8":"product_cat-romans-novelas-oc","9":"pa_auteur-mosse-kate-oc","10":"pa_editeur-lgf-oc","11":"pa_illustrateur-marcantonio-gerard-oc","12":"pa_langue-francais-oc","13":"entry","15":"first","16":"instock","17":"shipping-taxable","18":"purchasable","19":"product-type-simple"},"acf":[],"_links":{"self":[{"href":"https:\/\/www.libraria-occitana.org\/oc\/wp-json\/wp\/v2\/product\/35954","targetHints":{"allow":["GET"]}}],"collection":[{"href":"https:\/\/www.libraria-occitana.org\/oc\/wp-json\/wp\/v2\/product"}],"about":[{"href":"https:\/\/www.libraria-occitana.org\/oc\/wp-json\/wp\/v2\/types\/product"}],"wp:featuredmedia":[{"embeddable":true,"href":"https:\/\/www.libraria-occitana.org\/oc\/wp-json\/wp\/v2\/media\/37555"}],"wp:attachment":[{"href":"https:\/\/www.libraria-occitana.org\/oc\/wp-json\/wp\/v2\/media?parent=35954"}],"wp:term":[{"taxonomy":"product_brand","embeddable":true,"href":"https:\/\/www.libraria-occitana.org\/oc\/wp-json\/wp\/v2\/product_brand?post=35954"},{"taxonomy":"product_cat","embeddable":true,"href":"https:\/\/www.libraria-occitana.org\/oc\/wp-json\/wp\/v2\/product_cat?post=35954"},{"taxonomy":"product_tag","embeddable":true,"href":"https:\/\/www.libraria-occitana.org\/oc\/wp-json\/wp\/v2\/product_tag?post=35954"}],"curies":[{"name":"wp","href":"https:\/\/api.w.org\/{rel}","templated":true}]}}