{"id":35957,"date":"2009-03-28T12:53:08","date_gmt":"2009-03-28T11:53:08","guid":{"rendered":"http:\/\/www.libraria-occitana.org\/?post_type=product&#038;p=35957\/"},"modified":"2026-04-29T00:51:42","modified_gmt":"2026-04-28T22:51:42","slug":"lalique-haviland-burty-portraits-de-famille-family-portraits","status":"publish","type":"product","link":"https:\/\/www.libraria-occitana.org\/oc\/produch\/lalique-haviland-burty-portraits-de-famille-family-portraits\/","title":{"rendered":"Lalique-Haviland-Burty : Portraits de famille &#8211; Family portraits"},"content":{"rendered":"<p>\u00c0 partir de correspondances, t\u00e9moignages et documents photographiques rares, <strong>Nicole Maritch-Haviland<\/strong> \u2013 petite-fille de Ren\u00e9 Lalique et de Charles Edward Haviland \u2013 et <strong>Catherine de L\u00e9obardy<\/strong> retracent la saga familiale authentique et romanesque des Lalique-Haviland-Burty.<\/p>\n<p>Ce t\u00e9moignage pr\u00e9cieux qu\u2019accompagne un album de famille de plus de <strong>140 images<\/strong> provenant d\u2019archives priv\u00e9es, en grande partie conserv\u00e9es aux mus\u00e9es d\u2019Orsay et des Arts d\u00e9coratifs \u00e0 Paris, nous replonge dans l\u2019intimit\u00e9 d\u2019une exceptionnelle dynastie d\u2019artistes qui ont contribu\u00e9 \u00e0 \u00e9crire une page de l\u2019histoire de l\u2019art et du go\u00fbt fran\u00e7ais\u00a0: le verrier et bijoutier Ren\u00e9 Lalique et le porcelainier Charles Edward Haviland, deux des plus grandes figures du luxe fran\u00e7ais des ann\u00e9es 1890 \u00e0 1930. Les portraits de Suzanne Lalique, fille de Ren\u00e9 Lalique, artiste-d\u00e9corateur, cr\u00e9atrice de costumes et d\u00e9cors de la Com\u00e9die-Fran\u00e7aise, de son \u00e9poux Paul Burty Haviland, fils de Charles Haviland, un des pionniers de la photographie pictorialiste am\u00e9ricaine, de Frank Haviland, fr\u00e8re de Paul, peintre, ami intime de Picasso compl\u00e8tent cette \u00e9vocation sensible et pr\u00e9cise d\u2019un univers familial et cr\u00e9atif singulier\u00a0; sans oublier Philippe Burty, l\u2019arri\u00e8re-grand-p\u00e8re de l\u2019auteur, c\u00e9l\u00e8bre critique d\u2019art et introducteur du japonisme dans les arts d\u00e9coratifs fran\u00e7ais.<\/p>\n","protected":false},"excerpt":{"rendered":"<p>\u00c0 partir de correspondances, t\u00e9moignages et documents photographiques rares, Nicole Maritch-Haviland \u2013 petite-fille de Ren\u00e9 Lalique et de Charles Edward Haviland \u2013 et Catherine de L\u00e9obardy retracent la saga familiale authentique et romanesque des Lalique-Haviland-Burty. Ce t\u00e9moignage pr\u00e9cieux qu\u2019accompagne un album de famille de plus de 140 images provenant d\u2019archives priv\u00e9es, en grande partie conserv\u00e9es [&hellip;]<\/p>\n","protected":false},"featured_media":37393,"template":"","meta":{"_acf_changed":false,"_genesis_hide_title":false,"_genesis_hide_breadcrumbs":false,"_genesis_hide_singular_image":false,"_genesis_hide_footer_widgets":false,"_genesis_custom_body_class":"","_genesis_custom_post_class":"","_genesis_layout":""},"product_brand":[],"product_cat":[7159,7149,7133],"product_tag":[],"class_list":{"0":"post-35957","1":"product","2":"type-product","3":"status-publish","4":"has-post-thumbnail","6":"product_cat-istoria-moderna-e-contemporala-oc","7":"product_cat-istoria-geografia-oc","8":"product_cat-libres-oc","9":"pa_auteur-leobardy-catherine-de-oc","10":"pa_auteur-maritch-haviland-nicole-oc","11":"pa_editeur-les-ardents-editeurs-oc","12":"pa_illustrateur-dousson-fiona-oc","13":"pa_langue-francais-oc","14":"entry","16":"first","17":"instock","18":"shipping-taxable","19":"purchasable","20":"product-type-simple"},"acf":[],"_links":{"self":[{"href":"https:\/\/www.libraria-occitana.org\/oc\/wp-json\/wp\/v2\/product\/35957","targetHints":{"allow":["GET"]}}],"collection":[{"href":"https:\/\/www.libraria-occitana.org\/oc\/wp-json\/wp\/v2\/product"}],"about":[{"href":"https:\/\/www.libraria-occitana.org\/oc\/wp-json\/wp\/v2\/types\/product"}],"wp:featuredmedia":[{"embeddable":true,"href":"https:\/\/www.libraria-occitana.org\/oc\/wp-json\/wp\/v2\/media\/37393"}],"wp:attachment":[{"href":"https:\/\/www.libraria-occitana.org\/oc\/wp-json\/wp\/v2\/media?parent=35957"}],"wp:term":[{"taxonomy":"product_brand","embeddable":true,"href":"https:\/\/www.libraria-occitana.org\/oc\/wp-json\/wp\/v2\/product_brand?post=35957"},{"taxonomy":"product_cat","embeddable":true,"href":"https:\/\/www.libraria-occitana.org\/oc\/wp-json\/wp\/v2\/product_cat?post=35957"},{"taxonomy":"product_tag","embeddable":true,"href":"https:\/\/www.libraria-occitana.org\/oc\/wp-json\/wp\/v2\/product_tag?post=35957"}],"curies":[{"name":"wp","href":"https:\/\/api.w.org\/{rel}","templated":true}]}}