{"id":35959,"date":"1995-02-19T11:15:05","date_gmt":"1995-02-19T10:15:05","guid":{"rendered":"http:\/\/www.libraria-occitana.org\/?post_type=product&#038;p=35959\/"},"modified":"2026-04-09T06:41:27","modified_gmt":"2026-04-09T04:41:27","slug":"langages-siffles-actes-du-colloque-des-26-27-28-novembre-1993-a-albi","status":"publish","type":"product","link":"https:\/\/www.libraria-occitana.org\/oc\/produch\/langages-siffles-actes-du-colloque-des-26-27-28-novembre-1993-a-albi\/","title":{"rendered":"Langages siffl\u00e9s : Actes du colloque des 26, 27, 28 novembre 1993 \u00e0 Albi"},"content":{"rendered":"<p>Des imitateurs aux charmeurs d&#8217;oiseaux, des siffleurs de danse aux fabricants de sifflets en terre cuite ou autres mat\u00e9riaux, de l&#8217;importance des symboliques aviaires dans la litt\u00e9rature orale ou \u00e9crite, jusqu&#8217;\u00e0 l&#8217;existence m\u00e9connue des langages siffl\u00e9s dans le monde, ces actes permettent de faire le point sur les recherches actuelles dans ce domaine \u00e9trange et passionnant.<\/p>\n<p>Ils regroupent 12 communications de chercheurs fran\u00e7ais et \u00e9trangers : Julieta de Andrade, Ren\u00e9 Arripe, S\u00e9bastianno Burgaretta, Guy Busnel, Marie C\u00e9garra, Maurice Duval, Daniel Giraudon, Daniel Loddo, Colette M\u00e9chin, Aurore Monod-Becquelin, Annie Paradis, Luis Fernando Soares de Andrade, Bernard Traimond, Xavier Vidal&#8230;<\/p>\n","protected":false},"excerpt":{"rendered":"<p>Des imitateurs aux charmeurs d&#8217;oiseaux, des siffleurs de danse aux fabricants de sifflets en terre cuite ou autres mat\u00e9riaux, de l&#8217;importance des symboliques aviaires dans la litt\u00e9rature orale ou \u00e9crite, jusqu&#8217;\u00e0 l&#8217;existence m\u00e9connue des langages siffl\u00e9s dans le monde, ces actes permettent de faire le point sur les recherches actuelles dans ce domaine \u00e9trange et [&hellip;]<\/p>\n","protected":false},"featured_media":53770,"template":"","meta":{"_acf_changed":false,"_genesis_hide_title":false,"_genesis_hide_breadcrumbs":false,"_genesis_hide_singular_image":false,"_genesis_hide_footer_widgets":false,"_genesis_custom_body_class":"","_genesis_custom_post_class":"","_genesis_layout":""},"product_brand":[],"product_cat":[7133,7213,7207],"product_tag":[],"class_list":{"0":"post-35959","1":"product","2":"type-product","3":"status-publish","4":"has-post-thumbnail","6":"product_cat-libres-oc","7":"product_cat-metiers-saubre-far-oc","8":"product_cat-tradicions-patrimoni-oc","9":"pa_auteur-collectiu-oc-2","10":"pa_editeur-gemp-la-talvera-oc","11":"pa_langue-francais-oc","12":"entry","14":"first","15":"instock","16":"shipping-taxable","17":"purchasable","18":"product-type-simple"},"acf":[],"_links":{"self":[{"href":"https:\/\/www.libraria-occitana.org\/oc\/wp-json\/wp\/v2\/product\/35959","targetHints":{"allow":["GET"]}}],"collection":[{"href":"https:\/\/www.libraria-occitana.org\/oc\/wp-json\/wp\/v2\/product"}],"about":[{"href":"https:\/\/www.libraria-occitana.org\/oc\/wp-json\/wp\/v2\/types\/product"}],"wp:featuredmedia":[{"embeddable":true,"href":"https:\/\/www.libraria-occitana.org\/oc\/wp-json\/wp\/v2\/media\/53770"}],"wp:attachment":[{"href":"https:\/\/www.libraria-occitana.org\/oc\/wp-json\/wp\/v2\/media?parent=35959"}],"wp:term":[{"taxonomy":"product_brand","embeddable":true,"href":"https:\/\/www.libraria-occitana.org\/oc\/wp-json\/wp\/v2\/product_brand?post=35959"},{"taxonomy":"product_cat","embeddable":true,"href":"https:\/\/www.libraria-occitana.org\/oc\/wp-json\/wp\/v2\/product_cat?post=35959"},{"taxonomy":"product_tag","embeddable":true,"href":"https:\/\/www.libraria-occitana.org\/oc\/wp-json\/wp\/v2\/product_tag?post=35959"}],"curies":[{"name":"wp","href":"https:\/\/api.w.org\/{rel}","templated":true}]}}