{"id":36019,"date":"2006-08-24T10:21:28","date_gmt":"2006-08-24T09:21:28","guid":{"rendered":"http:\/\/www.libraria-occitana.org\/produit\/le-limousin-pays-et-identites\/"},"modified":"2026-04-29T10:34:38","modified_gmt":"2026-04-29T08:34:38","slug":"le-limousin-pays-et-identites","status":"publish","type":"product","link":"https:\/\/www.libraria-occitana.org\/oc\/produch\/le-limousin-pays-et-identites\/","title":{"rendered":"Le Limousin, pays et identit\u00e9s"},"content":{"rendered":"<p>Comment peut-on se sentir Limousin ? Des r\u00e9ponses ont ici \u00e9t\u00e9 fournies par quelque trente historiens dont des sp\u00e9cialistes d\u2019histoire de l\u2019art, du droit, de la g\u00e9ographie historique, des linguistiques, des sp\u00e9cialistes de la politique et du tourisme, et enfin des folkloristes. Ils ont \u00e9tudi\u00e9 comment on est pass\u00e9, \u00e0 travers les vicissitudes de l\u2019histoire et de la g\u00e9ographie politique, du pays des L\u00e9movices \u00e0 la r\u00e9gion Limousin aujourd\u2019hui. Avec leurs sources, leur culture et leur r\u00e9flexion personnelles, les auteurs montrent comment ces deux anciennes notions de pays et d\u2019identit\u00e9 ont \u00e9t\u00e9 revisit\u00e9es et sont plus que jamais d\u2019actualit\u00e9, comment elles se sont enrichies au fil du temps de nouveaux marqueurs. Depuis saint Martial, cher aux troubadours et aux chroniqueurs, jusqu\u2019au d\u00e9veloppement original d\u2019une tradition de gauche, d\u2019un communisme rural ou la cr\u00e9ation d\u2019une race bovine limousine. Une histoire des mentalit\u00e9s dans laquelle les drames contemporains donnent une nouvelle actualit\u00e9 aux drames anciens et en ravivent le souvenir dans la m\u00e9moire collective, le massacre d\u2019Oradour renvoyant au sac de la cit\u00e9 de Limoges en 1370. Autant d\u2019\u00e9pisodes qui fortifient un amour du pays contrepoids de sa mauvaise image. Car l\u2019opposition entre deux Limousins, \u201cpauvre pays\u2026 bon et fertil\u201d est une constante \u00e0 la fois dans l\u2019esprit des Limousins comme sous la plume et dans les jugements des gens d\u2019ailleurs. C\u2019est sur ce \u201cLimousin noir, Limousin rose\u201d que conclut Alain Corbin.<\/p>\n","protected":false},"excerpt":{"rendered":"<p>Comment peut-on se sentir Limousin ? Des r\u00e9ponses ont ici \u00e9t\u00e9 fournies par quelque trente historiens dont des sp\u00e9cialistes d\u2019histoire de l\u2019art, du droit, de la g\u00e9ographie historique, des linguistiques, des sp\u00e9cialistes de la politique et du tourisme, et enfin des folkloristes. Ils ont \u00e9tudi\u00e9 comment on est pass\u00e9, \u00e0 travers les vicissitudes de l\u2019histoire [&hellip;]<\/p>\n","protected":false},"featured_media":29989,"template":"","meta":{"_acf_changed":false,"_genesis_hide_title":false,"_genesis_hide_breadcrumbs":false,"_genesis_hide_singular_image":false,"_genesis_hide_footer_widgets":false,"_genesis_custom_body_class":"","_genesis_custom_post_class":"","_genesis_layout":""},"product_brand":[],"product_cat":[7133,7203],"product_tag":[],"class_list":{"0":"post-36019","1":"product","2":"type-product","3":"status-publish","4":"has-post-thumbnail","6":"product_cat-libres-oc","7":"product_cat-politica-sociologia-actualitat-oc","8":"pa_auteur-chanaud-robert-oc","9":"pa_auteur-collectiu-oc-2","10":"pa_auteur-grandcoing-philippe-oc","11":"pa_auteur-tricard-jean-oc","12":"pa_editeur-pu-limoges-oc","13":"pa_langue-francais-oc","14":"entry","16":"first","17":"instock","18":"shipping-taxable","19":"purchasable","20":"product-type-simple"},"acf":[],"_links":{"self":[{"href":"https:\/\/www.libraria-occitana.org\/oc\/wp-json\/wp\/v2\/product\/36019","targetHints":{"allow":["GET"]}}],"collection":[{"href":"https:\/\/www.libraria-occitana.org\/oc\/wp-json\/wp\/v2\/product"}],"about":[{"href":"https:\/\/www.libraria-occitana.org\/oc\/wp-json\/wp\/v2\/types\/product"}],"wp:featuredmedia":[{"embeddable":true,"href":"https:\/\/www.libraria-occitana.org\/oc\/wp-json\/wp\/v2\/media\/29989"}],"wp:attachment":[{"href":"https:\/\/www.libraria-occitana.org\/oc\/wp-json\/wp\/v2\/media?parent=36019"}],"wp:term":[{"taxonomy":"product_brand","embeddable":true,"href":"https:\/\/www.libraria-occitana.org\/oc\/wp-json\/wp\/v2\/product_brand?post=36019"},{"taxonomy":"product_cat","embeddable":true,"href":"https:\/\/www.libraria-occitana.org\/oc\/wp-json\/wp\/v2\/product_cat?post=36019"},{"taxonomy":"product_tag","embeddable":true,"href":"https:\/\/www.libraria-occitana.org\/oc\/wp-json\/wp\/v2\/product_tag?post=36019"}],"curies":[{"name":"wp","href":"https:\/\/api.w.org\/{rel}","templated":true}]}}