{"id":36909,"date":"2011-03-11T12:41:52","date_gmt":"2011-03-11T11:41:52","guid":{"rendered":"http:\/\/www.libraria-occitana.org\/produit\/petit-dictionnaire-maconnique-des-rues-du-limousin\/"},"modified":"2026-04-26T01:41:07","modified_gmt":"2026-04-25T23:41:07","slug":"petit-dictionnaire-maconnique-des-rues-du-limousin","status":"publish","type":"product","link":"https:\/\/www.libraria-occitana.org\/oc\/produch\/petit-dictionnaire-maconnique-des-rues-du-limousin\/","title":{"rendered":"Petit dictionnaire ma\u00e7onnique des rues du Limousin"},"content":{"rendered":"<p>Le Limousin est impr\u00e9gn\u00e9, depuis pr\u00e8s de trois si\u00e8cles, des vertus d&#8217;humanisme que cultive l&#8217;Ordre des francs-ma\u00e7ons.<br \/>\nLimoges, Tulle, Brive, Gu\u00e9ret, Aubusson : autant de villes o\u00f9 les initi\u00e9s furent en nombre cons\u00e9quent et en pleine vitalit\u00e9. Les loges du Limousin ont compt\u00e9 de fortes personnalit\u00e9s qui ont marqu\u00e9 la vie politique, \u00e9conomique, sociale et culturelle de cette province.<br \/>\nOn d\u00e9nombre, en Haute-Vienne, plus de cent rues, places et boulevards portant le patronyme d&#8217;un franc-ma\u00e7on. Et presque autant dans les d\u00e9partements de la Corr\u00e8ze et de la Creuse. Les gens auxquels nos municipalit\u00e9s ont souhait\u00e9 rendre hommage, ne doivent pas cet honneur \u00e0 leur appartenance \u00e0 la franc-ma\u00e7onnerie &#8211; g\u00e9n\u00e9ralement ignor\u00e9e du grand public -, mais avant tout \u00e0 leur action en faveur de la collectivit\u00e9, \u00e0 leur d\u00e9vouement envers la patrie ou la R\u00e9publique.<br \/>\nEn levant les yeux, le promeneur notera aussi, \u00e0 l&#8217;angle de certaines fa\u00e7ades, des noms de personnages qui ont en commun d&#8217;avoir \u00e9t\u00e9 francs-ma\u00e7ons et Limousins, ou, n\u00e9s ailleurs, d&#8217;avoir manifest\u00e9 un attachement \u00e0 la r\u00e9gion. L&#8217;histoire ma\u00e7onnique locale est riche en personnalit\u00e9s aussi nombreuses qu&#8217;inattendues ; on y rencontre des hommes de droite et de gauche, des ath\u00e9es et des croyants, r\u00e9unis l\u00e0 par les hasards de leurs cheminements, de leurs amiti\u00e9s ou de leurs r\u00e9flexions.<\/p>\n","protected":false},"excerpt":{"rendered":"<p>Le Limousin est impr\u00e9gn\u00e9, depuis pr\u00e8s de trois si\u00e8cles, des vertus d&#8217;humanisme que cultive l&#8217;Ordre des francs-ma\u00e7ons. Limoges, Tulle, Brive, Gu\u00e9ret, Aubusson : autant de villes o\u00f9 les initi\u00e9s furent en nombre cons\u00e9quent et en pleine vitalit\u00e9. Les loges du Limousin ont compt\u00e9 de fortes personnalit\u00e9s qui ont marqu\u00e9 la vie politique, \u00e9conomique, sociale et [&hellip;]<\/p>\n","protected":false},"featured_media":36907,"template":"","meta":{"_acf_changed":false,"_genesis_hide_title":false,"_genesis_hide_breadcrumbs":false,"_genesis_hide_singular_image":false,"_genesis_hide_footer_widgets":false,"_genesis_custom_body_class":"","_genesis_custom_post_class":"","_genesis_layout":""},"product_brand":[],"product_cat":[7149,7133,7163],"product_tag":[],"class_list":{"0":"post-36909","1":"product","2":"type-product","3":"status-publish","4":"has-post-thumbnail","6":"product_cat-istoria-geografia-oc","7":"product_cat-libres-oc","8":"product_cat-noms-de-luocs-noms-de-personas-oc","9":"pa_auteur-laguionie-michel-oc","10":"pa_editeur-le-puy-fraud-oc","11":"pa_langue-francais-oc","12":"entry","14":"first","15":"instock","16":"shipping-taxable","17":"purchasable","18":"product-type-simple"},"acf":[],"_links":{"self":[{"href":"https:\/\/www.libraria-occitana.org\/oc\/wp-json\/wp\/v2\/product\/36909","targetHints":{"allow":["GET"]}}],"collection":[{"href":"https:\/\/www.libraria-occitana.org\/oc\/wp-json\/wp\/v2\/product"}],"about":[{"href":"https:\/\/www.libraria-occitana.org\/oc\/wp-json\/wp\/v2\/types\/product"}],"wp:featuredmedia":[{"embeddable":true,"href":"https:\/\/www.libraria-occitana.org\/oc\/wp-json\/wp\/v2\/media\/36907"}],"wp:attachment":[{"href":"https:\/\/www.libraria-occitana.org\/oc\/wp-json\/wp\/v2\/media?parent=36909"}],"wp:term":[{"taxonomy":"product_brand","embeddable":true,"href":"https:\/\/www.libraria-occitana.org\/oc\/wp-json\/wp\/v2\/product_brand?post=36909"},{"taxonomy":"product_cat","embeddable":true,"href":"https:\/\/www.libraria-occitana.org\/oc\/wp-json\/wp\/v2\/product_cat?post=36909"},{"taxonomy":"product_tag","embeddable":true,"href":"https:\/\/www.libraria-occitana.org\/oc\/wp-json\/wp\/v2\/product_tag?post=36909"}],"curies":[{"name":"wp","href":"https:\/\/api.w.org\/{rel}","templated":true}]}}