{"id":36938,"date":"2017-07-12T12:00:03","date_gmt":"2017-07-12T10:00:03","guid":{"rendered":"http:\/\/www.libraria-occitana.org\/?post_type=product&#038;p=36938"},"modified":"2026-04-29T10:05:41","modified_gmt":"2026-04-29T08:05:41","slug":"ieu-lai-libre-cd","status":"publish","type":"product","link":"https:\/\/www.libraria-occitana.org\/oc\/produch\/ieu-lai-libre-cd\/","title":{"rendered":"Ieu l&#8217;ai ! (libre + CD)"},"content":{"rendered":"<p>Un\/una dr\u00f2lle\/dr\u00f2lla ven de tornar trobar qu\u00f2 qu&#8217;avi\u00e1 perdut. En far de las ipotesas o en se rapelar daus fachs, t\u00f2rna far lo chamin per tornar trobar qu\u00f2 qu&#8217;avi\u00e1 perdut, en tut reglar sos comptes emb los membres de sa familha.<\/p>\n<p><strong>A l&#8217;esc\u00f2la :<\/strong><\/p>\n<p><em>Ieu l&#8217;ai !<\/em> un ustilh per suscitar las interaccions oralas entre los escolans.<\/p>\n<p>L&#8217;ist\u00f2ria es bastida sus un eschema narratiu que condutz lo lector o l&#8217;auditor a far de las ipotesas, a exprimar sos sentiments. Permet de trabalhar los tres niveus principaus d&#8217;una descuberta liter\u00e0ria, qu&#8217;es a dire : \u00e7\u00f2 que auve o que legisse, \u00e7\u00f2 que comprene, \u00e7\u00f2 qu&#8217;eimatgine.<\/p>\n<p>Lo rap\u00f2rt texte\/imatge, las chausidas de quadratge e las tecnicas emplejadas dins las illustracions de Valentina Bencina venen completar las expleitacions possiblas.<\/p>\n<p>Un ustilh ling\u00fcistic per desvelopar l&#8217;orau au cicle 1, la lectura au cicle 2 e l&#8217;expression, la produccion d&#8217;escrichs au cicle 3.<\/p>\n<p>Cicles 1 &amp; 2.<br \/>\nLibreton d&#8217;acompanhament pedagogic sus <a href=\"http:\/\/crdp.ac-bordeaux.fr\/capoc\">http:\/\/crdp.ac-bordeaux.fr\/capoc<\/a><\/p>\n","protected":false},"excerpt":{"rendered":"<p>Un\/una dr\u00f2lle\/dr\u00f2lla ven de tornar trobar qu\u00f2 qu&#8217;avi\u00e1 perdut. En far de las ipotesas o en se rapelar daus fachs, t\u00f2rna far lo chamin per tornar trobar qu\u00f2 qu&#8217;avi\u00e1 perdut, en tut reglar sos comptes emb los membres de sa familha. A l&#8217;esc\u00f2la : Ieu l&#8217;ai ! un ustilh per suscitar las interaccions oralas entre [&hellip;]<\/p>\n","protected":false},"featured_media":37073,"template":"","meta":{"_acf_changed":false,"_genesis_hide_title":false,"_genesis_hide_breadcrumbs":false,"_genesis_hide_singular_image":false,"_genesis_hide_footer_widgets":false,"_genesis_custom_body_class":"","_genesis_custom_post_class":"","_genesis_layout":""},"product_brand":[],"product_cat":[7171,7165,7133],"product_tag":[],"class_list":{"0":"post-36938","1":"product","2":"type-product","3":"status-publish","4":"has-post-thumbnail","6":"product_cat-drolles-oc","7":"product_cat-jounessa-bd-umor","8":"product_cat-libres-oc","9":"pa_auteur-capoc-oc","10":"pa_editeur-canope-editions-oc","11":"pa_illustrateur-bencina-valentina-oc","12":"pa_illustrateur-ratinaud-patrick-ratineaud-patrick-oc","13":"pa_langue-occitan-lemosin-oc","14":"pa_langue-occitan-francais-oc","15":"entry","17":"first","18":"instock","19":"shipping-taxable","20":"purchasable","21":"product-type-simple"},"acf":[],"_links":{"self":[{"href":"https:\/\/www.libraria-occitana.org\/oc\/wp-json\/wp\/v2\/product\/36938","targetHints":{"allow":["GET"]}}],"collection":[{"href":"https:\/\/www.libraria-occitana.org\/oc\/wp-json\/wp\/v2\/product"}],"about":[{"href":"https:\/\/www.libraria-occitana.org\/oc\/wp-json\/wp\/v2\/types\/product"}],"wp:featuredmedia":[{"embeddable":true,"href":"https:\/\/www.libraria-occitana.org\/oc\/wp-json\/wp\/v2\/media\/37073"}],"wp:attachment":[{"href":"https:\/\/www.libraria-occitana.org\/oc\/wp-json\/wp\/v2\/media?parent=36938"}],"wp:term":[{"taxonomy":"product_brand","embeddable":true,"href":"https:\/\/www.libraria-occitana.org\/oc\/wp-json\/wp\/v2\/product_brand?post=36938"},{"taxonomy":"product_cat","embeddable":true,"href":"https:\/\/www.libraria-occitana.org\/oc\/wp-json\/wp\/v2\/product_cat?post=36938"},{"taxonomy":"product_tag","embeddable":true,"href":"https:\/\/www.libraria-occitana.org\/oc\/wp-json\/wp\/v2\/product_tag?post=36938"}],"curies":[{"name":"wp","href":"https:\/\/api.w.org\/{rel}","templated":true}]}}