{"id":36984,"date":"2017-08-12T17:11:05","date_gmt":"2017-08-12T15:11:05","guid":{"rendered":"http:\/\/www.libraria-occitana.org\/produit\/1917-le-limousin-et-la-revolution-russe-regards-inverses\/"},"modified":"2026-04-19T00:46:50","modified_gmt":"2026-04-18T22:46:50","slug":"1917-le-limousin-et-la-revolution-russe-regards-inverses","status":"publish","type":"product","link":"https:\/\/www.libraria-occitana.org\/oc\/produch\/1917-le-limousin-et-la-revolution-russe-regards-inverses\/","title":{"rendered":"1917 Le Limousin et la R\u00e9volution russe : Regards invers\u00e9s"},"content":{"rendered":"<p><strong>1re partie :<\/strong><br \/>\nMobilis\u00e9 en 1916, Marcel Body, un jeune ouvrier limousin de 22 ans, se porte volontaire pour la Russie et assiste \u00e0 la r\u00e9volution en 1917. Il entre \u00ab en communisme \u00bb, se vouant \u00e0 un mouvement promettant paix, \u00e9mancipation et \u00e9galit\u00e9, notamment au sein du Komintern. Il c\u00f4toie alors L\u00e9nine et Alexandra Kollonta\u00ef, embl\u00e9matique figure f\u00e9minine de la r\u00e9volution. Mais les d\u00e9rives du r\u00e9gime provoquent la rupture et son retour en France en 1927. Ses critiques lui valent d\u2019\u00eatre un des premiers exclus du parti communiste.<\/p>\n<p><strong>2e partie :<\/strong><br \/>\nQuelques mois apr\u00e8s le d\u00e9clenchement de la r\u00e9volution dans l\u2019empire tsariste, 10 000 soldats russes appartenant aux r\u00e9giments initialement venus renforcer l\u2019arm\u00e9e fran\u00e7aise sur le front sont isol\u00e9s en raison de leur soutien \u00e0 la vague r\u00e9volutionnaire qui bouleverse leur pays.<br \/>\nEn juin 1917, en Creuse, ils se mutinent et transforment le camp de la Courtine en soviet. Par leur geste, la r\u00e9volution de f\u00e9vrier r\u00e9sonne \u00e0 l\u2019ouest. En septembre, apr\u00e8s avoir subi trois jours de tirs d\u2019artillerie, les mutins se rendent. Encasern\u00e9s \u00e0 la Courtine et au camp du Courneau en Gironde, puis enr\u00f4l\u00e9s pour nombre d\u2019entre eux dans des compagnies de travailleurs principalement dans l\u2019est de la France, quelques 5 000 soldats, qualifi\u00e9s d\u2019 \u00ab irr\u00e9ductibles \u00bb, vont conna\u00eetre l\u2019emprisonnement sur l\u2019\u00eele d\u2019Aix, les compagnies disciplinaires ou le bagne en Alg\u00e9rie. S\u2019ils accueillent avec ferveur la r\u00e9volution d\u2019octobre, le gouvernement de L\u00e9nine n\u2019obtient leur retour en Russie sovi\u00e9tique qu\u2019en 1919 et 1920.<\/p>\n<p>Cette \u00e9tude crois\u00e9e permet une approche originale des r\u00e9volutions russes en inversant le regard. Observ\u00e9e depuis une terre de gauche, \u00e0 la fois point de d\u00e9part et d\u2019arriv\u00e9e d\u2019hommes m\u00eal\u00e9s \u00e0 ces r\u00e9volutions, cette page de l\u2019histoire mondiale s\u2019\u00e9claire d\u2019un jour nouveau \u00e0 travers l\u2019exemple du Limousin.<\/p>\n","protected":false},"excerpt":{"rendered":"<p>1re partie : Mobilis\u00e9 en 1916, Marcel Body, un jeune ouvrier limousin de 22 ans, se porte volontaire pour la Russie et assiste \u00e0 la r\u00e9volution en 1917. Il entre \u00ab en communisme \u00bb, se vouant \u00e0 un mouvement promettant paix, \u00e9mancipation et \u00e9galit\u00e9, notamment au sein du Komintern. Il c\u00f4toie alors L\u00e9nine et Alexandra [&hellip;]<\/p>\n","protected":false},"featured_media":36982,"template":"","meta":{"_acf_changed":false,"_genesis_hide_title":false,"_genesis_hide_breadcrumbs":false,"_genesis_hide_singular_image":false,"_genesis_hide_footer_widgets":false,"_genesis_custom_body_class":"","_genesis_custom_post_class":"","_genesis_layout":""},"product_brand":[],"product_cat":[7159,7149,7133],"product_tag":[],"class_list":{"0":"post-36984","1":"product","2":"type-product","3":"status-publish","4":"has-post-thumbnail","6":"product_cat-istoria-moderna-e-contemporala-oc","7":"product_cat-istoria-geografia-oc","8":"product_cat-libres-oc","9":"pa_auteur-association-la-courtine-1917-oc","10":"pa_auteur-manigaud-anne-oc","11":"pa_editeur-les-ardents-editeurs-oc","12":"pa_langue-francais-oc","13":"entry","15":"first","16":"outofstock","17":"shipping-taxable","18":"purchasable","19":"product-type-simple"},"acf":[],"_links":{"self":[{"href":"https:\/\/www.libraria-occitana.org\/oc\/wp-json\/wp\/v2\/product\/36984","targetHints":{"allow":["GET"]}}],"collection":[{"href":"https:\/\/www.libraria-occitana.org\/oc\/wp-json\/wp\/v2\/product"}],"about":[{"href":"https:\/\/www.libraria-occitana.org\/oc\/wp-json\/wp\/v2\/types\/product"}],"wp:featuredmedia":[{"embeddable":true,"href":"https:\/\/www.libraria-occitana.org\/oc\/wp-json\/wp\/v2\/media\/36982"}],"wp:attachment":[{"href":"https:\/\/www.libraria-occitana.org\/oc\/wp-json\/wp\/v2\/media?parent=36984"}],"wp:term":[{"taxonomy":"product_brand","embeddable":true,"href":"https:\/\/www.libraria-occitana.org\/oc\/wp-json\/wp\/v2\/product_brand?post=36984"},{"taxonomy":"product_cat","embeddable":true,"href":"https:\/\/www.libraria-occitana.org\/oc\/wp-json\/wp\/v2\/product_cat?post=36984"},{"taxonomy":"product_tag","embeddable":true,"href":"https:\/\/www.libraria-occitana.org\/oc\/wp-json\/wp\/v2\/product_tag?post=36984"}],"curies":[{"name":"wp","href":"https:\/\/api.w.org\/{rel}","templated":true}]}}