{"id":36990,"date":"2014-02-12T18:16:34","date_gmt":"2014-02-12T17:16:34","guid":{"rendered":"http:\/\/www.libraria-occitana.org\/?post_type=product&#038;p=36990"},"modified":"2026-04-25T08:11:49","modified_gmt":"2026-04-25T06:11:49","slug":"campatge-en-carcin","status":"publish","type":"product","link":"https:\/\/www.libraria-occitana.org\/oc\/produch\/campatge-en-carcin\/","title":{"rendered":"Campatge en Carcin"},"content":{"rendered":"<p>Es pas qu&#8217;a la fin d&#8217;aquela passa viscuda en autonomia dins lor pa\u00eds d&#8217;origina que lo jove Lob\u00ed receur\u00e0 un nom definitiu e ser\u00e0 considerat coma un \u00f2me vertadi\u00e8r.<\/p>\n<p>Ma maire avi\u00e1 pensat que nos mandar en viatge sus las piadas de son enfan\u00e7a un pauc coma los Lob\u00eds, nos ajudari\u00e1 a traversar aquel\u00a0\u00ab grand passatge\u00a0\u00bb qu&#8217;es, a son vejaire, l&#8217;adolesc\u00e9ncia.<\/p>\n<p>&nbsp;<\/p>\n","protected":false},"excerpt":{"rendered":"<p>Es pas qu&#8217;a la fin d&#8217;aquela passa viscuda en autonomia dins lor pa\u00eds d&#8217;origina que lo jove Lob\u00ed receur\u00e0 un nom definitiu e ser\u00e0 considerat coma un \u00f2me vertadi\u00e8r. Ma maire avi\u00e1 pensat que nos mandar en viatge sus las piadas de son enfan\u00e7a un pauc coma los Lob\u00eds, nos ajudari\u00e1 a traversar aquel\u00a0\u00ab grand [&hellip;]<\/p>\n","protected":false},"featured_media":37079,"template":"","meta":{"_acf_changed":false,"_genesis_hide_title":false,"_genesis_hide_breadcrumbs":false,"_genesis_hide_singular_image":false,"_genesis_hide_footer_widgets":false,"_genesis_custom_body_class":"","_genesis_custom_post_class":"","_genesis_layout":""},"product_brand":[],"product_cat":[7167,7165,7133],"product_tag":[],"class_list":{"0":"post-36990","1":"product","2":"type-product","3":"status-publish","4":"has-post-thumbnail","6":"product_cat-ados-oc","7":"product_cat-jounessa-bd-umor","8":"product_cat-libres-oc","9":"pa_auteur-blei-joel-oc","10":"pa_editeur-ieo-dolt-oc","11":"pa_langue-occitan-oc","12":"pa_langue-occitan-lengadocian-oc","13":"entry","15":"first","16":"instock","17":"shipping-taxable","18":"purchasable","19":"product-type-simple"},"acf":[],"_links":{"self":[{"href":"https:\/\/www.libraria-occitana.org\/oc\/wp-json\/wp\/v2\/product\/36990","targetHints":{"allow":["GET"]}}],"collection":[{"href":"https:\/\/www.libraria-occitana.org\/oc\/wp-json\/wp\/v2\/product"}],"about":[{"href":"https:\/\/www.libraria-occitana.org\/oc\/wp-json\/wp\/v2\/types\/product"}],"wp:featuredmedia":[{"embeddable":true,"href":"https:\/\/www.libraria-occitana.org\/oc\/wp-json\/wp\/v2\/media\/37079"}],"wp:attachment":[{"href":"https:\/\/www.libraria-occitana.org\/oc\/wp-json\/wp\/v2\/media?parent=36990"}],"wp:term":[{"taxonomy":"product_brand","embeddable":true,"href":"https:\/\/www.libraria-occitana.org\/oc\/wp-json\/wp\/v2\/product_brand?post=36990"},{"taxonomy":"product_cat","embeddable":true,"href":"https:\/\/www.libraria-occitana.org\/oc\/wp-json\/wp\/v2\/product_cat?post=36990"},{"taxonomy":"product_tag","embeddable":true,"href":"https:\/\/www.libraria-occitana.org\/oc\/wp-json\/wp\/v2\/product_tag?post=36990"}],"curies":[{"name":"wp","href":"https:\/\/api.w.org\/{rel}","templated":true}]}}