{"id":37006,"date":"2002-01-01T18:38:59","date_gmt":"2002-01-01T17:38:59","guid":{"rendered":"http:\/\/www.libraria-occitana.org\/produit\/la-votz-daus-anjos-polyphonies-du-bearn-des-pyrenees-gasconnes\/"},"modified":"2026-04-25T06:11:41","modified_gmt":"2026-04-25T04:11:41","slug":"la-votz-daus-anjos-polyphonies-du-bearn-des-pyrenees-gasconnes","status":"publish","type":"product","link":"https:\/\/www.libraria-occitana.org\/oc\/produch\/la-votz-daus-anjos-polyphonies-du-bearn-des-pyrenees-gasconnes\/","title":{"rendered":"La Votz daus Anjos : Polyphonies du B\u00e9arn &amp; des Pyr\u00e9n\u00e9es Gasconnes"},"content":{"rendered":"<p>H\u00e9ritiers d&#8217;une longue tradition orale, les neuf chanteurs de l&#8217;ensemble Balagu\u00e8ra se consacrent \u00e0 l&#8217;interpr\u00e9tation des polyphonies de la Gascogne pyr\u00e9n\u00e9enne. Ces chansons surprennent et ravissent \u00e0 la fois, par leur \u00e9nergie et leurs harmonies.<\/p>\n<p><strong>Titres :<\/strong><br \/>\n1. Quan jo n&#8217;\u00e8ri amoroseta 4&#8217;21<br \/>\n2. Lo sorelh que hueg\u00e8 (l&#8217;ang\u00e8lus) 6&#8217;24<br \/>\n3. Hilh\u00f2tas de la-baish 3&#8217;06<br \/>\n4. La belle s&#8217;en va au jardin d&#8217;amour 3&#8217;38<br \/>\n5. B\u00e8th chivali\u00e8r (La can\u00e7on de Barberina) 2&#8217;25<br \/>\n6. Cru\u00e8la si tu&#8217;m v\u00f2s aimar 3&#8217;23<br \/>\n7. Chanson d&#8217;un jeune amant 3&#8217;42<br \/>\n8. Maudit sia l&#8217;amor 3&#8217;01<br \/>\n9. Montanhas sus montanhas 2&#8217;21<br \/>\n10. Lo primtemps qu&#8217;ei arribat 2&#8217;56<br \/>\n11. Los tilhol\u00e8rs 4&#8217;08<br \/>\n12. Aqueras montanhas 2&#8217;18<br \/>\n13. Adishatz pastoretas deu Benon 3&#8217;21<br \/>\n14. Los hilhs d&#8217;Aimon 3&#8217;08<\/p>\n","protected":false},"excerpt":{"rendered":"<p>H\u00e9ritiers d&#8217;une longue tradition orale, les neuf chanteurs de l&#8217;ensemble Balagu\u00e8ra se consacrent \u00e0 l&#8217;interpr\u00e9tation des polyphonies de la Gascogne pyr\u00e9n\u00e9enne. Ces chansons surprennent et ravissent \u00e0 la fois, par leur \u00e9nergie et leurs harmonies. Titres : 1. Quan jo n&#8217;\u00e8ri amoroseta 4&#8217;21 2. Lo sorelh que hueg\u00e8 (l&#8217;ang\u00e8lus) 6&#8217;24 3. Hilh\u00f2tas de la-baish 3&#8217;06 [&hellip;]<\/p>\n","protected":false},"featured_media":36622,"template":"","meta":{"_acf_changed":false,"_genesis_hide_title":false,"_genesis_hide_breadcrumbs":false,"_genesis_hide_singular_image":false,"_genesis_hide_footer_widgets":false,"_genesis_custom_body_class":"","_genesis_custom_post_class":"","_genesis_layout":""},"product_brand":[],"product_cat":[16683,7231],"product_tag":[],"class_list":{"0":"post-37006","1":"product","2":"type-product","3":"status-publish","4":"has-post-thumbnail","6":"product_cat-musica-oc","7":"product_cat-polifonias-oc","8":"pa_auteur-balaguera-oc","9":"pa_editeur-alpha-oc","10":"pa_langue-occitan-oc","11":"pa_langue-occitan-gascon-oc","12":"entry","14":"first","15":"outofstock","16":"shipping-taxable","17":"purchasable","18":"product-type-simple"},"acf":[],"_links":{"self":[{"href":"https:\/\/www.libraria-occitana.org\/oc\/wp-json\/wp\/v2\/product\/37006","targetHints":{"allow":["GET"]}}],"collection":[{"href":"https:\/\/www.libraria-occitana.org\/oc\/wp-json\/wp\/v2\/product"}],"about":[{"href":"https:\/\/www.libraria-occitana.org\/oc\/wp-json\/wp\/v2\/types\/product"}],"wp:featuredmedia":[{"embeddable":true,"href":"https:\/\/www.libraria-occitana.org\/oc\/wp-json\/wp\/v2\/media\/36622"}],"wp:attachment":[{"href":"https:\/\/www.libraria-occitana.org\/oc\/wp-json\/wp\/v2\/media?parent=37006"}],"wp:term":[{"taxonomy":"product_brand","embeddable":true,"href":"https:\/\/www.libraria-occitana.org\/oc\/wp-json\/wp\/v2\/product_brand?post=37006"},{"taxonomy":"product_cat","embeddable":true,"href":"https:\/\/www.libraria-occitana.org\/oc\/wp-json\/wp\/v2\/product_cat?post=37006"},{"taxonomy":"product_tag","embeddable":true,"href":"https:\/\/www.libraria-occitana.org\/oc\/wp-json\/wp\/v2\/product_tag?post=37006"}],"curies":[{"name":"wp","href":"https:\/\/api.w.org\/{rel}","templated":true}]}}