{"id":37009,"date":"1977-05-12T22:06:48","date_gmt":"1977-05-12T20:06:48","guid":{"rendered":"http:\/\/www.libraria-occitana.org\/?post_type=product&#038;p=37009"},"modified":"2026-04-18T04:11:21","modified_gmt":"2026-04-18T02:11:21","slug":"descolonisar-listoria-occitana-tome-ii-lenemic-dins-la-closca","status":"publish","type":"product","link":"https:\/\/www.libraria-occitana.org\/oc\/produch\/descolonisar-listoria-occitana-tome-ii-lenemic-dins-la-closca\/","title":{"rendered":"Descolonisar l&#8217;ist\u00f2ria occitana t\u00f2me II : L\u2019enemic dins la cl\u00f2sca"},"content":{"rendered":"<p>\u00ab \u2026 Le d\u00e9cret du 8 pluvi\u00f4se ordonne, en cons\u00e9quence, le prompt r\u00e9tablissement d\u2019un instituteur de langue fran\u00e7aise dans chaque commune de campagne des d\u00e9partements o\u00f9 les habitants sont dans l\u2019habitude de s\u2019exprimer dans une langue \u00e9trang\u00e8re.<\/p>\n<p>Cet instituteur doit, chaque jour, enseigner la langue fran\u00e7aise et la d\u00e9claration des droits de l\u2019homme \u00e0 tous les jeunes citoyens des deux sexes ; et chaque d\u00e9cadi, faire lecture au Peuple des Lois de la R\u00e9publique, en les traduisant vocalement.<\/p>\n<p>Mais, en le chargeant de ces fonctions importantes, la loi ne le dispense pas de remplir celles d\u2019instituteur des \u00e9coles primaires.<\/p>\n<p>Le travail est la mesure du salaire, et c\u2019est ce principe qui a d\u00e9termin\u00e9 le L\u00e9gislateur, en accordant \u00e0 l\u2019instituteur un traitement fixe et plus fort, pour l\u2019indemniser d\u2019un plus grand travail.<\/p>\n<p>Ainsi donc, dans les communes de campagne, le m\u00eame instituteur, doit non-seulement enseigner la langue fran\u00e7aise, mais encore satisfaire \u00e0 tout ce qu\u2019exigent de lui les lois relatives \u00e0 l\u2019instruction publique. \u00bb<\/p>\n<p style=\"text-align: right;\">Les Membres composant le Comit\u00e9 de Salut public,<br \/>\n<em>Sign\u00e9<\/em>, Robespierre, Billaud-Varenne, Lindet, C.A. Prieur, Carnot, B. Bar\u00e8re, Couthon et Collot-d\u2019Herbois.<br \/>\n<em>Salut et fraternit\u00e9<\/em>.<\/p>\n<p><a href=\"http:\/\/www.libraria-occitana.org\/produit\/descolonisar-listoria-occitana-tome-i-reduseires-de-caps\/\"><em>Descolonisar l\u2019ist\u00f2ria occitana t\u00f2me I : Redus\u00e8ires de caps<\/em><\/a><\/p>\n","protected":false},"excerpt":{"rendered":"<p>\u00ab \u2026 Le d\u00e9cret du 8 pluvi\u00f4se ordonne, en cons\u00e9quence, le prompt r\u00e9tablissement d\u2019un instituteur de langue fran\u00e7aise dans chaque commune de campagne des d\u00e9partements o\u00f9 les habitants sont dans l\u2019habitude de s\u2019exprimer dans une langue \u00e9trang\u00e8re. Cet instituteur doit, chaque jour, enseigner la langue fran\u00e7aise et la d\u00e9claration des droits de l\u2019homme \u00e0 tous [&hellip;]<\/p>\n","protected":false},"featured_media":37190,"template":"","meta":{"_acf_changed":false,"_genesis_hide_title":false,"_genesis_hide_breadcrumbs":false,"_genesis_hide_singular_image":false,"_genesis_hide_footer_widgets":false,"_genesis_custom_body_class":"","_genesis_custom_post_class":"","_genesis_layout":""},"product_brand":[],"product_cat":[7133,7203],"product_tag":[],"class_list":{"0":"post-37009","1":"product","2":"type-product","3":"status-publish","4":"has-post-thumbnail","6":"product_cat-libres-oc","7":"product_cat-politica-sociologia-actualitat-oc","8":"pa_auteur-roqueta-larzac-joan-oc","9":"pa_editeur-ieo-fr-oc","10":"pa_langue-occitan-oc","11":"pa_langue-occitan-lengadocian-oc","12":"entry","14":"first","15":"outofstock","16":"shipping-taxable","17":"purchasable","18":"product-type-simple"},"acf":[],"_links":{"self":[{"href":"https:\/\/www.libraria-occitana.org\/oc\/wp-json\/wp\/v2\/product\/37009","targetHints":{"allow":["GET"]}}],"collection":[{"href":"https:\/\/www.libraria-occitana.org\/oc\/wp-json\/wp\/v2\/product"}],"about":[{"href":"https:\/\/www.libraria-occitana.org\/oc\/wp-json\/wp\/v2\/types\/product"}],"wp:featuredmedia":[{"embeddable":true,"href":"https:\/\/www.libraria-occitana.org\/oc\/wp-json\/wp\/v2\/media\/37190"}],"wp:attachment":[{"href":"https:\/\/www.libraria-occitana.org\/oc\/wp-json\/wp\/v2\/media?parent=37009"}],"wp:term":[{"taxonomy":"product_brand","embeddable":true,"href":"https:\/\/www.libraria-occitana.org\/oc\/wp-json\/wp\/v2\/product_brand?post=37009"},{"taxonomy":"product_cat","embeddable":true,"href":"https:\/\/www.libraria-occitana.org\/oc\/wp-json\/wp\/v2\/product_cat?post=37009"},{"taxonomy":"product_tag","embeddable":true,"href":"https:\/\/www.libraria-occitana.org\/oc\/wp-json\/wp\/v2\/product_tag?post=37009"}],"curies":[{"name":"wp","href":"https:\/\/api.w.org\/{rel}","templated":true}]}}