{"id":37020,"date":"2010-09-13T16:54:45","date_gmt":"2010-09-13T14:54:45","guid":{"rendered":"http:\/\/www.libraria-occitana.org\/produit\/la-plus-close-nuit\/"},"modified":"2024-07-04T00:32:08","modified_gmt":"2024-07-03T22:32:08","slug":"la-plus-close-nuit","status":"publish","type":"product","link":"https:\/\/www.libraria-occitana.org\/oc\/produch\/la-plus-close-nuit\/","title":{"rendered":"La plus close nuit"},"content":{"rendered":"<blockquote>\n<p>J\u2019\u00e9coute les chouettes<br \/>\net je ne quitte pas des yeux cette lumi\u00e8re vesp\u00e9rale<br \/>\nqui s\u2019amenuise, qui s\u2019efface<br \/>\net qui c\u00e8de la place<br \/>\n\u00e0 la profonde, \u00e0 l\u2019irr\u00e9m\u00e9diable nuit\u2026<\/p>\n<\/blockquote>\n<p>Les po\u00e8mes r\u00e9unis dans le pr\u00e9sent recueil ont \u00e9t\u00e9 \u00e9crits \u2013 pour reprendre les propos de l\u2019auteur, dans sa \u00ab langue du Sud \u00bb (l\u2019occitan) et dans sa \u00ab langue du Nord \u00bb (le fran\u00e7ais). Les plus anciens furent inspir\u00e9s par un s\u00e9jour que fit le po\u00e8te au Portugal, il y aura bient\u00f4t cinquante ans. Les autres ont \u00e9t\u00e9 compos\u00e9s entre 2000 et 2006. On y retrouve les th\u00e8mes chers \u00e0 Bernard Lesfargues : \u00ab l\u2019amour de sa vieille terre p\u00e9rigorde, l\u2019amour toujours vif de la femme, l\u2019amiti\u00e9, le temps qui s\u2019essouffle et la mort qui patiente. \u00bb Ce recueil serait-il des adieux po\u00e9tiques au monde d\u2019ici-bas ? On pourrait le penser parfois, \u00e0 lire les nombreuses allusions \u00e0 la mort. Mais tant parler de la mort ne signifie-t-il pas encore et toujours un amour inextinguible de la vie ?<\/p>\n","protected":false},"excerpt":{"rendered":"<p>J\u2019\u00e9coute les chouettes et je ne quitte pas des yeux cette lumi\u00e8re vesp\u00e9rale qui s\u2019amenuise, qui s\u2019efface et qui c\u00e8de la place \u00e0 la profonde, \u00e0 l\u2019irr\u00e9m\u00e9diable nuit\u2026 Les po\u00e8mes r\u00e9unis dans le pr\u00e9sent recueil ont \u00e9t\u00e9 \u00e9crits \u2013 pour reprendre les propos de l\u2019auteur, dans sa \u00ab langue du Sud \u00bb (l\u2019occitan) et dans [&hellip;]<\/p>\n","protected":false},"featured_media":37040,"template":"","meta":{"_acf_changed":false,"_genesis_hide_title":false,"_genesis_hide_breadcrumbs":false,"_genesis_hide_singular_image":false,"_genesis_hide_footer_widgets":false,"_genesis_custom_body_class":"","_genesis_custom_post_class":"","_genesis_layout":""},"product_brand":[],"product_cat":[7133,7175,7181],"product_tag":[],"class_list":{"0":"post-37020","1":"product","2":"type-product","3":"status-publish","4":"has-post-thumbnail","6":"product_cat-libres-oc","7":"product_cat-literatura-oc","8":"product_cat-poesia-oc","9":"pa_auteur-lesfargues-bernard-oc","10":"pa_editeur-federop-oc","11":"pa_langue-francais-oc","12":"pa_langue-occitan-lengadocian-oc","13":"pa_langue-occitan-francais-oc","14":"entry","16":"first","17":"outofstock","18":"shipping-taxable","19":"purchasable","20":"product-type-simple"},"acf":[],"_links":{"self":[{"href":"https:\/\/www.libraria-occitana.org\/oc\/wp-json\/wp\/v2\/product\/37020","targetHints":{"allow":["GET"]}}],"collection":[{"href":"https:\/\/www.libraria-occitana.org\/oc\/wp-json\/wp\/v2\/product"}],"about":[{"href":"https:\/\/www.libraria-occitana.org\/oc\/wp-json\/wp\/v2\/types\/product"}],"wp:featuredmedia":[{"embeddable":true,"href":"https:\/\/www.libraria-occitana.org\/oc\/wp-json\/wp\/v2\/media\/37040"}],"wp:attachment":[{"href":"https:\/\/www.libraria-occitana.org\/oc\/wp-json\/wp\/v2\/media?parent=37020"}],"wp:term":[{"taxonomy":"product_brand","embeddable":true,"href":"https:\/\/www.libraria-occitana.org\/oc\/wp-json\/wp\/v2\/product_brand?post=37020"},{"taxonomy":"product_cat","embeddable":true,"href":"https:\/\/www.libraria-occitana.org\/oc\/wp-json\/wp\/v2\/product_cat?post=37020"},{"taxonomy":"product_tag","embeddable":true,"href":"https:\/\/www.libraria-occitana.org\/oc\/wp-json\/wp\/v2\/product_tag?post=37020"}],"curies":[{"name":"wp","href":"https:\/\/api.w.org\/{rel}","templated":true}]}}