{"id":37034,"date":"1992-05-13T18:52:14","date_gmt":"1992-05-13T16:52:14","guid":{"rendered":"http:\/\/www.libraria-occitana.org\/?post_type=product&#038;p=37034"},"modified":"2026-04-29T10:37:51","modified_gmt":"2026-04-29T08:37:51","slug":"une-ecriture-en-archipel","status":"publish","type":"product","link":"https:\/\/www.libraria-occitana.org\/oc\/produch\/une-ecriture-en-archipel\/","title":{"rendered":"Une \u00e9criture en archipel"},"content":{"rendered":"<p>\u00ab Entre l\u2019impossible rapport \u00e0 un monde qui survit dans la langue comme une m\u00e9moire d\u00e9sormais cl\u00f4tur\u00e9e (le dialecte, comme lien au \u00ab pays \u00bb) et l\u2019\u00e9clatement infini des mots, que l\u2019on rassemble dans leur dispersion m\u00eame, pour leur \u00e9tranget\u00e9 encore quelque part famili\u00e8re, cinquante ann\u00e9es de po\u00e9sie occitane disent la finitude (et non la fin) d\u2019une langue longuement r\u00eav\u00e9e et esquissent \u00e0 l\u2019envi toutes sortes de reconstructions individuelles. Les mots sont proches, concrets, charg\u00e9s de leur poids de proximit\u00e9 intime, mais ils sont \u00e9galement lointains, d\u00e9tach\u00e9s, d\u00e9j\u00e0 priv\u00e9s de sens quotidien et de l\u00e9gitimit\u00e9. Les grandes constructions po\u00e9tiques d\u2019un Manciet, d\u2019une Delpastre, d\u2019un Delavou\u00ebt, d\u2019un Nelli, d\u2019un Max Rouquette (construction en creux dans son cas : la longue qu\u00eate du <em>Mauc\u00f2r de l\u2019unic\u00f2rn<\/em> est comme d\u00e9roul\u00e9e autour d\u2019une absence depuis longtemps m\u00fbrie et aim\u00e9e d\u2019amour) sont des fictions linguistiques totales (comme on parlerait de spectacle total), des d\u00e9rives d\u00e9croch\u00e9es du r\u00e9el o\u00f9 la perte se fait rachat d\u00e9finitif. \u00bb<\/p>\n","protected":false},"excerpt":{"rendered":"<p>\u00ab Entre l\u2019impossible rapport \u00e0 un monde qui survit dans la langue comme une m\u00e9moire d\u00e9sormais cl\u00f4tur\u00e9e (le dialecte, comme lien au \u00ab pays \u00bb) et l\u2019\u00e9clatement infini des mots, que l\u2019on rassemble dans leur dispersion m\u00eame, pour leur \u00e9tranget\u00e9 encore quelque part famili\u00e8re, cinquante ann\u00e9es de po\u00e9sie occitane disent la finitude (et non la [&hellip;]<\/p>\n","protected":false},"featured_media":37037,"template":"","meta":{"_acf_changed":false,"_genesis_hide_title":false,"_genesis_hide_breadcrumbs":false,"_genesis_hide_singular_image":false,"_genesis_hide_footer_widgets":false,"_genesis_custom_body_class":"","_genesis_custom_post_class":"","_genesis_layout":""},"product_brand":[],"product_cat":[7189,7133,7175],"product_tag":[],"class_list":{"0":"post-37034","1":"product","2":"type-product","3":"status-publish","4":"has-post-thumbnail","6":"product_cat-estudis-literaris-oc","7":"product_cat-libres-oc","8":"product_cat-literatura-oc","9":"pa_auteur-gardy-philippe-oc","10":"pa_editeur-federop-oc","11":"pa_langue-francais-oc","12":"entry","14":"first","15":"instock","16":"shipping-taxable","17":"purchasable","18":"product-type-simple"},"acf":[],"_links":{"self":[{"href":"https:\/\/www.libraria-occitana.org\/oc\/wp-json\/wp\/v2\/product\/37034","targetHints":{"allow":["GET"]}}],"collection":[{"href":"https:\/\/www.libraria-occitana.org\/oc\/wp-json\/wp\/v2\/product"}],"about":[{"href":"https:\/\/www.libraria-occitana.org\/oc\/wp-json\/wp\/v2\/types\/product"}],"wp:featuredmedia":[{"embeddable":true,"href":"https:\/\/www.libraria-occitana.org\/oc\/wp-json\/wp\/v2\/media\/37037"}],"wp:attachment":[{"href":"https:\/\/www.libraria-occitana.org\/oc\/wp-json\/wp\/v2\/media?parent=37034"}],"wp:term":[{"taxonomy":"product_brand","embeddable":true,"href":"https:\/\/www.libraria-occitana.org\/oc\/wp-json\/wp\/v2\/product_brand?post=37034"},{"taxonomy":"product_cat","embeddable":true,"href":"https:\/\/www.libraria-occitana.org\/oc\/wp-json\/wp\/v2\/product_cat?post=37034"},{"taxonomy":"product_tag","embeddable":true,"href":"https:\/\/www.libraria-occitana.org\/oc\/wp-json\/wp\/v2\/product_tag?post=37034"}],"curies":[{"name":"wp","href":"https:\/\/api.w.org\/{rel}","templated":true}]}}