{"id":37081,"date":"2022-03-11T12:25:03","date_gmt":"2022-03-11T11:25:03","guid":{"rendered":"http:\/\/www.libraria-occitana.org\/produit\/les-mots-dalienor-alienor-daquitaine-et-son-siecle\/"},"modified":"2026-04-29T10:10:45","modified_gmt":"2026-04-29T08:10:45","slug":"les-mots-dalienor-alienor-daquitaine-et-son-siecle","status":"publish","type":"product","link":"https:\/\/www.libraria-occitana.org\/oc\/produch\/les-mots-dalienor-alienor-daquitaine-et-son-siecle\/","title":{"rendered":"Les mots d&#8217;Ali\u00e9nor : Ali\u00e9nor d&#8217;Aquitaine et son si\u00e8cle"},"content":{"rendered":"<p>Un livre essentiel de Katy Bernard pour mieux apr\u00e9hender la personnalit\u00e9 d&#8217;Ali\u00e9nor d&#8217;Aquitaine, grande figure du XIIe et celle de sa descendance. L&#8217;ouvrage s&#8217;articule autour d&#8217;une centaine de notices synth\u00e9tiques ce qui en fait un excellent outil p\u00e9dagogique. On d\u00e9couvre aussi dans <em>Les mots d&#8217;Ali\u00e9nor d&#8217;Aquitaine<\/em> des extraits d&#8217;\u0153uvres des troubadours contemporains d&#8217;Ali\u00e9nor.<\/p>\n<p><em>Les Mots d\u2019Ali\u00e9nor<\/em> est con\u00e7u comme un ab\u00e9c\u00e9daire recueillant et interpr\u00e9tant les diff\u00e9rents aspects de la vie et de l\u2019h\u00e9ritage d\u2019Ali\u00e9nor d\u2019Aquitaine (1122-1204), successivement reine de France puis d\u2019Angleterre. Pour bien comprendre l\u2019envergure et le rayonnement d\u2019une des plus importantes figures de l\u2019Histoire de France, il faut aussi faire connaissance avec son lignage, ses maris, ses enfants, ses contemporains (rois, reines, empereurs, troubadours, \u00e9crivains, religieux&#8230;), et ses descendants.<\/p>\n<p>Ali\u00e9nor est ce que l\u2019on pourrait appeler une femme-si\u00e8cle, de ce XIIe si\u00e8cle qui fut par bien des aspects la premi\u00e8re Renaissance de l\u2019Europe du Moyen \u00c2ge.<\/p>\n<p>Avec ce recueil de notices synth\u00e9tiques (<em>Ali\u00e9nor<\/em>, <em>Bernard de Ventadour<\/em>, <em>Blanche de Castille<\/em>, <em>Cath\u00e9drale Saint- Pierre<\/em>, <em>Poitiers<\/em>, <em>Guillaume IX d\u2019Aquitaine<\/em>, <em>Richard C\u0153ur de Lion<\/em>, <em>Territoires<\/em>, <em>R\u00e9sidences<\/em>, etc.), le lecteur pourra, \u00e0 son rythme, faire progressivement connaissance avec Ali\u00e9nor, revenir \u00e0 loisir sur tel aspect de sa personnalit\u00e9 ou tel \u00e9v\u00e9nement de son existence, sur tel membre de sa famille, sur tel de ses contemporains. Il pourra ainsi d\u00e9couvrir la profondeur et l\u2019amplitude du personnage.<\/p>\n<p>L\u2019ouvrage est accompagn\u00e9 d\u2019illustrations, d\u2019un pr\u00e9cieux index et d\u2019une chronologie tr\u00e8s d\u00e9taill\u00e9e, qui renouvellent nos connaissances de cette \u00e9poque et de ses figures majeures.<\/p>\n","protected":false},"excerpt":{"rendered":"<p>Un livre essentiel de Katy Bernard pour mieux apr\u00e9hender la personnalit\u00e9 d&#8217;Ali\u00e9nor d&#8217;Aquitaine, grande figure du XIIe et celle de sa descendance. L&#8217;ouvrage s&#8217;articule autour d&#8217;une centaine de notices synth\u00e9tiques ce qui en fait un excellent outil p\u00e9dagogique. On d\u00e9couvre aussi dans Les mots d&#8217;Ali\u00e9nor d&#8217;Aquitaine des extraits d&#8217;\u0153uvres des troubadours contemporains d&#8217;Ali\u00e9nor. Les Mots [&hellip;]<\/p>\n","protected":false},"featured_media":56078,"template":"","meta":{"_acf_changed":false,"_genesis_hide_title":false,"_genesis_hide_breadcrumbs":false,"_genesis_hide_singular_image":false,"_genesis_hide_footer_widgets":false,"_genesis_custom_body_class":"","_genesis_custom_post_class":"","_genesis_layout":""},"product_brand":[],"product_cat":[7161,7149,7133],"product_tag":[],"class_list":{"0":"post-37081","1":"product","2":"type-product","3":"status-publish","4":"has-post-thumbnail","6":"product_cat-istoria-medievala-oc","7":"product_cat-istoria-geografia-oc","8":"product_cat-libres-oc","9":"pa_auteur-bernard-katy-oc-2","10":"pa_editeur-confluences-oc","11":"pa_langue-francais-oc","12":"entry","14":"first","15":"outofstock","16":"shipping-taxable","17":"purchasable","18":"product-type-simple"},"acf":[],"_links":{"self":[{"href":"https:\/\/www.libraria-occitana.org\/oc\/wp-json\/wp\/v2\/product\/37081","targetHints":{"allow":["GET"]}}],"collection":[{"href":"https:\/\/www.libraria-occitana.org\/oc\/wp-json\/wp\/v2\/product"}],"about":[{"href":"https:\/\/www.libraria-occitana.org\/oc\/wp-json\/wp\/v2\/types\/product"}],"wp:featuredmedia":[{"embeddable":true,"href":"https:\/\/www.libraria-occitana.org\/oc\/wp-json\/wp\/v2\/media\/56078"}],"wp:attachment":[{"href":"https:\/\/www.libraria-occitana.org\/oc\/wp-json\/wp\/v2\/media?parent=37081"}],"wp:term":[{"taxonomy":"product_brand","embeddable":true,"href":"https:\/\/www.libraria-occitana.org\/oc\/wp-json\/wp\/v2\/product_brand?post=37081"},{"taxonomy":"product_cat","embeddable":true,"href":"https:\/\/www.libraria-occitana.org\/oc\/wp-json\/wp\/v2\/product_cat?post=37081"},{"taxonomy":"product_tag","embeddable":true,"href":"https:\/\/www.libraria-occitana.org\/oc\/wp-json\/wp\/v2\/product_tag?post=37081"}],"curies":[{"name":"wp","href":"https:\/\/api.w.org\/{rel}","templated":true}]}}