{"id":37141,"date":"2004-12-20T21:03:54","date_gmt":"2004-12-20T20:03:54","guid":{"rendered":"http:\/\/www.libraria-occitana.org\/produit\/les-instruments-de-musique-dorigine-arabe\/"},"modified":"2026-04-29T04:06:13","modified_gmt":"2026-04-29T02:06:13","slug":"les-instruments-de-musique-dorigine-arabe","status":"publish","type":"product","link":"https:\/\/www.libraria-occitana.org\/oc\/produch\/les-instruments-de-musique-dorigine-arabe\/","title":{"rendered":"Les instruments de musique d&#8217;origine arabe : Sens et histoire de leurs d\u00e9signations"},"content":{"rendered":"<p>L&#8217;objet de ce petit ouvrage ne r\u00e9side pas dans la description des instruments ici consid\u00e9r\u00e9s. Ses pr\u00e9occupations sont diff\u00e9rentes. Il constitue, en effet, le troisi\u00e8me volet du triptyque que Pierre Bec consacre aux probl\u00e8mes philologiques et litt\u00e9raires pos\u00e9s par certains instruments de musique, pass\u00e9s ou pr\u00e9sents, cette approche ressortissant surtout \u00e0 ce qu&#8217;on pourrait d\u00e9signer du nom de <em>philologie organologique<\/em>.<\/p>\n<p>Ainsi, apr\u00e8s l&#8217;\u00e9tude des vi\u00e8les et des rebecs du Moyen \u00c2ge, de la cornemuse dans son usage populaire et savant, l&#8217;auteur se penche aujourd&#8217;hui sur les instruments europ\u00e9ens d&#8217;origine arabe et dont la d\u00e9signation, voire la typologie organologique ont pris naissance dans l&#8217;espace pluri-culturel hispanique, commun\u00e9ment appel\u00e9 al-Andalus. C&#8217;est dire que le d\u00e9nominateur commun de la douzaine des instruments ici \u00e9tudi\u00e9s est plus culturel au sens large (communaut\u00e9 d&#8217;espace, de civilisation et de langue, mais aussi choc et compl\u00e9mentarit\u00e9 de plusieurs cultures et de langues) que strictement organologique. D&#8217;o\u00f9 une introduction historique et linguistique d&#8217;une certaine densit\u00e9 : l&#8217;aspect organologique n&#8217;est toutefois pas oubli\u00e9 puisqu&#8217;il est bri\u00e8vement trait\u00e9 \u00e0 propos de chaque instrument et plus sp\u00e9cialement abord\u00e9 dans les illustrations comment\u00e9es de Christian Rault.<\/p>\n","protected":false},"excerpt":{"rendered":"<p>L&#8217;objet de ce petit ouvrage ne r\u00e9side pas dans la description des instruments ici consid\u00e9r\u00e9s. Ses pr\u00e9occupations sont diff\u00e9rentes. Il constitue, en effet, le troisi\u00e8me volet du triptyque que Pierre Bec consacre aux probl\u00e8mes philologiques et litt\u00e9raires pos\u00e9s par certains instruments de musique, pass\u00e9s ou pr\u00e9sents, cette approche ressortissant surtout \u00e0 ce qu&#8217;on pourrait d\u00e9signer [&hellip;]<\/p>\n","protected":false},"featured_media":37256,"template":"","meta":{"_acf_changed":false,"_genesis_hide_title":false,"_genesis_hide_breadcrumbs":false,"_genesis_hide_singular_image":false,"_genesis_hide_footer_widgets":false,"_genesis_custom_body_class":"","_genesis_custom_post_class":"","_genesis_layout":""},"product_brand":[],"product_cat":[7195,7133,7191],"product_tag":[],"class_list":{"0":"post-37141","1":"product","2":"type-product","3":"status-publish","4":"has-post-thumbnail","6":"product_cat-estudis-oc","7":"product_cat-libres-oc","8":"product_cat-musica-danca-oc","9":"pa_auteur-bec-peire-oc","10":"pa_editeur-conservatoire-occitan-oc","11":"pa_langue-francais-oc","12":"entry","14":"first","15":"outofstock","16":"shipping-taxable","17":"purchasable","18":"product-type-simple"},"acf":[],"_links":{"self":[{"href":"https:\/\/www.libraria-occitana.org\/oc\/wp-json\/wp\/v2\/product\/37141","targetHints":{"allow":["GET"]}}],"collection":[{"href":"https:\/\/www.libraria-occitana.org\/oc\/wp-json\/wp\/v2\/product"}],"about":[{"href":"https:\/\/www.libraria-occitana.org\/oc\/wp-json\/wp\/v2\/types\/product"}],"wp:featuredmedia":[{"embeddable":true,"href":"https:\/\/www.libraria-occitana.org\/oc\/wp-json\/wp\/v2\/media\/37256"}],"wp:attachment":[{"href":"https:\/\/www.libraria-occitana.org\/oc\/wp-json\/wp\/v2\/media?parent=37141"}],"wp:term":[{"taxonomy":"product_brand","embeddable":true,"href":"https:\/\/www.libraria-occitana.org\/oc\/wp-json\/wp\/v2\/product_brand?post=37141"},{"taxonomy":"product_cat","embeddable":true,"href":"https:\/\/www.libraria-occitana.org\/oc\/wp-json\/wp\/v2\/product_cat?post=37141"},{"taxonomy":"product_tag","embeddable":true,"href":"https:\/\/www.libraria-occitana.org\/oc\/wp-json\/wp\/v2\/product_tag?post=37141"}],"curies":[{"name":"wp","href":"https:\/\/api.w.org\/{rel}","templated":true}]}}