{"id":37180,"date":"2014-11-24T15:27:42","date_gmt":"2014-11-24T14:27:42","guid":{"rendered":"http:\/\/www.libraria-occitana.org\/produit\/recueils-des-noels-provencaux-lou-reviro-meinage\/"},"modified":"2026-04-17T01:11:46","modified_gmt":"2026-04-16T23:11:46","slug":"recueils-des-noels-provencaux-lou-reviro-meinage","status":"publish","type":"product","link":"https:\/\/www.libraria-occitana.org\/oc\/produch\/recueils-des-noels-provencaux-lou-reviro-meinage\/","title":{"rendered":"Recueils des No\u00ebls Proven\u00e7aux : Lou Reviro-meinage"},"content":{"rendered":"<p>Pr\u00e9sentation, traduction, notes : Henri Moucadel.<br \/>\nEn occitan graphie mistralienne avec la traduction fran\u00e7aise en regard.<\/p>\n<p>La p\u00e9rennit\u00e9 des no\u00ebls proven\u00e7aux de Nicolas Saboly est, pour les Proven\u00e7aux, un fait si naturel qu&#8217;ils risquent d&#8217;en oublier l&#8217;aspect miraculeux : est-il d&#8217;autres textes qui, quatre si\u00e8cles apr\u00e8s la naissance de leur auteur, figurent toujours en bonne place dans la m\u00e9moire populaire ? Sit\u00f4t que la p\u00e9riode calendale revient, et invite \u00e0 les chanter, devant la cr\u00e8che familiale ou \u00e0 l&#8217;\u00e9glise, ils ressurgissent avec leur \u00e9tonnante fra\u00eecheur. Dans cette long\u00e9vit\u00e9, la transmission orale, familiale et amicale, a toujours constitu\u00e9 un facteur d\u00e9terminant, avec toute la richesse humaine qu&#8217;elle implique, et l&#8217;on ne peut que souhaiter, naturellement, qu&#8217;il en aille encore longtemps ainsi.(&#8230;)<\/p>\n<p>L&#8217;apport le plus imm\u00e9diat, d\u00e9terminant, de la pr\u00e9sente publication est de permettre une compr\u00e9hension int\u00e9grale et exacte des textes eux-m\u00eames. \u00c0 partir d&#8217;une approche rigoureuse fond\u00e9e sur les seules \u00e9ditions parues du vivant de Saboly ou peu apr\u00e8s sa mort, en se r\u00e9f\u00e9rant aux textes proven\u00e7aux de la m\u00eame \u00e9poque comme aux dictionnaires, fran\u00e7ais par force, du Grand Si\u00e8cle, en int\u00e9grant les travaux des grammairiens actuels sur la langue classique, Henri Moucadel, comme l&#8217;on rend leur \u00e9clat \u00e0 des toiles de ma\u00eetre, a restitu\u00e9 \u00e0 une infinit\u00e9 de passages leur sens originel, trop souvent affadi par l&#8217;\u00e9rosion des termes ou la d\u00e9su\u00e9tude des expressions.<\/p>\n<p style=\"text-align: right;\">Claude Mauron (extrait de l&#8217;avant-propos)<\/p>\n","protected":false},"excerpt":{"rendered":"<p>Pr\u00e9sentation, traduction, notes : Henri Moucadel. En occitan graphie mistralienne avec la traduction fran\u00e7aise en regard. La p\u00e9rennit\u00e9 des no\u00ebls proven\u00e7aux de Nicolas Saboly est, pour les Proven\u00e7aux, un fait si naturel qu&#8217;ils risquent d&#8217;en oublier l&#8217;aspect miraculeux : est-il d&#8217;autres textes qui, quatre si\u00e8cles apr\u00e8s la naissance de leur auteur, figurent toujours en bonne [&hellip;]<\/p>\n","protected":false},"featured_media":37178,"template":"","meta":{"_acf_changed":false,"_genesis_hide_title":false,"_genesis_hide_breadcrumbs":false,"_genesis_hide_singular_image":false,"_genesis_hide_footer_widgets":false,"_genesis_custom_body_class":"","_genesis_custom_post_class":"","_genesis_layout":""},"product_brand":[],"product_cat":[7133,7191,7193],"product_tag":[],"class_list":{"0":"post-37180","1":"product","2":"type-product","3":"status-publish","4":"has-post-thumbnail","6":"product_cat-libres-oc","7":"product_cat-musica-danca-oc","8":"product_cat-particions-paraulas-de-chancons-oc","9":"pa_auteur-saboly-nicolas-oc","10":"pa_editeur-a-lasard-bautezar-oc","11":"pa_illustrateur-moucadel-henri-oc","12":"pa_langue-occitan-provencau-oc","13":"pa_langue-occitan-francais-oc","14":"entry","16":"first","17":"outofstock","18":"shipping-taxable","19":"purchasable","20":"product-type-simple"},"acf":[],"_links":{"self":[{"href":"https:\/\/www.libraria-occitana.org\/oc\/wp-json\/wp\/v2\/product\/37180","targetHints":{"allow":["GET"]}}],"collection":[{"href":"https:\/\/www.libraria-occitana.org\/oc\/wp-json\/wp\/v2\/product"}],"about":[{"href":"https:\/\/www.libraria-occitana.org\/oc\/wp-json\/wp\/v2\/types\/product"}],"wp:featuredmedia":[{"embeddable":true,"href":"https:\/\/www.libraria-occitana.org\/oc\/wp-json\/wp\/v2\/media\/37178"}],"wp:attachment":[{"href":"https:\/\/www.libraria-occitana.org\/oc\/wp-json\/wp\/v2\/media?parent=37180"}],"wp:term":[{"taxonomy":"product_brand","embeddable":true,"href":"https:\/\/www.libraria-occitana.org\/oc\/wp-json\/wp\/v2\/product_brand?post=37180"},{"taxonomy":"product_cat","embeddable":true,"href":"https:\/\/www.libraria-occitana.org\/oc\/wp-json\/wp\/v2\/product_cat?post=37180"},{"taxonomy":"product_tag","embeddable":true,"href":"https:\/\/www.libraria-occitana.org\/oc\/wp-json\/wp\/v2\/product_tag?post=37180"}],"curies":[{"name":"wp","href":"https:\/\/api.w.org\/{rel}","templated":true}]}}