{"id":37261,"date":"2017-10-26T12:24:25","date_gmt":"2017-10-26T10:24:25","guid":{"rendered":"http:\/\/www.libraria-occitana.org\/produit\/lo-nas-e-lo-manteu-doas-novelas-de-sent-petersborg\/"},"modified":"2026-04-26T00:27:04","modified_gmt":"2026-04-25T22:27:04","slug":"lo-nas-e-lo-manteu-doas-novelas-de-sent-petersborg","status":"publish","type":"product","link":"https:\/\/www.libraria-occitana.org\/oc\/produch\/lo-nas-e-lo-manteu-doas-novelas-de-sent-petersborg\/","title":{"rendered":"Lo nas e Lo manteu : doas novelas de Sent-Petersborg"},"content":{"rendered":"<p>G\u00f2gol, que moriguet en 1852 a 43 ans, arrendut de junes, d&#8217;una vita facha de dobtes literaris mai religios, entre neurastenia e exaltacion sempre, escriguet <em>Lo Nas<\/em> en 1834, <em>Lo Manteu<\/em>, entre dos tres c\u00f2ps, quauquas annadas tardier.<\/p>\n<p>Si <em>Lo Nas<\/em>, juec literari, dins lo biais fantastic de long de texte, a de que nos far rire e nos balha gran enveja de planher lo que tot d&#8217;un c\u00f2p li manca \u00e7\u00f2 que li servia per sentir mai sinar, <em>Lo Manteu<\/em>, \u00f2m l-i ritz en chena, a de que nos esm\u00f2ure tant es retrach d&#8217;un esser a qu&#8217;un tot mai tots manquen, un paubre diable de vita essuercha que lo fantastic \u2013 sa t\u00f2rna \u2013 sus la fin vai venir venjar, far reparacion tan pauc sia a tant de miseria umana.<\/p>\n<p>Essenciau &#8216;queu texte per la literatura russa. \u00ab Som tots sortits dau Manteu de G\u00f2gol \u00bb, \u00e7\u00f2-ditz Torgueniev, mots que t\u00f2rna prener lo grand Dostoievsqui.<\/p>\n<p>Veiqui \u00e7\u00f2 que Gog\u00f2l disia de se-mesma : \u00ab An beuc\u00f2p parlat sus ieu, mas degun a pas jamai definit mon esser vertadier, manca Poshquin. Me disia totjorn que degun escriveire sabia tan be far sentir la platituda de la vita, far ressortir tan f\u00f2rt la desconvenencia de l&#8217;\u00f2me vulgar, far espetar plen uelh totas las besilhs, los petits res que de costum nos eschapen. \u00bb<\/p>\n<p>Jan-Peire Reidi nos balha &#8216;qui d&#8217;aquilhs dos textes \u2013 ente la vita sociala se juega en mala comedia \u2013 &#8216;na crana version lemosina, apr\u00e8s aver revirat <em>La Filha dau capitani<\/em> de Poshquin que meritaria plan maitot l&#8217;edicion. Que &#8216;na lenga, literariament, viu de creacions soas e de reviradas.<\/p>\n<p>Es de bon remarcar que lo Lemosin Danis R\u00f2cha \u2013 que avia maitot publijat daus contes tradicionaus de chas nos dins &#8216;na plan bona lenga \u2013 reviret prumier en frances tota l&#8217;\u00f2bra de Tchec\u00f2v (emb la benediccion de l&#8217;autor) e Josep Mig\u00f2t, autre Lemosin, de las novelas dau mesma Tchec\u00f2v en lenga n\u00f2stra.<\/p>\n<p>D&#8217;ente tant d&#8217;interes lemosin per la literatura russa ?<\/p>\n","protected":false},"excerpt":{"rendered":"<p>G\u00f2gol, que moriguet en 1852 a 43 ans, arrendut de junes, d&#8217;una vita facha de dobtes literaris mai religios, entre neurastenia e exaltacion sempre, escriguet Lo Nas en 1834, Lo Manteu, entre dos tres c\u00f2ps, quauquas annadas tardier. Si Lo Nas, juec literari, dins lo biais fantastic de long de texte, a de que nos [&hellip;]<\/p>\n","protected":false},"featured_media":37253,"template":"","meta":{"_acf_changed":false,"_genesis_hide_title":false,"_genesis_hide_breadcrumbs":false,"_genesis_hide_singular_image":false,"_genesis_hide_footer_widgets":false,"_genesis_custom_body_class":"","_genesis_custom_post_class":"","_genesis_layout":""},"product_brand":[],"product_cat":[7133,7175,7183],"product_tag":[],"class_list":{"0":"post-37261","1":"product","2":"type-product","3":"status-publish","4":"has-post-thumbnail","6":"product_cat-libres-oc","7":"product_cat-literatura-oc","8":"product_cat-romans-novelas-oc","9":"pa_auteur-gogol-nicolai-vassilievich-oc","10":"pa_editeur-lo-chamin-de-sent-jaume-oc","11":"pa_illustrateur-reidi-jan-peire-reydy-jean-pierre-oc","12":"pa_langue-occitan-oc","13":"pa_langue-occitan-lemosin-oc","14":"entry","16":"first","17":"instock","18":"shipping-taxable","19":"purchasable","20":"product-type-simple"},"acf":[],"_links":{"self":[{"href":"https:\/\/www.libraria-occitana.org\/oc\/wp-json\/wp\/v2\/product\/37261","targetHints":{"allow":["GET"]}}],"collection":[{"href":"https:\/\/www.libraria-occitana.org\/oc\/wp-json\/wp\/v2\/product"}],"about":[{"href":"https:\/\/www.libraria-occitana.org\/oc\/wp-json\/wp\/v2\/types\/product"}],"wp:featuredmedia":[{"embeddable":true,"href":"https:\/\/www.libraria-occitana.org\/oc\/wp-json\/wp\/v2\/media\/37253"}],"wp:attachment":[{"href":"https:\/\/www.libraria-occitana.org\/oc\/wp-json\/wp\/v2\/media?parent=37261"}],"wp:term":[{"taxonomy":"product_brand","embeddable":true,"href":"https:\/\/www.libraria-occitana.org\/oc\/wp-json\/wp\/v2\/product_brand?post=37261"},{"taxonomy":"product_cat","embeddable":true,"href":"https:\/\/www.libraria-occitana.org\/oc\/wp-json\/wp\/v2\/product_cat?post=37261"},{"taxonomy":"product_tag","embeddable":true,"href":"https:\/\/www.libraria-occitana.org\/oc\/wp-json\/wp\/v2\/product_tag?post=37261"}],"curies":[{"name":"wp","href":"https:\/\/api.w.org\/{rel}","templated":true}]}}