{"id":37279,"date":"2017-03-26T13:32:59","date_gmt":"2017-03-26T11:32:59","guid":{"rendered":"http:\/\/www.libraria-occitana.org\/produit\/leis-aventuras-de-joseta-kroner-les-aventures-de-josette-kroner\/"},"modified":"2026-04-29T01:01:30","modified_gmt":"2026-04-28T23:01:30","slug":"leis-aventuras-de-joseta-kroner-les-aventures-de-josette-kroner","status":"publish","type":"product","link":"https:\/\/www.libraria-occitana.org\/oc\/produch\/leis-aventuras-de-joseta-kroner-les-aventures-de-josette-kroner\/","title":{"rendered":"Leis aventuras de Joseta Kroner &#8211; Les aventures de Josette Kroner"},"content":{"rendered":"<p>Aqueu rac\u00f2nte es estat publicat en fuelheton sus lo bl\u00f2g dau Tam-Tam en temps vertadier. D&#8217;oct\u00f2bre de 2013 fins a agost de 2014. Merc\u00e8ge francament lei lectors qu&#8217;an seguit cada jorn aqueste \u00ab word in progress \u00bb per i porgir soscadissa e sentits. Lei personatges e lei situacions d&#8217;aqueu rac\u00f2nte est\u00e8nt de ficcion dins son entier, tota semblan\u00e7a ambe de personas \u00f2 de situacions que vos parlan \u00f2 que vos podri\u00e1n parlar es d&#8217;azard.<\/p>\n","protected":false},"excerpt":{"rendered":"<p>Aqueu rac\u00f2nte es estat publicat en fuelheton sus lo bl\u00f2g dau Tam-Tam en temps vertadier. D&#8217;oct\u00f2bre de 2013 fins a agost de 2014. Merc\u00e8ge francament lei lectors qu&#8217;an seguit cada jorn aqueste \u00ab word in progress \u00bb per i porgir soscadissa e sentits. Lei personatges e lei situacions d&#8217;aqueu rac\u00f2nte est\u00e8nt de ficcion dins son [&hellip;]<\/p>\n","protected":false},"featured_media":37277,"template":"","meta":{"_acf_changed":false,"_genesis_hide_title":false,"_genesis_hide_breadcrumbs":false,"_genesis_hide_singular_image":false,"_genesis_hide_footer_widgets":false,"_genesis_custom_body_class":"","_genesis_custom_post_class":"","_genesis_layout":""},"product_brand":[],"product_cat":[7133,7175,7183],"product_tag":[],"class_list":{"0":"post-37279","1":"product","2":"type-product","3":"status-publish","4":"has-post-thumbnail","6":"product_cat-libres-oc","7":"product_cat-literatura-oc","8":"product_cat-romans-novelas-oc","9":"pa_auteur-poitavin-matthieu-oc","10":"pa_editeur-lauceu-libre-oc","11":"pa_langue-occitan-provencau-oc","12":"pa_langue-occitan-francais-oc","13":"entry","15":"first","16":"instock","17":"shipping-taxable","18":"purchasable","19":"product-type-simple"},"acf":[],"_links":{"self":[{"href":"https:\/\/www.libraria-occitana.org\/oc\/wp-json\/wp\/v2\/product\/37279","targetHints":{"allow":["GET"]}}],"collection":[{"href":"https:\/\/www.libraria-occitana.org\/oc\/wp-json\/wp\/v2\/product"}],"about":[{"href":"https:\/\/www.libraria-occitana.org\/oc\/wp-json\/wp\/v2\/types\/product"}],"wp:featuredmedia":[{"embeddable":true,"href":"https:\/\/www.libraria-occitana.org\/oc\/wp-json\/wp\/v2\/media\/37277"}],"wp:attachment":[{"href":"https:\/\/www.libraria-occitana.org\/oc\/wp-json\/wp\/v2\/media?parent=37279"}],"wp:term":[{"taxonomy":"product_brand","embeddable":true,"href":"https:\/\/www.libraria-occitana.org\/oc\/wp-json\/wp\/v2\/product_brand?post=37279"},{"taxonomy":"product_cat","embeddable":true,"href":"https:\/\/www.libraria-occitana.org\/oc\/wp-json\/wp\/v2\/product_cat?post=37279"},{"taxonomy":"product_tag","embeddable":true,"href":"https:\/\/www.libraria-occitana.org\/oc\/wp-json\/wp\/v2\/product_tag?post=37279"}],"curies":[{"name":"wp","href":"https:\/\/api.w.org\/{rel}","templated":true}]}}