{"id":37366,"date":"2017-10-28T11:03:41","date_gmt":"2017-10-28T09:03:41","guid":{"rendered":"http:\/\/www.libraria-occitana.org\/produit\/les-sites-remarquables-du-limousin-tome-3-correze\/"},"modified":"2026-04-03T00:01:10","modified_gmt":"2026-04-02T22:01:10","slug":"les-sites-remarquables-du-limousin-tome-3-correze","status":"publish","type":"product","link":"https:\/\/www.libraria-occitana.org\/oc\/produch\/les-sites-remarquables-du-limousin-tome-3-correze\/","title":{"rendered":"Les sites remarquables du Limousin T. 3 : Corr\u00e8ze"},"content":{"rendered":"<p>En 1898 \u00e9tait prot\u00e9g\u00e9 pour la premi\u00e8re fois en France, gr\u00e2ce \u00e0 la loi sur les monuments historiques promulgu\u00e9e 12 ans auparavant, un \u00ab monument naturel \u00bb. Ce site pr\u00e9curseur \u2013 qui sera suivi par des milliers d\u2019autres cette fois au titre des lois sur les sites \u2013 se trouve en Corr\u00e8ze : il s\u2019agit des pittoresques cascades de Gimel !<br \/>\nOn peut y voir une marque de reconnaissance de la richesse paysag\u00e8re et patrimoniale de la Corr\u00e8ze, tant il est vrai qu\u2019avec son petit air m\u00e9ridional mais cependant montagnard, voire quelque peu auvergnat sur les marges, ce d\u00e9partement offre toute une palette d\u2019ambiances propres \u00e0 \u00e9merveiller le visiteur et le randonneur.<\/p>\n<p>Apr\u00e8s les ouvrages consacr\u00e9s \u00e0 la Creuse et la Haute-Vienne, la Direction r\u00e9gionale de l\u2019Environnement, de l\u2019Am\u00e9nagement et du Logement (DREAL) poursuit son inventaire des sites remarquables du Limousin, prot\u00e9g\u00e9s au motif que leur \u00ab conservation pr\u00e9sente, au point de vue artistique, historique, scientifique, l\u00e9gendaire ou pittoresque, un int\u00e9r\u00eat g\u00e9n\u00e9ral \u00bb.<br \/>\nDans ce nouveau volume sont ainsi pr\u00e9sent\u00e9s les 80 sites class\u00e9s ou inscrits de la Corr\u00e8ze entre 1912 et 2010. Agr\u00e9ment\u00e9es de nombreuses photographies et de plans en couleurs, les descriptions de chaque site d\u00e9taillent les particularit\u00e9s qui leur ont valu d\u2019\u00eatre class\u00e9s ou inscrits, les \u00e9volutions qu\u2019ils ont subies, les am\u00e9liorations qui pourraient leur \u00eatre apport\u00e9es. En compl\u00e9ment, des \u00e9clairages historiques ou litt\u00e9raires sont propos\u00e9s, et les possibilit\u00e9s de visite ou randonn\u00e9es pour le grand public sont indiqu\u00e9es. Avec ce troisi\u00e8me tome, la DREAL, charg\u00e9e d\u2019appliquer la r\u00e9glementation sur les territoires prot\u00e9g\u00e9s au titre du paysage, invite ainsi le lecteur \u00e0 d\u00e9couvrir, comprendre et admirer les plus beaux sites de Corr\u00e8ze.<\/p>\n","protected":false},"excerpt":{"rendered":"<p>En 1898 \u00e9tait prot\u00e9g\u00e9 pour la premi\u00e8re fois en France, gr\u00e2ce \u00e0 la loi sur les monuments historiques promulgu\u00e9e 12 ans auparavant, un \u00ab monument naturel \u00bb. Ce site pr\u00e9curseur \u2013 qui sera suivi par des milliers d\u2019autres cette fois au titre des lois sur les sites \u2013 se trouve en Corr\u00e8ze : il s\u2019agit [&hellip;]<\/p>\n","protected":false},"featured_media":37364,"template":"","meta":{"_acf_changed":false,"_genesis_hide_title":false,"_genesis_hide_breadcrumbs":false,"_genesis_hide_singular_image":false,"_genesis_hide_footer_widgets":false,"_genesis_custom_body_class":"","_genesis_custom_post_class":"","_genesis_layout":""},"product_brand":[],"product_cat":[7133,7197,7199],"product_tag":[],"class_list":{"0":"post-37366","1":"product","2":"type-product","3":"status-publish","4":"has-post-thumbnail","6":"product_cat-libres-oc","7":"product_cat-natura-torisme-oc","8":"product_cat-guides-torisme-viatge-oc","9":"pa_auteur-dreal-du-limousin-oc","10":"pa_editeur-les-ardents-editeurs-oc","11":"pa_langue-francais-oc","12":"entry","14":"first","15":"instock","16":"shipping-taxable","17":"purchasable","18":"product-type-simple"},"acf":[],"_links":{"self":[{"href":"https:\/\/www.libraria-occitana.org\/oc\/wp-json\/wp\/v2\/product\/37366","targetHints":{"allow":["GET"]}}],"collection":[{"href":"https:\/\/www.libraria-occitana.org\/oc\/wp-json\/wp\/v2\/product"}],"about":[{"href":"https:\/\/www.libraria-occitana.org\/oc\/wp-json\/wp\/v2\/types\/product"}],"wp:featuredmedia":[{"embeddable":true,"href":"https:\/\/www.libraria-occitana.org\/oc\/wp-json\/wp\/v2\/media\/37364"}],"wp:attachment":[{"href":"https:\/\/www.libraria-occitana.org\/oc\/wp-json\/wp\/v2\/media?parent=37366"}],"wp:term":[{"taxonomy":"product_brand","embeddable":true,"href":"https:\/\/www.libraria-occitana.org\/oc\/wp-json\/wp\/v2\/product_brand?post=37366"},{"taxonomy":"product_cat","embeddable":true,"href":"https:\/\/www.libraria-occitana.org\/oc\/wp-json\/wp\/v2\/product_cat?post=37366"},{"taxonomy":"product_tag","embeddable":true,"href":"https:\/\/www.libraria-occitana.org\/oc\/wp-json\/wp\/v2\/product_tag?post=37366"}],"curies":[{"name":"wp","href":"https:\/\/api.w.org\/{rel}","templated":true}]}}