{"id":37428,"date":"2016-11-03T19:57:48","date_gmt":"2016-11-03T18:57:48","guid":{"rendered":"http:\/\/www.libraria-occitana.org\/produit\/le-livre-noir-ou-le-livre-de-la-communaute-des-habitans-dussel\/"},"modified":"2026-04-29T10:53:19","modified_gmt":"2026-04-29T08:53:19","slug":"le-livre-noir-ou-le-livre-de-la-communaute-des-habitans-dussel","status":"publish","type":"product","link":"https:\/\/www.libraria-occitana.org\/oc\/produch\/le-livre-noir-ou-le-livre-de-la-communaute-des-habitans-dussel\/","title":{"rendered":"Le Livre noir ou Le Livre de la communaut\u00e9 des habitans d&#8217;Ussel"},"content":{"rendered":"<p>Ce pr\u00e9cieux document, conserv\u00e9 dans les archives communales d\u2019Ussel sous la cote AA 20, est un registre de trente-sept feuillets de parchemin, qui s\u2019ouvre avec une grande initiale I surmont\u00e9e des armes de France et des armes de la ville d\u2019Ussel, dans une splendide figuration italianisante.<\/p>\n<p>\u0152uvre d\u2019un seul copiste, le notaire Jean du Puy, ce registre \u2013 qui n\u2019est pas \u00e0 proprement parler un cartulaire municipal \u2013 renferme le texte de la transaction pass\u00e9e le 2 f\u00e9vrier 1533 (n.\u2009st.) entre les procureurs de dame Jacqueline du Mas, administratrice du comt\u00e9 de Ventadour, et de son fils Gilbert de Ventadour, seigneur d\u2019Ussel, et les consuls de la ville d\u2019Ussel. Cette transaction d\u2019un autre temps r\u00e9glait les droits et les devoirs respectifs de la ville et de ses seigneurs et mettait un terme \u00e0 un proc\u00e8s engag\u00e9 \u00e0 la fin du XVe si\u00e8cle par Louis de Ventadour. Elle renferme le relev\u00e9 des droits et privil\u00e8ges acquis depuis le d\u00e9but du XIIIe si\u00e8cle par les consuls d\u2019Ussel face \u00e0 leurs seigneurs, Ventadour et accessoirement Ussel. Elle reproduit, parfois \u00e0 plusieurs reprises, douze actes ant\u00e9rieurs, allant de 1264, confirmation des coutumes par Ebles de Ventadour, \u00e0 1526, arr\u00eat du parlement de Paris mettant fin, en faveur des Ussellois, au litige les opposant aux Ventadour. Les archives communales d\u2019Ussel conservent certes les originaux de sept de ces actes, mais cinq d\u2019entre eux, dont le plus ancien, ne sont plus connus que par elle. Et surtout, les originaux conserv\u00e9s ne sont plus gu\u00e8re utilisables pour avoir \u00e9t\u00e9 en partie pass\u00e9s au r\u00e9actif au milieu du XIXe si\u00e8cle.<\/p>\n<p>L\u2019\u00e9dition est pr\u00e9c\u00e9d\u00e9e d\u2019une ample introduction traitant des origines du consulat, des confirmations des coutumes et de la transaction de 1533. Avec cette \u00e9dition, l\u2019ensemble des coutumes des villes de la vicomt\u00e9 puis comt\u00e9 de Ventadour est d\u00e9sormais accessible aux historiens et aux juristes.<\/p>\n","protected":false},"excerpt":{"rendered":"<p>Ce pr\u00e9cieux document, conserv\u00e9 dans les archives communales d\u2019Ussel sous la cote AA 20, est un registre de trente-sept feuillets de parchemin, qui s\u2019ouvre avec une grande initiale I surmont\u00e9e des armes de France et des armes de la ville d\u2019Ussel, dans une splendide figuration italianisante. \u0152uvre d\u2019un seul copiste, le notaire Jean du Puy, [&hellip;]<\/p>\n","protected":false},"featured_media":37064,"template":"","meta":{"_acf_changed":false,"_genesis_hide_title":false,"_genesis_hide_breadcrumbs":false,"_genesis_hide_singular_image":false,"_genesis_hide_footer_widgets":false,"_genesis_custom_body_class":"","_genesis_custom_post_class":"","_genesis_layout":""},"product_brand":[],"product_cat":[7159,7149,7133],"product_tag":[],"class_list":{"0":"post-37428","1":"product","2":"type-product","3":"status-publish","4":"has-post-thumbnail","6":"product_cat-istoria-moderna-e-contemporala-oc","7":"product_cat-istoria-geografia-oc","8":"product_cat-libres-oc","9":"pa_auteur-lemaitre-jean-loup-oc","10":"pa_editeur-musee-du-pays-dussel-oc","11":"pa_langue-francais-oc","12":"entry","14":"first","15":"outofstock","16":"shipping-taxable","17":"purchasable","18":"product-type-simple"},"acf":[],"_links":{"self":[{"href":"https:\/\/www.libraria-occitana.org\/oc\/wp-json\/wp\/v2\/product\/37428","targetHints":{"allow":["GET"]}}],"collection":[{"href":"https:\/\/www.libraria-occitana.org\/oc\/wp-json\/wp\/v2\/product"}],"about":[{"href":"https:\/\/www.libraria-occitana.org\/oc\/wp-json\/wp\/v2\/types\/product"}],"wp:featuredmedia":[{"embeddable":true,"href":"https:\/\/www.libraria-occitana.org\/oc\/wp-json\/wp\/v2\/media\/37064"}],"wp:attachment":[{"href":"https:\/\/www.libraria-occitana.org\/oc\/wp-json\/wp\/v2\/media?parent=37428"}],"wp:term":[{"taxonomy":"product_brand","embeddable":true,"href":"https:\/\/www.libraria-occitana.org\/oc\/wp-json\/wp\/v2\/product_brand?post=37428"},{"taxonomy":"product_cat","embeddable":true,"href":"https:\/\/www.libraria-occitana.org\/oc\/wp-json\/wp\/v2\/product_cat?post=37428"},{"taxonomy":"product_tag","embeddable":true,"href":"https:\/\/www.libraria-occitana.org\/oc\/wp-json\/wp\/v2\/product_tag?post=37428"}],"curies":[{"name":"wp","href":"https:\/\/api.w.org\/{rel}","templated":true}]}}