{"id":37449,"date":"2017-07-27T20:39:15","date_gmt":"2017-07-27T18:39:15","guid":{"rendered":"http:\/\/www.libraria-occitana.org\/produit\/la-petite-ville\/"},"modified":"2026-04-02T20:07:05","modified_gmt":"2026-04-02T18:07:05","slug":"la-petite-ville","status":"publish","type":"product","link":"https:\/\/www.libraria-occitana.org\/oc\/produch\/la-petite-ville\/","title":{"rendered":"La petite ville"},"content":{"rendered":"<p>Depuis la fermeture de son abattoir, de sa mine d\u2019or et de ses usines, la petite ville de Saint-Yrieix la Perche, situ\u00e9e en Haute-Vienne, conna\u00eet une d\u00e9prise d\u00e9mographique et \u00e9conomique. Les mutations du capitalisme ont produit une ville sans qualit\u00e9. Dans une enqu\u00eate anthropologique o\u00f9 se m\u00ealent m\u00e9lancoliquement l\u2019histoire intime du narrateur et l\u2019histoire sociale des habitants de Saint-Yrieix, \u00c9ric Chauvier revient sur les traces de son enfance.<\/p>\n","protected":false},"excerpt":{"rendered":"<p>Depuis la fermeture de son abattoir, de sa mine d\u2019or et de ses usines, la petite ville de Saint-Yrieix la Perche, situ\u00e9e en Haute-Vienne, conna\u00eet une d\u00e9prise d\u00e9mographique et \u00e9conomique. Les mutations du capitalisme ont produit une ville sans qualit\u00e9. Dans une enqu\u00eate anthropologique o\u00f9 se m\u00ealent m\u00e9lancoliquement l\u2019histoire intime du narrateur et l\u2019histoire sociale [&hellip;]<\/p>\n","protected":false},"featured_media":37360,"template":"","meta":{"_acf_changed":false,"_genesis_hide_title":false,"_genesis_hide_breadcrumbs":false,"_genesis_hide_singular_image":false,"_genesis_hide_footer_widgets":false,"_genesis_custom_body_class":"","_genesis_custom_post_class":"","_genesis_layout":""},"product_brand":[],"product_cat":[7133,7203],"product_tag":[],"class_list":{"0":"post-37449","1":"product","2":"type-product","3":"status-publish","4":"has-post-thumbnail","6":"product_cat-libres-oc","7":"product_cat-politica-sociologia-actualitat-oc","8":"pa_auteur-chauvier-eric-oc","9":"pa_editeur-editions-amsterdam-oc","10":"pa_langue-francais-oc","11":"entry","13":"first","14":"outofstock","15":"shipping-taxable","16":"purchasable","17":"product-type-simple"},"acf":[],"_links":{"self":[{"href":"https:\/\/www.libraria-occitana.org\/oc\/wp-json\/wp\/v2\/product\/37449","targetHints":{"allow":["GET"]}}],"collection":[{"href":"https:\/\/www.libraria-occitana.org\/oc\/wp-json\/wp\/v2\/product"}],"about":[{"href":"https:\/\/www.libraria-occitana.org\/oc\/wp-json\/wp\/v2\/types\/product"}],"wp:featuredmedia":[{"embeddable":true,"href":"https:\/\/www.libraria-occitana.org\/oc\/wp-json\/wp\/v2\/media\/37360"}],"wp:attachment":[{"href":"https:\/\/www.libraria-occitana.org\/oc\/wp-json\/wp\/v2\/media?parent=37449"}],"wp:term":[{"taxonomy":"product_brand","embeddable":true,"href":"https:\/\/www.libraria-occitana.org\/oc\/wp-json\/wp\/v2\/product_brand?post=37449"},{"taxonomy":"product_cat","embeddable":true,"href":"https:\/\/www.libraria-occitana.org\/oc\/wp-json\/wp\/v2\/product_cat?post=37449"},{"taxonomy":"product_tag","embeddable":true,"href":"https:\/\/www.libraria-occitana.org\/oc\/wp-json\/wp\/v2\/product_tag?post=37449"}],"curies":[{"name":"wp","href":"https:\/\/api.w.org\/{rel}","templated":true}]}}